{"id":16390,"date":"2021-02-21T14:27:08","date_gmt":"2021-02-21T14:27:08","guid":{"rendered":"https:\/\/www.autonvaraosahaku.fi\/?product=maxgear-27-0357-abs-keha"},"modified":"2021-02-21T14:27:10","modified_gmt":"2021-02-21T14:27:10","slug":"maxgear-27-0357-abs-keha","status":"publish","type":"product","link":"https:\/\/www.autonvaraosahaku.fi\/?product=maxgear-27-0357-abs-keha","title":{"rendered":"MAXGEAR 27-0357 ABS keh\u00e4"},"content":{"rendered":"<p>Sis\u00e4l\u00e4pimitta [mm]: 71,9; Leveys (mm): 8,6; Hammasluku, ABS-keh\u00e4: 48; Ulkol\u00e4pimitta [mm]: 81,5; Asennuspuoli: Vorderachse; VOLVO: V70 II SW,XC90 I,V70 I LV,S60 I,850 Kombi LW,V70 III BW,S80 I TS, XY,XC70 CROSS COUNTRY,XC70 II,S60 II,C70 I Cabriolet,C70 I Coupe,850 LS,S70 LS; ABS Hammaskeh\u00e4,ABS Rengas,Anturirengas, ABS<\/p>\n","protected":false},"excerpt":{"rendered":"<p>MAXGEAR ABS Keh\u00e4 27-0357 ABS Hammaskeh\u00e4,ABS Rengas VOLVO,V70 II SW,XC90 I,V70 I LV,S60 I,850 Kombi LW,V70 III BW,S80 I TS, XY,XC70 CROSS COUNTRY<\/p>\n","protected":false},"featured_media":0,"template":"","meta":{"site-sidebar-layout":"default","site-content-layout":"default","ast-global-header-display":"","ast-main-header-display":"","ast-hfb-above-header-display":"","ast-hfb-below-header-display":"","ast-hfb-mobile-header-display":"","site-post-title":"","ast-breadcrumbs-content":"","ast-featured-img":"","footer-sml-layout":"","theme-transparent-header-meta":"","adv-header-id-meta":"","stick-header-meta":"","header-above-stick-meta":"","header-main-stick-meta":"","header-below-stick-meta":""},"pwb-brand":[48],"product_cat":[273],"product_tag":[],"class_list":{"0":"post-16390","1":"product","2":"type-product","3":"status-publish","5":"pwb-brand-maxgear","6":"product_cat-abs-keha","7":"desktop-align-left","8":"tablet-align-left","9":"mobile-align-left","11":"first","12":"instock","13":"product-type-external"},"brands":[{"id":48,"name":"MAXGEAR","slug":"maxgear"}],"_links":{"self":[{"href":"https:\/\/www.autonvaraosahaku.fi\/index.php?rest_route=\/wp\/v2\/product\/16390","targetHints":{"allow":["GET"]}}],"collection":[{"href":"https:\/\/www.autonvaraosahaku.fi\/index.php?rest_route=\/wp\/v2\/product"}],"about":[{"href":"https:\/\/www.autonvaraosahaku.fi\/index.php?rest_route=\/wp\/v2\/types\/product"}],"wp:attachment":[{"href":"https:\/\/www.autonvaraosahaku.fi\/index.php?rest_route=%2Fwp%2Fv2%2Fmedia&parent=16390"}],"wp:term":[{"taxonomy":"pwb-brand","embeddable":true,"href":"https:\/\/www.autonvaraosahaku.fi\/index.php?rest_route=%2Fwp%2Fv2%2Fpwb-brand&post=16390"},{"taxonomy":"product_cat","embeddable":true,"href":"https:\/\/www.autonvaraosahaku.fi\/index.php?rest_route=%2Fwp%2Fv2%2Fproduct_cat&post=16390"},{"taxonomy":"product_tag","embeddable":true,"href":"https:\/\/www.autonvaraosahaku.fi\/index.php?rest_route=%2Fwp%2Fv2%2Fproduct_tag&post=16390"}],"curies":[{"name":"wp","href":"https:\/\/api.w.org\/{rel}","templated":true}]}}