{"id":16398,"date":"2021-02-21T14:27:08","date_gmt":"2021-02-21T14:27:08","guid":{"rendered":"https:\/\/www.autonvaraosahaku.fi\/?product=dt-4-68896-muut-luokat"},"modified":"2021-02-21T14:27:10","modified_gmt":"2021-02-21T14:27:10","slug":"dt-4-68896-muut-luokat","status":"publish","type":"product","link":"https:\/\/www.autonvaraosahaku.fi\/?product=dt-4-68896-muut-luokat","title":{"rendered":"DT 4.68896 Muut luokat"},"content":{"rendered":"<p>Paino [g]: 10; Sis\u00e4l\u00e4pimitta [mm]: 14,5; Ulkol\u00e4pimitta [mm]: 23; Korkeus (mm): 6; MERCEDES-BENZ: T2\/L Kasten\/Kombi,SPRINTER 4-t Pritsche\/Fahrgestell 904,SPRINTER 4-t Kasten 904,T2\/L Pritsche\/Fahrgestell,SPRINTER 4-t Bus 904,SPRINTER 5-t Pritsche\/Fahrgestell 905,T2\/L Kipper,ACTROS,ACTROS MP2 \/ MP3,ATEGO,AXOR,CITARO (O 530),CITO (O 520),CONECTO (O 345),ECONIC,LK\/LN2,LP,MK,NG,O 100,O 301,O 302,O 303,O 305,O 307,O 309,O 317,O 340,O 402,O 404,O 405,O 407,O 408,SK,TOURINO (O 510),TOURISMO (O 350),TRAVEGO (O 580),UNIMOG; VOLVO: F10,F12,F16,F4,F6,F7,F80,FH12,FH16,FL,FL10,FL12,FL4,FL6,FL7,FLC,FM12,FM7,FM9,FS7,NH12; MAN: EL,EM,F2000,F90,F90 Unterflur,G,G90,L2000,LION\u00b4S COACH,LION\u00b4S COMFORT,LION\u00b4S STAR,M 2000 L,M 2000 M,M90,NG,NL,NM,N\u00dc,R,SD,SG,SL,SL II,SM,SR,S\u00dc,TGA,\u00dcL; 5104538AA, 074361014351, 074361014352, 074361014353, 9019900047<\/p>\n","protected":false},"excerpt":{"rendered":"<p>DT Keskitysrengas, Vanne 4.68896  MERCEDES-BENZ,VOLVO,MAN,T2\/L Kasten\/Kombi,SPRINTER 4-t Pritsche\/Fahrgestell 904,SPRINTER 4-t Kasten 904<\/p>\n","protected":false},"featured_media":0,"template":"","meta":{"site-sidebar-layout":"default","site-content-layout":"default","ast-global-header-display":"","ast-main-header-display":"","ast-hfb-above-header-display":"","ast-hfb-below-header-display":"","ast-hfb-mobile-header-display":"","site-post-title":"","ast-breadcrumbs-content":"","ast-featured-img":"","footer-sml-layout":"","theme-transparent-header-meta":"","adv-header-id-meta":"","stick-header-meta":"","header-above-stick-meta":"","header-main-stick-meta":"","header-below-stick-meta":""},"pwb-brand":[75],"product_cat":[37],"product_tag":[],"class_list":{"0":"post-16398","1":"product","2":"type-product","3":"status-publish","5":"pwb-brand-dt","6":"product_cat-muut-luokat","7":"desktop-align-left","8":"tablet-align-left","9":"mobile-align-left","11":"first","12":"instock","13":"product-type-external"},"brands":[{"id":75,"name":"DT","slug":"dt"}],"_links":{"self":[{"href":"https:\/\/www.autonvaraosahaku.fi\/index.php?rest_route=\/wp\/v2\/product\/16398","targetHints":{"allow":["GET"]}}],"collection":[{"href":"https:\/\/www.autonvaraosahaku.fi\/index.php?rest_route=\/wp\/v2\/product"}],"about":[{"href":"https:\/\/www.autonvaraosahaku.fi\/index.php?rest_route=\/wp\/v2\/types\/product"}],"wp:attachment":[{"href":"https:\/\/www.autonvaraosahaku.fi\/index.php?rest_route=%2Fwp%2Fv2%2Fmedia&parent=16398"}],"wp:term":[{"taxonomy":"pwb-brand","embeddable":true,"href":"https:\/\/www.autonvaraosahaku.fi\/index.php?rest_route=%2Fwp%2Fv2%2Fpwb-brand&post=16398"},{"taxonomy":"product_cat","embeddable":true,"href":"https:\/\/www.autonvaraosahaku.fi\/index.php?rest_route=%2Fwp%2Fv2%2Fproduct_cat&post=16398"},{"taxonomy":"product_tag","embeddable":true,"href":"https:\/\/www.autonvaraosahaku.fi\/index.php?rest_route=%2Fwp%2Fv2%2Fproduct_tag&post=16398"}],"curies":[{"name":"wp","href":"https:\/\/api.w.org\/{rel}","templated":true}]}}