{"id":16399,"date":"2021-02-21T14:27:12","date_gmt":"2021-02-21T14:27:12","guid":{"rendered":"https:\/\/www.autonvaraosahaku.fi\/?product=topran-723-883-tiivisteet"},"modified":"2021-02-21T14:27:12","modified_gmt":"2021-02-21T14:27:12","slug":"topran-723-883-tiivisteet","status":"publish","type":"product","link":"https:\/\/www.autonvaraosahaku.fi\/?product=topran-723-883-tiivisteet","title":{"rendered":"TOPRAN 723 883 Tiivisteet"},"content":{"rendered":"<p>Materiaali: Kupari; Sis\u00e4l\u00e4pimitta [mm]: 12; Ulkol\u00e4pimitta [mm]: 18; Paksuus [mm]: 3; Ahtotapa: Pakokaasuahdin; Moottorinumero: DW10CTED4(DTR) \/ RH0; FORD: FIESTA VI,FOCUS C-MAX; PEUGEOT: 206 CC 2D,207 WA_, WC_,307 SW 3H,207 CC WD_,407 SW 6E_,307 3A\/C,207 SW WK_,107,308 SW,206 SW 2E\/K,807 E,308 4A_, 4C_,5008,307 Break 3E,508 SW,407 6D_,3008,PARTNER Tepee,RCZ,308 CC,1007 KM_,PARTNER Combispace 5F,PARTNER Kasten 5,508,EXPERT Tepee VF3V_,EXPERT Kasten VF3A_, VF3U_, VF3X_,PARTNER Kasten,BIPPER AA_,BIPPER Tepee,EXPERT Pritsche\/Fahrgestell; CITRO\u00cbN: C1 PM_, PN_,BERLINGO MF,XSARA PICASSO N68,C2 JM_,C3 I FC_,BERLINGO B9,C5 III Break TD_,C4 Picasso I UD_,C4 Grand Picasso I UA_,C8 EA_, EB_,C4 I LC_,BERLINGO Kasten M_,C3 Picasso,C5 III RD_,C3 II,C3 Pluriel HB_,C4 II B7,JUMPY,BERLINGO Kasten B9,JUMPY Kasten,DS4,NEMO Kasten AA_,DS5,NEMO Kombi,JUMPY Pritsche\/Fahrgestell; MAZDA: 3 BK,2 DE,3 BL,3 Stufenheck BK,3 Stufenheck BL; DS: DS5; 015708, 015708, 1232215, 3M5Q9P431AA, Y60113710, 015708<\/p>\n","protected":false},"excerpt":{"rendered":"<p>TOPRAN Tiiviste, Turboahdin 723 883  FORD,PEUGEOT,CITRO\u00cbN,FIESTA VI,FOCUS C-MAX,206 CC 2D,207 WA_, WC_,307 SW 3H,207 CC WD_,407 SW 6E_,307 3A\/C<\/p>\n","protected":false},"featured_media":0,"template":"","meta":{"site-sidebar-layout":"default","site-content-layout":"default","ast-global-header-display":"","ast-main-header-display":"","ast-hfb-above-header-display":"","ast-hfb-below-header-display":"","ast-hfb-mobile-header-display":"","site-post-title":"","ast-breadcrumbs-content":"","ast-featured-img":"","footer-sml-layout":"","theme-transparent-header-meta":"","adv-header-id-meta":"","stick-header-meta":"","header-above-stick-meta":"","header-main-stick-meta":"","header-below-stick-meta":""},"pwb-brand":[18],"product_cat":[27],"product_tag":[],"class_list":{"0":"post-16399","1":"product","2":"type-product","3":"status-publish","5":"pwb-brand-topran","6":"product_cat-tiivisteet","7":"desktop-align-left","8":"tablet-align-left","9":"mobile-align-left","11":"first","12":"instock","13":"product-type-external"},"brands":[{"id":18,"name":"TOPRAN","slug":"topran"}],"_links":{"self":[{"href":"https:\/\/www.autonvaraosahaku.fi\/index.php?rest_route=\/wp\/v2\/product\/16399","targetHints":{"allow":["GET"]}}],"collection":[{"href":"https:\/\/www.autonvaraosahaku.fi\/index.php?rest_route=\/wp\/v2\/product"}],"about":[{"href":"https:\/\/www.autonvaraosahaku.fi\/index.php?rest_route=\/wp\/v2\/types\/product"}],"wp:attachment":[{"href":"https:\/\/www.autonvaraosahaku.fi\/index.php?rest_route=%2Fwp%2Fv2%2Fmedia&parent=16399"}],"wp:term":[{"taxonomy":"pwb-brand","embeddable":true,"href":"https:\/\/www.autonvaraosahaku.fi\/index.php?rest_route=%2Fwp%2Fv2%2Fpwb-brand&post=16399"},{"taxonomy":"product_cat","embeddable":true,"href":"https:\/\/www.autonvaraosahaku.fi\/index.php?rest_route=%2Fwp%2Fv2%2Fproduct_cat&post=16399"},{"taxonomy":"product_tag","embeddable":true,"href":"https:\/\/www.autonvaraosahaku.fi\/index.php?rest_route=%2Fwp%2Fv2%2Fproduct_tag&post=16399"}],"curies":[{"name":"wp","href":"https:\/\/api.w.org\/{rel}","templated":true}]}}