{"id":16402,"date":"2021-02-21T14:27:12","date_gmt":"2021-02-21T14:27:12","guid":{"rendered":"https:\/\/www.autonvaraosahaku.fi\/?product=topran-503-116-jakoketjun-kiristin"},"modified":"2021-02-21T14:27:12","modified_gmt":"2021-02-21T14:27:12","slug":"topran-503-116-jakoketjun-kiristin","status":"publish","type":"product","link":"https:\/\/www.autonvaraosahaku.fi\/?product=topran-503-116-jakoketjun-kiristin","title":{"rendered":"TOPRAN 503 116 Jakoketjun kiristin"},"content":{"rendered":"<p>Apulaitteet: Nokka-akseli; Ruuvikanta\/mutteriprofiili: Kuusioruuvi \/-mutteri; Lis\u00e4tarvike\/lis\u00e4tieto: Tiivisteill\u00e4; K\u00e4ytt\u00f6: Hydraulinen; Moottorinumero: 320i; BMW: 3 E46,5 E39,5 E60,5 Touring E61,3 Touring E46,X3 E83,5 Touring E39,3 Compact E46,3 Coupe E46,3 Compact E36,3 E36,X5 E53,3 Cabriolet E46,7 E38,3 Coupe E36,Z3 E36,Z4 E85,5 E34,7 E65, E66, E67,3 Cabriolet E36,3 Touring E36,5 Touring E34,Z3 Coupe E36; 11311703746, 1703746; Nokkaketjun Kiristin,Kiristyslaite, Jakoketju<\/p>\n","protected":false},"excerpt":{"rendered":"<p>TOPRAN Jakoketjun Kiristin 503 116 Nokkaketjun Kiristin,Kiristyslaite, Jakoketju BMW,3 E46,5 E39,5 E60,5 Touring E61,3 Touring E46,X3 E83<\/p>\n","protected":false},"featured_media":0,"template":"","meta":{"site-sidebar-layout":"default","site-content-layout":"default","ast-global-header-display":"","ast-main-header-display":"","ast-hfb-above-header-display":"","ast-hfb-below-header-display":"","ast-hfb-mobile-header-display":"","site-post-title":"","ast-breadcrumbs-content":"","ast-featured-img":"","footer-sml-layout":"","theme-transparent-header-meta":"","adv-header-id-meta":"","stick-header-meta":"","header-above-stick-meta":"","header-main-stick-meta":"","header-below-stick-meta":""},"pwb-brand":[18],"product_cat":[404],"product_tag":[],"class_list":{"0":"post-16402","1":"product","2":"type-product","3":"status-publish","5":"pwb-brand-topran","6":"product_cat-jakoketjun-kiristin","7":"desktop-align-left","8":"tablet-align-left","9":"mobile-align-left","11":"first","12":"instock","13":"product-type-external"},"brands":[{"id":18,"name":"TOPRAN","slug":"topran"}],"_links":{"self":[{"href":"https:\/\/www.autonvaraosahaku.fi\/index.php?rest_route=\/wp\/v2\/product\/16402","targetHints":{"allow":["GET"]}}],"collection":[{"href":"https:\/\/www.autonvaraosahaku.fi\/index.php?rest_route=\/wp\/v2\/product"}],"about":[{"href":"https:\/\/www.autonvaraosahaku.fi\/index.php?rest_route=\/wp\/v2\/types\/product"}],"wp:attachment":[{"href":"https:\/\/www.autonvaraosahaku.fi\/index.php?rest_route=%2Fwp%2Fv2%2Fmedia&parent=16402"}],"wp:term":[{"taxonomy":"pwb-brand","embeddable":true,"href":"https:\/\/www.autonvaraosahaku.fi\/index.php?rest_route=%2Fwp%2Fv2%2Fpwb-brand&post=16402"},{"taxonomy":"product_cat","embeddable":true,"href":"https:\/\/www.autonvaraosahaku.fi\/index.php?rest_route=%2Fwp%2Fv2%2Fproduct_cat&post=16402"},{"taxonomy":"product_tag","embeddable":true,"href":"https:\/\/www.autonvaraosahaku.fi\/index.php?rest_route=%2Fwp%2Fv2%2Fproduct_tag&post=16402"}],"curies":[{"name":"wp","href":"https:\/\/api.w.org\/{rel}","templated":true}]}}