{"id":16423,"date":"2021-02-21T14:27:15","date_gmt":"2021-02-21T14:27:15","guid":{"rendered":"https:\/\/www.autonvaraosahaku.fi\/?product=jp-group-3863700610-jarrupalat"},"modified":"2021-02-21T14:27:16","modified_gmt":"2021-02-21T14:27:16","slug":"jp-group-3863700610-jarrupalat","status":"publish","type":"product","link":"https:\/\/www.autonvaraosahaku.fi\/?product=jp-group-3863700610-jarrupalat","title":{"rendered":"JP GROUP 3863700610 Jarrupalat"},"content":{"rendered":"<p>Asennuspuoli: Taka-akseli; Paksuus [mm]: 13; Kulumisenilmaisimen liitos: Ilman kulumisenilmaisinta; Jarruj\u00e4rjestelm\u00e4: Akebono; M\u00e4\u00e4r\u00e4yksikk\u00f6: Akselisarja; Valmistusvuosi alkaen: 09\/1983; MAZDA: 6 Station Wagon GY,6 Kombi GH,323 F VI BJ,PREMACY CP,6 Hatchback GG,6 GG,6 Schr\u00e4gheck GH,626 V Hatchback GF,6 GH,626 V GF,626 V Station Wagon GW,FAMILIA VI BJ,RX 7 II FC,RX 7 I SA,626 III Station Wagon GV,RX 7 III FD,RX 7 II Cabriolet; B6Y82643Z, B6Y82643ZA, FA6749280, FAY63328Z9A, FB0649280, FB712628Z, FB712628ZA, FDY12643Z, FDY12643ZA, GEYC2643Z, GEYC2643ZA, GEYC2648Z, GEYC2648ZA, GEYC2648ZB, GEYT2643Z, GGYB2643Z, GGYB2648Z, GGYM2643Z, GGYM2648Z, GJYA2643Z, GJYA2648Z, GJYB2643Z, GJYB2648Z, GJYB2648Z9C, GJYB2648ZA; Jarrupalasarja,Jarrupala, Levyjarru<\/p>\n","protected":false},"excerpt":{"rendered":"<p>JP GROUP Jarrupalat JP Group 3863700610 Jarrupalasarja,Jarrupala, Levyjarru MAZDA,6 Station Wagon GY,6 Kombi GH,323 F VI BJ,PREMACY CP,6 Hatchback GG<\/p>\n","protected":false},"featured_media":0,"template":"","meta":{"site-sidebar-layout":"default","site-content-layout":"default","ast-global-header-display":"","ast-main-header-display":"","ast-hfb-above-header-display":"","ast-hfb-below-header-display":"","ast-hfb-mobile-header-display":"","site-post-title":"","ast-breadcrumbs-content":"","ast-featured-img":"","footer-sml-layout":"","theme-transparent-header-meta":"","adv-header-id-meta":"","stick-header-meta":"","header-above-stick-meta":"","header-main-stick-meta":"","header-below-stick-meta":""},"pwb-brand":[131],"product_cat":[100],"product_tag":[],"class_list":{"0":"post-16423","1":"product","2":"type-product","3":"status-publish","5":"pwb-brand-jp-group","6":"product_cat-jarrupalat","7":"desktop-align-left","8":"tablet-align-left","9":"mobile-align-left","11":"first","12":"instock","13":"product-type-external"},"brands":[{"id":131,"name":"JP GROUP","slug":"jp-group"}],"_links":{"self":[{"href":"https:\/\/www.autonvaraosahaku.fi\/index.php?rest_route=\/wp\/v2\/product\/16423","targetHints":{"allow":["GET"]}}],"collection":[{"href":"https:\/\/www.autonvaraosahaku.fi\/index.php?rest_route=\/wp\/v2\/product"}],"about":[{"href":"https:\/\/www.autonvaraosahaku.fi\/index.php?rest_route=\/wp\/v2\/types\/product"}],"wp:attachment":[{"href":"https:\/\/www.autonvaraosahaku.fi\/index.php?rest_route=%2Fwp%2Fv2%2Fmedia&parent=16423"}],"wp:term":[{"taxonomy":"pwb-brand","embeddable":true,"href":"https:\/\/www.autonvaraosahaku.fi\/index.php?rest_route=%2Fwp%2Fv2%2Fpwb-brand&post=16423"},{"taxonomy":"product_cat","embeddable":true,"href":"https:\/\/www.autonvaraosahaku.fi\/index.php?rest_route=%2Fwp%2Fv2%2Fproduct_cat&post=16423"},{"taxonomy":"product_tag","embeddable":true,"href":"https:\/\/www.autonvaraosahaku.fi\/index.php?rest_route=%2Fwp%2Fv2%2Fproduct_tag&post=16423"}],"curies":[{"name":"wp","href":"https:\/\/api.w.org\/{rel}","templated":true}]}}