{"id":16430,"date":"2021-02-21T14:27:15","date_gmt":"2021-02-21T14:27:15","guid":{"rendered":"https:\/\/www.autonvaraosahaku.fi\/?product=diederichs-lid10090-lamput-hehkulamppu"},"modified":"2021-02-21T14:27:17","modified_gmt":"2021-02-21T14:27:17","slug":"diederichs-lid10090-lamput-hehkulamppu","status":"publish","type":"product","link":"https:\/\/www.autonvaraosahaku.fi\/?product=diederichs-lid10090-lamput-hehkulamppu","title":{"rendered":"DIEDERICHS LID10090 Lamput (hehkulamppu)"},"content":{"rendered":"<p>J\u00e4nnite (V): 12; Nimellisteho (W): 3; Lamppumalli: W3W; Kantamalli: W2,1&#215;9,5d, W2,1&#215;9,5d; M\u00e4\u00e4r\u00e4yksikk\u00f6: Pakkausyksikk\u00f6; VW: PASSAT Variant 3C5,TIGUAN 5N_,GOLF VII 5G1, BE1,TOURAN 1T3,TOUAREG 7LA, 7L6, 7L7,SCIROCCO 137, 138,SHARAN 7N1, 7N2,GOLF SPORTSVAN AM1,GOLF ALLTRACK BA5; AUDI: A6 Avant 4F5, C6,A3 8P1,A3 Sportback 8PA,A4 Avant 8ED, B7,A4 Avant 8E5, B6,A4 8E2, B6,Q5 8R,A6 4F2, C6,A4 Cabriolet 8H7, B6, 8HE, B7,A4 8EC, B7,A6 Allroad 4FH, C6,TT Roadster 8N9; SKODA: OCTAVIA Combi 1Z5,FABIA Combi,RAPID Spaceback NH1,RAPID NH3,FABIA NJ3; SEAT: EXEO 3R2; CHEVROLET: CORVETTE C6,CORVETTE C5,CAMARO F,CORVETTE Convertible,CAMARO Convertible F; LADA: SAMARA 2108, 2109, 2115, 2113, 2114,SAMARA Stufenheck 21099, 2115; NISSAN: PRIMERA P11,PRIMERA P12,PRIMERA Traveller WP11,PRIMERA Hatchback P11,PRIMERA Hatchback P12,PATROL GR II Wagon Y61; KIA: SORENTO I JC; VOLVO: V40 Kombi VW,V70 II SW,S80 I TS, XY,S40 I VS,C70 I Cabriolet,C70 I Coupe,340-360 343, 345; MERCEDES-BENZ: 190 W201,Stufenheck W124,Stufenheck W123,S-CLASS W126,E-CLASS W124; N0177522, A0005446794, A6315440094, N072601012240, N0177522<\/p>\n","protected":false},"excerpt":{"rendered":"<p>DIEDERICHS Polttimo, Vilkkuvalo LID10090  VW,AUDI,SKODA,PASSAT Variant 3C5,TIGUAN 5N_,GOLF VII 5G1, BE1,TOURAN 1T3,TOUAREG 7LA, 7L6, 7L7<\/p>\n","protected":false},"featured_media":0,"template":"","meta":{"site-sidebar-layout":"default","site-content-layout":"default","ast-global-header-display":"","ast-main-header-display":"","ast-hfb-above-header-display":"","ast-hfb-below-header-display":"","ast-hfb-mobile-header-display":"","site-post-title":"","ast-breadcrumbs-content":"","ast-featured-img":"","footer-sml-layout":"","theme-transparent-header-meta":"","adv-header-id-meta":"","stick-header-meta":"","header-above-stick-meta":"","header-main-stick-meta":"","header-below-stick-meta":""},"pwb-brand":[227],"product_cat":[151],"product_tag":[],"class_list":{"0":"post-16430","1":"product","2":"type-product","3":"status-publish","5":"pwb-brand-diederichs","6":"product_cat-lamput-hehkulamppu","7":"desktop-align-left","8":"tablet-align-left","9":"mobile-align-left","11":"first","12":"instock","13":"product-type-external"},"brands":[{"id":227,"name":"DIEDERICHS","slug":"diederichs"}],"_links":{"self":[{"href":"https:\/\/www.autonvaraosahaku.fi\/index.php?rest_route=\/wp\/v2\/product\/16430","targetHints":{"allow":["GET"]}}],"collection":[{"href":"https:\/\/www.autonvaraosahaku.fi\/index.php?rest_route=\/wp\/v2\/product"}],"about":[{"href":"https:\/\/www.autonvaraosahaku.fi\/index.php?rest_route=\/wp\/v2\/types\/product"}],"wp:attachment":[{"href":"https:\/\/www.autonvaraosahaku.fi\/index.php?rest_route=%2Fwp%2Fv2%2Fmedia&parent=16430"}],"wp:term":[{"taxonomy":"pwb-brand","embeddable":true,"href":"https:\/\/www.autonvaraosahaku.fi\/index.php?rest_route=%2Fwp%2Fv2%2Fpwb-brand&post=16430"},{"taxonomy":"product_cat","embeddable":true,"href":"https:\/\/www.autonvaraosahaku.fi\/index.php?rest_route=%2Fwp%2Fv2%2Fproduct_cat&post=16430"},{"taxonomy":"product_tag","embeddable":true,"href":"https:\/\/www.autonvaraosahaku.fi\/index.php?rest_route=%2Fwp%2Fv2%2Fproduct_tag&post=16430"}],"curies":[{"name":"wp","href":"https:\/\/api.w.org\/{rel}","templated":true}]}}