{"id":16446,"date":"2021-02-21T14:27:19","date_gmt":"2021-02-21T14:27:19","guid":{"rendered":"https:\/\/www.autonvaraosahaku.fi\/?product=febi-bilstein-103086-jaahdytysnesteen-laippa"},"modified":"2021-02-21T14:27:20","modified_gmt":"2021-02-21T14:27:20","slug":"febi-bilstein-103086-jaahdytysnesteen-laippa","status":"publish","type":"product","link":"https:\/\/www.autonvaraosahaku.fi\/?product=febi-bilstein-103086-jaahdytysnesteen-laippa","title":{"rendered":"FEBI BILSTEIN 103086 J\u00e4\u00e4hdytysnesteen laippa"},"content":{"rendered":"<p>Liittimi\u00e4: 2; Paino [kg]: 0,19, 0,19; Lis\u00e4tarvike\/lis\u00e4tieto: Tiivisteill\u00e4; Huomioi tekniset tiedot: ; OPEL: CORSA D,ASTRA J Sports Tourer,INSIGNIA Caravan,ASTRA J,MERIVA B,ZAFIRA TOURER C P12,MOKKA,ADAM,INSIGNIA,INSIGNIA Stufenheck,ASTRA GTC J,ASTRA J Stufenheck,CORSA D Van,CASCADA W13,CORSA E; CHEVROLET: ORLANDO J309,CRUZE J300,CRUZE Station Wagon J308; VAUXHALL: CORSA Mk III D L_8,INSIGNIA Mk I A,ADAM,INSIGNIA Mk I A Estate,ZAFIRA Mk III P12,ASTRA Mk VI J CC,INSIGNIA Mk I A Sedan,ASTRA Mk VI J,MERIVA Mk II B,ASTRA Mk VI J Sedan,ASTRA Mk VI J Estate,MOKKA,CORSA Mk IV E; 25193922, 25193922, 01338030, 01338489, 1338030, 1338489, 025193922, 055565334, 25193922, 55565334<\/p>\n","protected":false},"excerpt":{"rendered":"<p>FEBI BILSTEIN J\u00e4\u00e4hdytysnesteen Laippa 103086  OPEL,CHEVROLET,VAUXHALL,CORSA D,ASTRA J Sports Tourer,INSIGNIA Caravan,ASTRA J,MERIVA B<\/p>\n","protected":false},"featured_media":0,"template":"","meta":{"site-sidebar-layout":"default","site-content-layout":"default","ast-global-header-display":"","ast-main-header-display":"","ast-hfb-above-header-display":"","ast-hfb-below-header-display":"","ast-hfb-mobile-header-display":"","site-post-title":"","ast-breadcrumbs-content":"","ast-featured-img":"","footer-sml-layout":"","theme-transparent-header-meta":"","adv-header-id-meta":"","stick-header-meta":"","header-above-stick-meta":"","header-main-stick-meta":"","header-below-stick-meta":""},"pwb-brand":[50],"product_cat":[207],"product_tag":[],"class_list":{"0":"post-16446","1":"product","2":"type-product","3":"status-publish","5":"pwb-brand-febi-bilstein","6":"product_cat-jaahdytysnesteen-laippa","7":"desktop-align-left","8":"tablet-align-left","9":"mobile-align-left","11":"first","12":"instock","13":"product-type-external"},"brands":[{"id":50,"name":"FEBI BILSTEIN","slug":"febi-bilstein"}],"_links":{"self":[{"href":"https:\/\/www.autonvaraosahaku.fi\/index.php?rest_route=\/wp\/v2\/product\/16446","targetHints":{"allow":["GET"]}}],"collection":[{"href":"https:\/\/www.autonvaraosahaku.fi\/index.php?rest_route=\/wp\/v2\/product"}],"about":[{"href":"https:\/\/www.autonvaraosahaku.fi\/index.php?rest_route=\/wp\/v2\/types\/product"}],"wp:attachment":[{"href":"https:\/\/www.autonvaraosahaku.fi\/index.php?rest_route=%2Fwp%2Fv2%2Fmedia&parent=16446"}],"wp:term":[{"taxonomy":"pwb-brand","embeddable":true,"href":"https:\/\/www.autonvaraosahaku.fi\/index.php?rest_route=%2Fwp%2Fv2%2Fpwb-brand&post=16446"},{"taxonomy":"product_cat","embeddable":true,"href":"https:\/\/www.autonvaraosahaku.fi\/index.php?rest_route=%2Fwp%2Fv2%2Fproduct_cat&post=16446"},{"taxonomy":"product_tag","embeddable":true,"href":"https:\/\/www.autonvaraosahaku.fi\/index.php?rest_route=%2Fwp%2Fv2%2Fproduct_tag&post=16446"}],"curies":[{"name":"wp","href":"https:\/\/api.w.org\/{rel}","templated":true}]}}