{"id":16464,"date":"2021-02-21T14:27:22","date_gmt":"2021-02-21T14:27:22","guid":{"rendered":"https:\/\/www.autonvaraosahaku.fi\/?product=magneti-marelli-062000777304-sytytystulpat"},"modified":"2021-02-21T14:27:23","modified_gmt":"2021-02-21T14:27:23","slug":"magneti-marelli-062000777304-sytytystulpat","status":"publish","type":"product","link":"https:\/\/www.autonvaraosahaku.fi\/?product=magneti-marelli-062000777304-sytytystulpat","title":{"rendered":"MAGNETI MARELLI 062000777304 Sytytystulpat"},"content":{"rendered":"<p>Sytytystulppa: 1-maaelektroodi, Vastuksella; K\u00e4rkiv\u00e4li (mm): 1; Kierremitta: M14; Kierteen pituus (mm): 19; Avainv\u00e4li: 16; Korvaava tuote\/korvaava tiedote 2: suoralla istukalla; TECDOC-moottorinumero: 4568; MAZDA: PREMACY CP; KIA: PICANTO BA,CEE&#8217;D SW ED,CEE&#8217;D Schr\u00e4gheck ED,SPORTAGE JE_, KM_,CARENS II FJ,RIO II JB,CARENS III UN,PRO CEE&#8217;D ED,CERATO LD,MAGENTIS MG,CERATO Stufenheck LD,RIO II Stufenheck JB; HYUNDAI: i30 FD,GETZ TB,i10 PA,TUCSON JM,i30 CW FD,MATRIX FC,COUPE GK,ATOS MX,TRAJET FO,SONATA V NF,ACCENT II LC,COUPE RD,ACCENT III MC,ELANTRA XD,ACCENT III Stufenheck MC,ELANTRA Stufenheck XD,ACCENT I X-3,ACCENT II Stufenheck LC,LANTRA II Wagon J-2,LANTRA II J-2,ACCENT Stufenheck X-3,GALLOPER I,S COUPE SLC; INFINITI: QX4; MITSUBISHI: L 300 Pritsche\/Fahrgestell P1_T; 9004851157, 9004851158, 9004851158000, 9004851158008, PBP11811AA, SMS851387, 92123764, 9807955148, 9807955149, 980795514E, 980795514EH0, 980795514EHE, 980795515E, 980795515E01, 980795515J, 980795515J01, 980796082701, 1881408051, 1881411041, 1881411051, 1882308101, 1882311101, 18823111012, 1882708085, 1882911050, 1883708051, Y1882311101, 224011F720, 2240150Y05, 2240150Y05Q0, 2240150Y05VA, 2240150Y05W0, 2240150Y75, 2240150Y75W0, 5860076350, 5861217490, 5861239510, 0K1DC18110, 1881411051, K1DC18110, 9004851158, 9009866047, 000018BP01, 18BP01, 1Y0918110, B6B318110, BP0118110, BP0218110, BP1118110, BP1218110, BP1318110, BP1318110A, BPY118110, BPY218110, PBP0118110AA, 0031593003, 0031594103, 0031594203, 0031595403, 0031596703, 0031596803, 31593003, 31594103, 31594203, 31595403, 31596703, 31596803, A0031593003, A0031594103, A0031594203, A0031595403, A0031596703, A0031596803, 1822A018, CW359146, MD344180, MS851357, MS851361, MS851377, MS851387, MS851572, MS851727, MS851731, 2240101P15, 22401&#8230;; Tulpat,Sytytystulppa<\/p>\n","protected":false},"excerpt":{"rendered":"<p>MAGNETI MARELLI Sytytystulpat 062000777304 Tulpat,Sytytystulppa MAZDA,KIA,HYUNDAI,PREMACY CP,PICANTO BA,CEE&#8217;D SW ED,CEE&#8217;D Schr\u00e4gheck ED<\/p>\n","protected":false},"featured_media":0,"template":"","meta":{"site-sidebar-layout":"default","site-content-layout":"default","ast-global-header-display":"","ast-main-header-display":"","ast-hfb-above-header-display":"","ast-hfb-below-header-display":"","ast-hfb-mobile-header-display":"","site-post-title":"","ast-breadcrumbs-content":"","ast-featured-img":"","footer-sml-layout":"","theme-transparent-header-meta":"","adv-header-id-meta":"","stick-header-meta":"","header-above-stick-meta":"","header-main-stick-meta":"","header-below-stick-meta":""},"pwb-brand":[34],"product_cat":[165],"product_tag":[],"class_list":{"0":"post-16464","1":"product","2":"type-product","3":"status-publish","5":"pwb-brand-magneti-marelli","6":"product_cat-sytytystulpat","7":"desktop-align-left","8":"tablet-align-left","9":"mobile-align-left","11":"first","12":"instock","13":"product-type-external"},"brands":[{"id":34,"name":"MAGNETI MARELLI","slug":"magneti-marelli"}],"_links":{"self":[{"href":"https:\/\/www.autonvaraosahaku.fi\/index.php?rest_route=\/wp\/v2\/product\/16464","targetHints":{"allow":["GET"]}}],"collection":[{"href":"https:\/\/www.autonvaraosahaku.fi\/index.php?rest_route=\/wp\/v2\/product"}],"about":[{"href":"https:\/\/www.autonvaraosahaku.fi\/index.php?rest_route=\/wp\/v2\/types\/product"}],"wp:attachment":[{"href":"https:\/\/www.autonvaraosahaku.fi\/index.php?rest_route=%2Fwp%2Fv2%2Fmedia&parent=16464"}],"wp:term":[{"taxonomy":"pwb-brand","embeddable":true,"href":"https:\/\/www.autonvaraosahaku.fi\/index.php?rest_route=%2Fwp%2Fv2%2Fpwb-brand&post=16464"},{"taxonomy":"product_cat","embeddable":true,"href":"https:\/\/www.autonvaraosahaku.fi\/index.php?rest_route=%2Fwp%2Fv2%2Fproduct_cat&post=16464"},{"taxonomy":"product_tag","embeddable":true,"href":"https:\/\/www.autonvaraosahaku.fi\/index.php?rest_route=%2Fwp%2Fv2%2Fproduct_tag&post=16464"}],"curies":[{"name":"wp","href":"https:\/\/api.w.org\/{rel}","templated":true}]}}