{"id":16480,"date":"2021-02-21T14:27:26","date_gmt":"2021-02-21T14:27:26","guid":{"rendered":"https:\/\/www.autonvaraosahaku.fi\/?product=brembo-09-n255-21-jarrulevyt"},"modified":"2021-02-21T14:27:26","modified_gmt":"2021-02-21T14:27:26","slug":"brembo-09-n255-21-jarrulevyt","status":"publish","type":"product","link":"https:\/\/www.autonvaraosahaku.fi\/?product=brembo-09-n255-21-jarrulevyt","title":{"rendered":"BREMBO 09.N255.21 Jarrulevyt"},"content":{"rendered":"<p>Pinta: pinnoitettu; keskitt\u00e4misl\u00e4pimitta [mm]: 63,5; Reikien m\u00e4\u00e4r\u00e4: 5; V\u00e4himm\u00e4ispaksuus (mm): 26,5; Jarrulevyn paksuus (mm): 28; Jarrulevytyyppi: Tuuletettu, sis\u00e4; Korkeus (mm): 50,9; L\u00e4pimitta [mm]: 300; Asennuspuoli: Vorderachse; FORD: MONDEO V Turnier,MONDEO V Stufenheck,MONDEO V Schr\u00e4gheck; 2017128, 5202199, 5322975, DG9C1125AC, DG9C1125AD, DG9C1125AE, DG9C1125AF; Jarrulevy<\/p>\n","protected":false},"excerpt":{"rendered":"<p>BREMBO Jarrulevyt COATED DISC LINE 09.N255.21 Jarrulevy FORD,MONDEO V Turnier,MONDEO V Stufenheck,MONDEO V Schr\u00e4gheck<\/p>\n","protected":false},"featured_media":0,"template":"","meta":{"site-sidebar-layout":"default","site-content-layout":"default","ast-global-header-display":"","ast-main-header-display":"","ast-hfb-above-header-display":"","ast-hfb-below-header-display":"","ast-hfb-mobile-header-display":"","site-post-title":"","ast-breadcrumbs-content":"","ast-featured-img":"","footer-sml-layout":"","theme-transparent-header-meta":"","adv-header-id-meta":"","stick-header-meta":"","header-above-stick-meta":"","header-main-stick-meta":"","header-below-stick-meta":""},"pwb-brand":[146],"product_cat":[66],"product_tag":[],"class_list":{"0":"post-16480","1":"product","2":"type-product","3":"status-publish","5":"pwb-brand-brembo","6":"product_cat-jarrulevyt","7":"desktop-align-left","8":"tablet-align-left","9":"mobile-align-left","11":"first","12":"instock","13":"product-type-external"},"brands":[{"id":146,"name":"BREMBO","slug":"brembo"}],"_links":{"self":[{"href":"https:\/\/www.autonvaraosahaku.fi\/index.php?rest_route=\/wp\/v2\/product\/16480","targetHints":{"allow":["GET"]}}],"collection":[{"href":"https:\/\/www.autonvaraosahaku.fi\/index.php?rest_route=\/wp\/v2\/product"}],"about":[{"href":"https:\/\/www.autonvaraosahaku.fi\/index.php?rest_route=\/wp\/v2\/types\/product"}],"wp:attachment":[{"href":"https:\/\/www.autonvaraosahaku.fi\/index.php?rest_route=%2Fwp%2Fv2%2Fmedia&parent=16480"}],"wp:term":[{"taxonomy":"pwb-brand","embeddable":true,"href":"https:\/\/www.autonvaraosahaku.fi\/index.php?rest_route=%2Fwp%2Fv2%2Fpwb-brand&post=16480"},{"taxonomy":"product_cat","embeddable":true,"href":"https:\/\/www.autonvaraosahaku.fi\/index.php?rest_route=%2Fwp%2Fv2%2Fproduct_cat&post=16480"},{"taxonomy":"product_tag","embeddable":true,"href":"https:\/\/www.autonvaraosahaku.fi\/index.php?rest_route=%2Fwp%2Fv2%2Fproduct_tag&post=16480"}],"curies":[{"name":"wp","href":"https:\/\/api.w.org\/{rel}","templated":true}]}}