{"id":16481,"date":"2021-02-21T14:27:26","date_gmt":"2021-02-21T14:27:26","guid":{"rendered":"https:\/\/www.autonvaraosahaku.fi\/?product=brembo-09-d526-13-jarrulevyt"},"modified":"2021-02-21T14:27:26","modified_gmt":"2021-02-21T14:27:26","slug":"brembo-09-d526-13-jarrulevyt","status":"publish","type":"product","link":"https:\/\/www.autonvaraosahaku.fi\/?product=brembo-09-d526-13-jarrulevyt","title":{"rendered":"BREMBO 09.D526.13 Jarrulevyt"},"content":{"rendered":"<p>Reikien m\u00e4\u00e4r\u00e4: 5; keskitt\u00e4misl\u00e4pimitta [mm]: 69; Kiristysmomentti: 150; Pinta: pinnoitettu; Korvaava tuote\/korvaava tiedote 2: Ruuveilla; K\u00e4sittely: hiiliter\u00e4s; V\u00e4himm\u00e4ispaksuus (mm): 25,4; L\u00e4pimitta [mm]: 305; Korkeus (mm): 62,5; Jarrulevytyyppi: Tuuletettu, sis\u00e4, jarrulevy kaksiosainen; Jarrulevyn paksuus (mm): 28; Tuotelinja: CO-CAST DISCS LINE; Asennuspuoli: Vorderachse; MERCEDES-BENZ: C-CLASS T-Model S205,C-CLASS W205,E-CLASS W213,E-CLASS T-Model S213,C-CLASS Coupe C205,C-CLASS Cabriolet A205,E-CLASS Coupe C238,E-CLASS Cabriolet A238; 0004212512, A0004212512; Jarrulevy<\/p>\n","protected":false},"excerpt":{"rendered":"<p>BREMBO Jarrulevyt 09.D526.13 Jarrulevy MERCEDES-BENZ,C-CLASS T-Model S205,C-CLASS W205,E-CLASS W213,E-CLASS T-Model S213,C-CLASS Coupe C205<\/p>\n","protected":false},"featured_media":0,"template":"","meta":{"site-sidebar-layout":"default","site-content-layout":"default","ast-global-header-display":"","ast-main-header-display":"","ast-hfb-above-header-display":"","ast-hfb-below-header-display":"","ast-hfb-mobile-header-display":"","site-post-title":"","ast-breadcrumbs-content":"","ast-featured-img":"","footer-sml-layout":"","theme-transparent-header-meta":"","adv-header-id-meta":"","stick-header-meta":"","header-above-stick-meta":"","header-main-stick-meta":"","header-below-stick-meta":""},"pwb-brand":[146],"product_cat":[66],"product_tag":[],"class_list":{"0":"post-16481","1":"product","2":"type-product","3":"status-publish","5":"pwb-brand-brembo","6":"product_cat-jarrulevyt","7":"desktop-align-left","8":"tablet-align-left","9":"mobile-align-left","11":"first","12":"instock","13":"product-type-external"},"brands":[{"id":146,"name":"BREMBO","slug":"brembo"}],"_links":{"self":[{"href":"https:\/\/www.autonvaraosahaku.fi\/index.php?rest_route=\/wp\/v2\/product\/16481","targetHints":{"allow":["GET"]}}],"collection":[{"href":"https:\/\/www.autonvaraosahaku.fi\/index.php?rest_route=\/wp\/v2\/product"}],"about":[{"href":"https:\/\/www.autonvaraosahaku.fi\/index.php?rest_route=\/wp\/v2\/types\/product"}],"wp:attachment":[{"href":"https:\/\/www.autonvaraosahaku.fi\/index.php?rest_route=%2Fwp%2Fv2%2Fmedia&parent=16481"}],"wp:term":[{"taxonomy":"pwb-brand","embeddable":true,"href":"https:\/\/www.autonvaraosahaku.fi\/index.php?rest_route=%2Fwp%2Fv2%2Fpwb-brand&post=16481"},{"taxonomy":"product_cat","embeddable":true,"href":"https:\/\/www.autonvaraosahaku.fi\/index.php?rest_route=%2Fwp%2Fv2%2Fproduct_cat&post=16481"},{"taxonomy":"product_tag","embeddable":true,"href":"https:\/\/www.autonvaraosahaku.fi\/index.php?rest_route=%2Fwp%2Fv2%2Fproduct_tag&post=16481"}],"curies":[{"name":"wp","href":"https:\/\/api.w.org\/{rel}","templated":true}]}}