{"id":16525,"date":"2021-02-21T14:27:33","date_gmt":"2021-02-21T14:27:33","guid":{"rendered":"https:\/\/www.autonvaraosahaku.fi\/?product=tyc-15-0387-00-9-rekisterikilven-valo"},"modified":"2021-02-21T14:27:34","modified_gmt":"2021-02-21T14:27:34","slug":"tyc-15-0387-00-9-rekisterikilven-valo","status":"publish","type":"product","link":"https:\/\/www.autonvaraosahaku.fi\/?product=tyc-15-0387-00-9-rekisterikilven-valo","title":{"rendered":"TYC 15-0387-00-9 Rekisterikilven valo"},"content":{"rendered":"<p>Asennuspuoli: Molemminpuolin; Rekister\u00f6ity tyyppi: E-hyv\u00e4ksytty; Lamppumalli: W5W; Lis\u00e4tarvike\/lis\u00e4tieto: Polttimolla; DACIA: DUSTER,LODGY,LOGAN MCV II; RENAULT: SC\u00c9NIC II JM0\/1_,ESPACE IV JK0\/1_,MODUS \/ GRAND MODUS F\/JP0_,LAGUNA II Grandtour KG0\/1_,SC\u00c9NIC III JZ0\/1_,LAGUNA III Grandtour KT0\/1,GRAND SC\u00c9NIC III JZ0\/1_,GRAND SC\u00c9NIC II JM0\/1_,CAPTUR,ZOE,FLUENCE L30_,LATITUDE L70_; 8200013577, 8200013577; Rekisterivalo<\/p>\n","protected":false},"excerpt":{"rendered":"<p>TYC Rekisterikilven Valo 15-0387-00-9 Rekisterivalo DACIA,RENAULT,DUSTER,LODGY,LOGAN MCV II,SC\u00c9NIC II JM0\/1_,ESPACE IV JK0\/1_<\/p>\n","protected":false},"featured_media":0,"template":"","meta":{"site-sidebar-layout":"default","site-content-layout":"default","ast-global-header-display":"","ast-main-header-display":"","ast-hfb-above-header-display":"","ast-hfb-below-header-display":"","ast-hfb-mobile-header-display":"","site-post-title":"","ast-breadcrumbs-content":"","ast-featured-img":"","footer-sml-layout":"","theme-transparent-header-meta":"","adv-header-id-meta":"","stick-header-meta":"","header-above-stick-meta":"","header-main-stick-meta":"","header-below-stick-meta":""},"pwb-brand":[124],"product_cat":[55],"product_tag":[],"class_list":{"0":"post-16525","1":"product","2":"type-product","3":"status-publish","5":"pwb-brand-tyc","6":"product_cat-rekisterikilven-valo","7":"desktop-align-left","8":"tablet-align-left","9":"mobile-align-left","11":"first","12":"instock","13":"product-type-external"},"brands":[{"id":124,"name":"TYC","slug":"tyc"}],"_links":{"self":[{"href":"https:\/\/www.autonvaraosahaku.fi\/index.php?rest_route=\/wp\/v2\/product\/16525","targetHints":{"allow":["GET"]}}],"collection":[{"href":"https:\/\/www.autonvaraosahaku.fi\/index.php?rest_route=\/wp\/v2\/product"}],"about":[{"href":"https:\/\/www.autonvaraosahaku.fi\/index.php?rest_route=\/wp\/v2\/types\/product"}],"wp:attachment":[{"href":"https:\/\/www.autonvaraosahaku.fi\/index.php?rest_route=%2Fwp%2Fv2%2Fmedia&parent=16525"}],"wp:term":[{"taxonomy":"pwb-brand","embeddable":true,"href":"https:\/\/www.autonvaraosahaku.fi\/index.php?rest_route=%2Fwp%2Fv2%2Fpwb-brand&post=16525"},{"taxonomy":"product_cat","embeddable":true,"href":"https:\/\/www.autonvaraosahaku.fi\/index.php?rest_route=%2Fwp%2Fv2%2Fproduct_cat&post=16525"},{"taxonomy":"product_tag","embeddable":true,"href":"https:\/\/www.autonvaraosahaku.fi\/index.php?rest_route=%2Fwp%2Fv2%2Fproduct_tag&post=16525"}],"curies":[{"name":"wp","href":"https:\/\/api.w.org\/{rel}","templated":true}]}}