{"id":16526,"date":"2021-02-21T14:27:33","date_gmt":"2021-02-21T14:27:33","guid":{"rendered":"https:\/\/www.autonvaraosahaku.fi\/?product=tyc-15-0385-00-9-rekisterikilven-valo"},"modified":"2021-02-21T14:27:34","modified_gmt":"2021-02-21T14:27:34","slug":"tyc-15-0385-00-9-rekisterikilven-valo","status":"publish","type":"product","link":"https:\/\/www.autonvaraosahaku.fi\/?product=tyc-15-0385-00-9-rekisterikilven-valo","title":{"rendered":"TYC 15-0385-00-9 Rekisterikilven valo"},"content":{"rendered":"<p>Asennuspuoli: Molemminpuolin; Rekister\u00f6ity tyyppi: E-hyv\u00e4ksytty; Lamppumalli: W5W; Lis\u00e4tarvike\/lis\u00e4tieto: Polttimolla; Valmistusvuoteen: 06\/2015; VW: GOLF PLUS 5M1, 521,TIGUAN 5N_,PASSAT Variant 365,TOURAN 1T3,GOLF VI Variant AJ5,SHARAN 7N1, 7N2,TOUAREG 7P5,JETTA IV 162, 163,PASSAT ALLTRACK 365; SKODA: YETI 5L,SUPERB Kombi 3T5,SUPERB 3T4,RAPID Spaceback NH1,OCTAVIA 5E3,RAPID NH3,FABIA NJ3,FABIA Kombi NJ5; SEAT: IBIZA V ST 6J8, 6P8,ALHAMBRA 710, 711,ATECA KH7; 1K9943021A, 1K9943021C, 1K9943021D, 5N0943021, 5N0943021A, 5N0943021B, 1K9943021A, 1K9943021C, 1K9943021D, 5N0943021, 5N0943021A, 5N0943021B, 1K9943021A, 1K9943021C, 1K9943021D, 5N0943021, 5N0943021A, 5N0943021B; Rekisterivalo<\/p>\n","protected":false},"excerpt":{"rendered":"<p>TYC Rekisterikilven Valo 15-0385-00-9 Rekisterivalo VW,SKODA,SEAT,GOLF PLUS 5M1, 521,TIGUAN 5N_,PASSAT Variant 365,TOURAN 1T3,GOLF VI Variant AJ5<\/p>\n","protected":false},"featured_media":0,"template":"","meta":{"site-sidebar-layout":"default","site-content-layout":"default","ast-global-header-display":"","ast-main-header-display":"","ast-hfb-above-header-display":"","ast-hfb-below-header-display":"","ast-hfb-mobile-header-display":"","site-post-title":"","ast-breadcrumbs-content":"","ast-featured-img":"","footer-sml-layout":"","theme-transparent-header-meta":"","adv-header-id-meta":"","stick-header-meta":"","header-above-stick-meta":"","header-main-stick-meta":"","header-below-stick-meta":""},"pwb-brand":[124],"product_cat":[55],"product_tag":[],"class_list":{"0":"post-16526","1":"product","2":"type-product","3":"status-publish","5":"pwb-brand-tyc","6":"product_cat-rekisterikilven-valo","7":"desktop-align-left","8":"tablet-align-left","9":"mobile-align-left","11":"first","12":"instock","13":"product-type-external"},"brands":[{"id":124,"name":"TYC","slug":"tyc"}],"_links":{"self":[{"href":"https:\/\/www.autonvaraosahaku.fi\/index.php?rest_route=\/wp\/v2\/product\/16526","targetHints":{"allow":["GET"]}}],"collection":[{"href":"https:\/\/www.autonvaraosahaku.fi\/index.php?rest_route=\/wp\/v2\/product"}],"about":[{"href":"https:\/\/www.autonvaraosahaku.fi\/index.php?rest_route=\/wp\/v2\/types\/product"}],"wp:attachment":[{"href":"https:\/\/www.autonvaraosahaku.fi\/index.php?rest_route=%2Fwp%2Fv2%2Fmedia&parent=16526"}],"wp:term":[{"taxonomy":"pwb-brand","embeddable":true,"href":"https:\/\/www.autonvaraosahaku.fi\/index.php?rest_route=%2Fwp%2Fv2%2Fpwb-brand&post=16526"},{"taxonomy":"product_cat","embeddable":true,"href":"https:\/\/www.autonvaraosahaku.fi\/index.php?rest_route=%2Fwp%2Fv2%2Fproduct_cat&post=16526"},{"taxonomy":"product_tag","embeddable":true,"href":"https:\/\/www.autonvaraosahaku.fi\/index.php?rest_route=%2Fwp%2Fv2%2Fproduct_tag&post=16526"}],"curies":[{"name":"wp","href":"https:\/\/api.w.org\/{rel}","templated":true}]}}