{"id":16535,"date":"2021-02-21T14:27:33","date_gmt":"2021-02-21T14:27:33","guid":{"rendered":"https:\/\/www.autonvaraosahaku.fi\/?product=valeo-575011-pyyhkijansulat"},"modified":"2021-02-21T14:27:36","modified_gmt":"2021-02-21T14:27:36","slug":"valeo-575011-pyyhkijansulat","status":"publish","type":"product","link":"https:\/\/www.autonvaraosahaku.fi\/?product=valeo-575011-pyyhkijansulat","title":{"rendered":"VALEO 575011 Pyyhkij\u00e4nsulat"},"content":{"rendered":"<p>Pyyhkij\u00e4nsulkatyyppi: Flatblade-pyyhinsulka (rungoton); M\u00e4\u00e4r\u00e4: 1; Pituus (mm): 750; Pituus (tuumaa): 30; Sopiva adapteri: HOOK+U; Paino [kg]: 0,2; Tuotelinja: FIRST MULTICONNECTION; Valmistusvuosi alkaen: 09\/2010; FORD: S-MAX WA6,GALAXY WA6,B-MAX JK,TRANSIT CUSTOM Kasten,TOURNEO CUSTOM Bus,TRANSIT CUSTOM Bus,TOURNEO CONNECT \/ GRAND TOURNEO CONNECT Kombi,TRANSIT CONNECT Kasten,S-MAX,TRANSIT Custom  Bus,GALAXY,TRANSIT Custom Pritsche\/Fahrgestell,B-MAX Van,TRANSIT CONNECT Kombi; RENAULT: SC\u00c9NIC III JZ0\/1_,GRAND SC\u00c9NIC III JZ0\/1_,ESPACE V,GRAND SC\u00c9NIC IV R9_,SC\u00c9NIC IV J9_; CITRO\u00cbN: C4 Picasso I UD_,C4 Grand Picasso I UA_,C4 II B7,C4 Grand Picasso II,C4 Picasso II; PEUGEOT: 308 SW,308 4A_, 4C_,5008,3008,308 CC,308 II,308 SW II; Tuulilasinpyyhkimet,Pyyhkij\u00e4t,Pyyhkij\u00e4nsulka<\/p>\n","protected":false},"excerpt":{"rendered":"<p>VALEO Pyyhkij\u00e4nsulat 575011 Tuulilasinpyyhkimet,Pyyhkij\u00e4t FORD,RENAULT,CITRO\u00cbN,S-MAX WA6,GALAXY WA6,B-MAX JK,TRANSIT CUSTOM Kasten,TOURNEO CUSTOM Bus<\/p>\n","protected":false},"featured_media":0,"template":"","meta":{"site-sidebar-layout":"default","site-content-layout":"default","ast-global-header-display":"","ast-main-header-display":"","ast-hfb-above-header-display":"","ast-hfb-below-header-display":"","ast-hfb-mobile-header-display":"","site-post-title":"","ast-breadcrumbs-content":"","ast-featured-img":"","footer-sml-layout":"","theme-transparent-header-meta":"","adv-header-id-meta":"","stick-header-meta":"","header-above-stick-meta":"","header-main-stick-meta":"","header-below-stick-meta":""},"pwb-brand":[28],"product_cat":[33],"product_tag":[],"class_list":{"0":"post-16535","1":"product","2":"type-product","3":"status-publish","5":"pwb-brand-valeo","6":"product_cat-pyyhkijansulat","7":"desktop-align-left","8":"tablet-align-left","9":"mobile-align-left","11":"first","12":"instock","13":"product-type-external"},"brands":[{"id":28,"name":"VALEO","slug":"valeo"}],"_links":{"self":[{"href":"https:\/\/www.autonvaraosahaku.fi\/index.php?rest_route=\/wp\/v2\/product\/16535","targetHints":{"allow":["GET"]}}],"collection":[{"href":"https:\/\/www.autonvaraosahaku.fi\/index.php?rest_route=\/wp\/v2\/product"}],"about":[{"href":"https:\/\/www.autonvaraosahaku.fi\/index.php?rest_route=\/wp\/v2\/types\/product"}],"wp:attachment":[{"href":"https:\/\/www.autonvaraosahaku.fi\/index.php?rest_route=%2Fwp%2Fv2%2Fmedia&parent=16535"}],"wp:term":[{"taxonomy":"pwb-brand","embeddable":true,"href":"https:\/\/www.autonvaraosahaku.fi\/index.php?rest_route=%2Fwp%2Fv2%2Fpwb-brand&post=16535"},{"taxonomy":"product_cat","embeddable":true,"href":"https:\/\/www.autonvaraosahaku.fi\/index.php?rest_route=%2Fwp%2Fv2%2Fproduct_cat&post=16535"},{"taxonomy":"product_tag","embeddable":true,"href":"https:\/\/www.autonvaraosahaku.fi\/index.php?rest_route=%2Fwp%2Fv2%2Fproduct_tag&post=16535"}],"curies":[{"name":"wp","href":"https:\/\/api.w.org\/{rel}","templated":true}]}}