{"id":16536,"date":"2021-02-21T14:27:33","date_gmt":"2021-02-21T14:27:33","guid":{"rendered":"https:\/\/www.autonvaraosahaku.fi\/?product=valeo-575010-pyyhkijansulat"},"modified":"2021-02-21T14:27:36","modified_gmt":"2021-02-21T14:27:36","slug":"valeo-575010-pyyhkijansulat","status":"publish","type":"product","link":"https:\/\/www.autonvaraosahaku.fi\/?product=valeo-575010-pyyhkijansulat","title":{"rendered":"VALEO 575010 Pyyhkij\u00e4nsulat"},"content":{"rendered":"<p>Pyyhkij\u00e4nsulkatyyppi: Flatblade-pyyhinsulka (rungoton); M\u00e4\u00e4r\u00e4: 1; Pituus (mm): 700; Pituus (tuumaa): 28; Paino [kg]: 0,19; Tuotelinja: FIRST MULTICONNECTION; Oviluku: 5; VW: GOLF PLUS 5M1, 521,SHARAN 7M8, 7M9, 7M6,SHARAN 7N1, 7N2,GOLF SPORTSVAN AM1,TOURAN; SEAT: ALHAMBRA 710, 711; MERCEDES-BENZ: VIANO W639,M-CLASS W164,VITO Bus W639,VITO \/ MIXTO Kasten W639,R-CLASS W251, V251,GL-CLASS X164; CHRYSLER: VOYAGER IV RG, RS,VOYAGER III GS; LANCIA: ZETA 220; OPEL: ZAFIRA B A05,MERIVA B,ASTRA GTC J,CASCADA W13,ASTRA K,ASTRA K Caravan,ASTRA CLASSIC L48; FORD: GALAXY WGR,TRANSIT MK-7 Kasten,C-MAX II,GRAND C-MAX,TRANSIT MK-7 Bus,TRANSIT Kasten FA_ _,TRANSIT Bus FD_ _, FB_ _, FS_ _, FZ_ _, FC_ _,TRANSIT MK-7 Pritsche\/Fahrgestell,TRANSIT Pritsche\/Fahrgestell FM_ _, FN_ _,TRANSIT CUSTOM Kasten,TOURNEO CUSTOM Bus,TRANSIT TOURNEO FB,TRANSIT CUSTOM Bus,TRANSIT Custom  Bus,GRAND C-MAX Van,C-MAX II Van,TOURNEO COURIER Kombi,TRANSIT COURIER Kasten,TRANSIT COURIER Kombi; RENAULT: MODUS \/ GRAND MODUS F\/JP0_,ESPACE V,GRAND SC\u00c9NIC IV R9_,SC\u00c9NIC IV J9_; FIAT: SCUDO 270_,SCUDO Kasten 270_,ULYSSE 220,SCUDO Kasten 220L,SCUDO Combinato 220P,SCUDO Pritsche\/Fahrgestell 270_,SCUDO Pritsche\/Fahrgestell 220_; CITRO\u00cbN: C5 III Break TD_,C4 I LC_,C5 III RD_,C4 Coupe LA_,JUMPY,C6 TD_,JUMPY Kasten,EVASION 22, U6,JUMPY U6U,JUMPY Kasten BS_, BT_, BY_, BZ_,JUMPY Pritsche\/Fahrgestell BU_, BV_, BW_, BX_,JUMPY Pritsche\/Fahrgestell; 1611354280, 1611354380, 6423K3, 5176786, 5176822, 1608738780, 1611354280, 1611354380; Tuulilasinpyyhkimet,Pyyhkij\u00e4t,Pyyhkij\u00e4nsulka<\/p>\n","protected":false},"excerpt":{"rendered":"<p>VALEO Pyyhkij\u00e4nsulat 575010 Tuulilasinpyyhkimet,Pyyhkij\u00e4t VW,SEAT,MERCEDES-BENZ,GOLF PLUS 5M1, 521,SHARAN 7M8, 7M9, 7M6,SHARAN 7N1, 7N2<\/p>\n","protected":false},"featured_media":0,"template":"","meta":{"site-sidebar-layout":"default","site-content-layout":"default","ast-global-header-display":"","ast-main-header-display":"","ast-hfb-above-header-display":"","ast-hfb-below-header-display":"","ast-hfb-mobile-header-display":"","site-post-title":"","ast-breadcrumbs-content":"","ast-featured-img":"","footer-sml-layout":"","theme-transparent-header-meta":"","adv-header-id-meta":"","stick-header-meta":"","header-above-stick-meta":"","header-main-stick-meta":"","header-below-stick-meta":""},"pwb-brand":[28],"product_cat":[33],"product_tag":[],"class_list":{"0":"post-16536","1":"product","2":"type-product","3":"status-publish","5":"pwb-brand-valeo","6":"product_cat-pyyhkijansulat","7":"desktop-align-left","8":"tablet-align-left","9":"mobile-align-left","11":"first","12":"instock","13":"product-type-external"},"brands":[{"id":28,"name":"VALEO","slug":"valeo"}],"_links":{"self":[{"href":"https:\/\/www.autonvaraosahaku.fi\/index.php?rest_route=\/wp\/v2\/product\/16536","targetHints":{"allow":["GET"]}}],"collection":[{"href":"https:\/\/www.autonvaraosahaku.fi\/index.php?rest_route=\/wp\/v2\/product"}],"about":[{"href":"https:\/\/www.autonvaraosahaku.fi\/index.php?rest_route=\/wp\/v2\/types\/product"}],"wp:attachment":[{"href":"https:\/\/www.autonvaraosahaku.fi\/index.php?rest_route=%2Fwp%2Fv2%2Fmedia&parent=16536"}],"wp:term":[{"taxonomy":"pwb-brand","embeddable":true,"href":"https:\/\/www.autonvaraosahaku.fi\/index.php?rest_route=%2Fwp%2Fv2%2Fpwb-brand&post=16536"},{"taxonomy":"product_cat","embeddable":true,"href":"https:\/\/www.autonvaraosahaku.fi\/index.php?rest_route=%2Fwp%2Fv2%2Fproduct_cat&post=16536"},{"taxonomy":"product_tag","embeddable":true,"href":"https:\/\/www.autonvaraosahaku.fi\/index.php?rest_route=%2Fwp%2Fv2%2Fproduct_tag&post=16536"}],"curies":[{"name":"wp","href":"https:\/\/api.w.org\/{rel}","templated":true}]}}