{"id":16542,"date":"2021-02-21T14:27:38","date_gmt":"2021-02-21T14:27:38","guid":{"rendered":"https:\/\/www.autonvaraosahaku.fi\/?product=valeo-575004-pyyhkijansulat"},"modified":"2021-02-21T14:27:38","modified_gmt":"2021-02-21T14:27:38","slug":"valeo-575004-pyyhkijansulat","status":"publish","type":"product","link":"https:\/\/www.autonvaraosahaku.fi\/?product=valeo-575004-pyyhkijansulat","title":{"rendered":"VALEO 575004 Pyyhkij\u00e4nsulat"},"content":{"rendered":"<p>Pyyhkij\u00e4nsulkatyyppi: Flatblade-pyyhinsulka (rungoton); M\u00e4\u00e4r\u00e4: 1; Pituus (mm): 475; Pituus (tuumaa): 19; Sopiva adapteri: HOOK+U; Paino [kg]: 0,14; Tuotelinja: FIRST MULTICONNECTION; Valmistusvuosi alkaen: 01\/1993; VW: GOLF IV 1J1,GOLF V 1K1,POLO 9N_,TOURAN 1T1, 1T2,GOLF VI 5K1,GOLF PLUS 5M1, 521,PASSAT Variant 3B6,GOLF IV Variant 1J5,POLO 6N2,POLO 6N1,CADDY III Kombi 2KB, 2KJ, 2CB, 2CJ,TOURAN 1T3,GOLF VI Variant AJ5,GOLF V Variant 1K5,CADDY III Kasten 2KA, 2KH, 2CA, 2CH,BORA 1J2,EOS 1F7, 1F8,SCIROCCO 137, 138,PASSAT 3B3,GOLF Mk III Cabriolet 1E7,BORA Kombi 1J6,JETTA III 1K2,CORRADO 53I,POLO CLASSIC 6KV2,SCIROCCO 53B,LT 28-35 I Kasten 281-363,LT 28-35 I Bus 281-363,GOLF VI Cabriolet 517,LT 28-46 II Kasten 2DA, 2DD, 2DH,JETTA IV 162, 163,POLO Kasten 6NF,LT 28-35 II Bus 2DB, 2DE, 2DK,LT 28-46 II Pritsche\/Fahrgestell 2DC, 2DF, 2DG, 2DL, 2DM,LT 28-35 I Pritsche\/Fahrgestell 281-363,LT 40-55 I Pritsche\/Fahrgestell 293-909,LT 40-55 I Kasten 291-512,PASSAT Variant 3G5,PASSAT 3G2,PASSAT ALLTRACK 3G5,GOLF IV Van 1J1; AUDI: A3 8P1,A3 Sportback 8PA,Q2 GA; MAZDA: 3 BK,323 F VI BJ,TRIBUTE EP,626 V Hatchback GF,3 Stufenheck BK,FAMILIA V BA,626 V GF,626 V Station Wagon GW,323 P V BA,626 IV Hatchback GE,FAMILIA VI BJ,121 III JASM, JBSM,626 IV GE,FAMILIA V BG8,626 III GD,626 III Hatchback GD,626 III Coupe GD,626 III Station Wagon GV,929 III HC,929 II HB; NISSAN: NAVARA D40,PATHFINDER R51,PRIMERA Kombi WP12,PRIMERA P12,NAVARA Pritsche\/Fahrgestell D40,PRIMERA Hatchback P12,PATROL GR II Wagon Y61,ALMERA I Hatchback N15,PICK UP D22,ALMERA I N15,100 NX B13,PRIMERA P10,TERRANO I WD21,300 ZX Z31,SUNNY III N14,PULSAR V Schr\u00e4gheck N14,SUNNY III Liftback N14,PRIMERA Hatchback P10,PRIMERA Traveller W10,SUNNY II Hatchback N13,SILVIA S12,BLUEBIRD T72 , T12,LAUREL JC32,SUNNY III Traveller Y10,BLUEBIRD Hatchback T72, T12,MAXIMA II J30,BLUEBIRD Station Wagon WU11,BLUEBIRD U11,PRAIRIE M10, NM10,TEANA II J32,URVAN Bus E24,URVAN Kasten E23,URVAN Kasten E24,URVAN Bus E23,TEANA I J31; JEEP: CHEROKEE KJ,CHEROKEE KK; DAEWOO: REZZO KLAU,LANOS KLAT,LACETTI Schr\u00e4gheck KLAN,NUBIRA Stufenheck KLAN,NUBIRA Wagon KLAN,NUBIRA Wagon KLAJ,LANOS Stufenheck KLAT,LEGANZA KLAV,NUBIRA Stufenheck KLAJ,ESPERO KLEJ,NUBIRA KLAJ; SKODA: OCTAVIA Combi 1Z5,FABIA Combi 6Y5,FABIA 6Y2,YETI 5L,OCTAVIA 1Z3,FABIA Stufenheck 6Y3,FABIA Praktik; SUZUKI: GRAND VITARA II JT,GRAND VITARA I FT,IGNIS FH,IGNIS II,ALTO HA12, HA23,ALTO HA11,GRAND VITARA I Cabriolet GT; SEAT: IBIZA IV 6L1,IBIZA V 6J5, 6P5,AROSA 6H,IBIZA V ST 6J8, 6P8,IBIZA V SPORTCOUPE 6J1, 6P1,CORDOBA 6L2,IBIZA I 021A; CHEVROLET: NUBIRA Kombi,LACETTI J200,REZZO,NUBIRA Stufenheck,LACETTI Kombi J200,LACETTI Stufenheck; 1077150, 1077153, 1077168, 1272978, 6272539, 161955425, 871955425A; Tuulilasinpyyhkimet,Pyyhkij\u00e4t,Pyyhkij\u00e4nsulka<\/p>\n","protected":false},"excerpt":{"rendered":"<p>VALEO Pyyhkij\u00e4nsulat 575004 Tuulilasinpyyhkimet,Pyyhkij\u00e4t VW,AUDI,MAZDA,GOLF IV 1J1,GOLF V 1K1,POLO 9N_,TOURAN 1T1, 1T2,GOLF VI 5K1,GOLF PLUS 5M1, 521<\/p>\n","protected":false},"featured_media":0,"template":"","meta":{"site-sidebar-layout":"default","site-content-layout":"default","ast-global-header-display":"","ast-main-header-display":"","ast-hfb-above-header-display":"","ast-hfb-below-header-display":"","ast-hfb-mobile-header-display":"","site-post-title":"","ast-breadcrumbs-content":"","ast-featured-img":"","footer-sml-layout":"","theme-transparent-header-meta":"","adv-header-id-meta":"","stick-header-meta":"","header-above-stick-meta":"","header-main-stick-meta":"","header-below-stick-meta":""},"pwb-brand":[28],"product_cat":[33],"product_tag":[],"class_list":{"0":"post-16542","1":"product","2":"type-product","3":"status-publish","5":"pwb-brand-valeo","6":"product_cat-pyyhkijansulat","7":"desktop-align-left","8":"tablet-align-left","9":"mobile-align-left","11":"first","12":"instock","13":"product-type-external"},"brands":[{"id":28,"name":"VALEO","slug":"valeo"}],"_links":{"self":[{"href":"https:\/\/www.autonvaraosahaku.fi\/index.php?rest_route=\/wp\/v2\/product\/16542","targetHints":{"allow":["GET"]}}],"collection":[{"href":"https:\/\/www.autonvaraosahaku.fi\/index.php?rest_route=\/wp\/v2\/product"}],"about":[{"href":"https:\/\/www.autonvaraosahaku.fi\/index.php?rest_route=\/wp\/v2\/types\/product"}],"wp:attachment":[{"href":"https:\/\/www.autonvaraosahaku.fi\/index.php?rest_route=%2Fwp%2Fv2%2Fmedia&parent=16542"}],"wp:term":[{"taxonomy":"pwb-brand","embeddable":true,"href":"https:\/\/www.autonvaraosahaku.fi\/index.php?rest_route=%2Fwp%2Fv2%2Fpwb-brand&post=16542"},{"taxonomy":"product_cat","embeddable":true,"href":"https:\/\/www.autonvaraosahaku.fi\/index.php?rest_route=%2Fwp%2Fv2%2Fproduct_cat&post=16542"},{"taxonomy":"product_tag","embeddable":true,"href":"https:\/\/www.autonvaraosahaku.fi\/index.php?rest_route=%2Fwp%2Fv2%2Fproduct_tag&post=16542"}],"curies":[{"name":"wp","href":"https:\/\/api.w.org\/{rel}","templated":true}]}}