{"id":16547,"date":"2021-02-21T14:27:38","date_gmt":"2021-02-21T14:27:38","guid":{"rendered":"https:\/\/www.autonvaraosahaku.fi\/?product=valeo-574089-pyyhkijansulat"},"modified":"2021-02-21T14:27:39","modified_gmt":"2021-02-21T14:27:39","slug":"valeo-574089-pyyhkijansulat","status":"publish","type":"product","link":"https:\/\/www.autonvaraosahaku.fi\/?product=valeo-574089-pyyhkijansulat","title":{"rendered":"VALEO 574089 Pyyhkij\u00e4nsulat"},"content":{"rendered":"<p>Asennuspuoli: Takana; M\u00e4\u00e4r\u00e4: 1; Pituus (mm): 240; Pituus (tuumaa): 9; Paino [kg]: 0,074; Tuotelinja: SILENCIO REAR; Oviluku: 3; NISSAN: MICRA V K14; OPEL: ASTRA H GTC L08,ASTRA H Kasten L70,CROSSLAND X; SMART: FORFOUR Schr\u00e4gheck 453; RENAULT: MEGANE II Kombi KM0\/1_,MEGANE II BM0\/1_, CM0\/1_,KADJAR,MEGANE IV B9A\/M_,MEGANE IV Grandtour K9A\/M_,TALISMAN Grandtour KP_,GRAND SC\u00c9NIC IV R9_,SC\u00c9NIC IV J9_,KOLEOS II,MEGANE II Kasten\/Kombi KM_,MEGANE II Hatchback Van KM0\/2_; PEUGEOT: 308 II,308 SW II; DS: DS5; 1635155780, 287815FA0B, 2879000Q0B, 13478262, 1610785180, 1611607680, 1635155780, 287901560R, 287902449R, 287908820R, 287909946R, 7711224612, 4538241900, 13478262; Tuulilasinpyyhkimet,Pyyhkij\u00e4t,Pyyhkij\u00e4nsulka<\/p>\n","protected":false},"excerpt":{"rendered":"<p>VALEO Pyyhkij\u00e4nsulat 574089 Tuulilasinpyyhkimet,Pyyhkij\u00e4t NISSAN,OPEL,SMART,MICRA V K14,ASTRA H GTC L08,ASTRA H Kasten L70,CROSSLAND X<\/p>\n","protected":false},"featured_media":0,"template":"","meta":{"site-sidebar-layout":"default","site-content-layout":"default","ast-global-header-display":"","ast-main-header-display":"","ast-hfb-above-header-display":"","ast-hfb-below-header-display":"","ast-hfb-mobile-header-display":"","site-post-title":"","ast-breadcrumbs-content":"","ast-featured-img":"","footer-sml-layout":"","theme-transparent-header-meta":"","adv-header-id-meta":"","stick-header-meta":"","header-above-stick-meta":"","header-main-stick-meta":"","header-below-stick-meta":""},"pwb-brand":[28],"product_cat":[33],"product_tag":[],"class_list":{"0":"post-16547","1":"product","2":"type-product","3":"status-publish","5":"pwb-brand-valeo","6":"product_cat-pyyhkijansulat","7":"desktop-align-left","8":"tablet-align-left","9":"mobile-align-left","11":"first","12":"instock","13":"product-type-external"},"brands":[{"id":28,"name":"VALEO","slug":"valeo"}],"_links":{"self":[{"href":"https:\/\/www.autonvaraosahaku.fi\/index.php?rest_route=\/wp\/v2\/product\/16547","targetHints":{"allow":["GET"]}}],"collection":[{"href":"https:\/\/www.autonvaraosahaku.fi\/index.php?rest_route=\/wp\/v2\/product"}],"about":[{"href":"https:\/\/www.autonvaraosahaku.fi\/index.php?rest_route=\/wp\/v2\/types\/product"}],"wp:attachment":[{"href":"https:\/\/www.autonvaraosahaku.fi\/index.php?rest_route=%2Fwp%2Fv2%2Fmedia&parent=16547"}],"wp:term":[{"taxonomy":"pwb-brand","embeddable":true,"href":"https:\/\/www.autonvaraosahaku.fi\/index.php?rest_route=%2Fwp%2Fv2%2Fpwb-brand&post=16547"},{"taxonomy":"product_cat","embeddable":true,"href":"https:\/\/www.autonvaraosahaku.fi\/index.php?rest_route=%2Fwp%2Fv2%2Fproduct_cat&post=16547"},{"taxonomy":"product_tag","embeddable":true,"href":"https:\/\/www.autonvaraosahaku.fi\/index.php?rest_route=%2Fwp%2Fv2%2Fproduct_tag&post=16547"}],"curies":[{"name":"wp","href":"https:\/\/api.w.org\/{rel}","templated":true}]}}