{"id":16565,"date":"2021-02-21T14:27:41","date_gmt":"2021-02-21T14:27:41","guid":{"rendered":"https:\/\/www.autonvaraosahaku.fi\/?product=elring-585-370-tiivisteet"},"modified":"2021-02-21T14:27:42","modified_gmt":"2021-02-21T14:27:42","slug":"elring-585-370-tiivisteet","status":"publish","type":"product","link":"https:\/\/www.autonvaraosahaku.fi\/?product=elring-585-370-tiivisteet","title":{"rendered":"ELRING 585.370 Tiivisteet"},"content":{"rendered":"<p>Sis\u00e4l\u00e4pimitta [mm]: 7; Ulkol\u00e4pimitta [mm]: 14,9; Paksuus [mm]: 2,4; Materiaali: Kupari; Tarvittava kappalem\u00e4\u00e4r\u00e4: 4; HONDA: CIVIC VIII Hatchback FN, FK,CR-V III RE,CR-V II RD_,ACCORD VII CL,FR-V BE,ACCORD VII Tourer CM; 16472RBDE00; Tiiviste Suuttimen Pidin<\/p>\n","protected":false},"excerpt":{"rendered":"<p>ELRING Tiiviste Suutinistukka 585.370 Tiiviste Suuttimen Pidin HONDA,CIVIC VIII Hatchback FN, FK,CR-V III RE,CR-V II RD_,ACCORD VII CL,FR-V BE<\/p>\n","protected":false},"featured_media":0,"template":"","meta":{"site-sidebar-layout":"default","site-content-layout":"default","ast-global-header-display":"","ast-main-header-display":"","ast-hfb-above-header-display":"","ast-hfb-below-header-display":"","ast-hfb-mobile-header-display":"","site-post-title":"","ast-breadcrumbs-content":"","ast-featured-img":"","footer-sml-layout":"","theme-transparent-header-meta":"","adv-header-id-meta":"","stick-header-meta":"","header-above-stick-meta":"","header-main-stick-meta":"","header-below-stick-meta":""},"pwb-brand":[26],"product_cat":[27],"product_tag":[],"class_list":{"0":"post-16565","1":"product","2":"type-product","3":"status-publish","5":"pwb-brand-elring","6":"product_cat-tiivisteet","7":"desktop-align-left","8":"tablet-align-left","9":"mobile-align-left","11":"first","12":"instock","13":"product-type-external"},"brands":[{"id":26,"name":"ELRING","slug":"elring"}],"_links":{"self":[{"href":"https:\/\/www.autonvaraosahaku.fi\/index.php?rest_route=\/wp\/v2\/product\/16565","targetHints":{"allow":["GET"]}}],"collection":[{"href":"https:\/\/www.autonvaraosahaku.fi\/index.php?rest_route=\/wp\/v2\/product"}],"about":[{"href":"https:\/\/www.autonvaraosahaku.fi\/index.php?rest_route=\/wp\/v2\/types\/product"}],"wp:attachment":[{"href":"https:\/\/www.autonvaraosahaku.fi\/index.php?rest_route=%2Fwp%2Fv2%2Fmedia&parent=16565"}],"wp:term":[{"taxonomy":"pwb-brand","embeddable":true,"href":"https:\/\/www.autonvaraosahaku.fi\/index.php?rest_route=%2Fwp%2Fv2%2Fpwb-brand&post=16565"},{"taxonomy":"product_cat","embeddable":true,"href":"https:\/\/www.autonvaraosahaku.fi\/index.php?rest_route=%2Fwp%2Fv2%2Fproduct_cat&post=16565"},{"taxonomy":"product_tag","embeddable":true,"href":"https:\/\/www.autonvaraosahaku.fi\/index.php?rest_route=%2Fwp%2Fv2%2Fproduct_tag&post=16565"}],"curies":[{"name":"wp","href":"https:\/\/api.w.org\/{rel}","templated":true}]}}