{"id":16579,"date":"2021-02-21T14:27:45","date_gmt":"2021-02-21T14:27:45","guid":{"rendered":"https:\/\/www.autonvaraosahaku.fi\/?product=ate-13-0460-2605-2-jarrupalat"},"modified":"2021-02-21T14:27:45","modified_gmt":"2021-02-21T14:27:45","slug":"ate-13-0460-2605-2-jarrupalat","status":"publish","type":"product","link":"https:\/\/www.autonvaraosahaku.fi\/?product=ate-13-0460-2605-2-jarrupalat","title":{"rendered":"ATE 13.0460-2605.2 Jarrupalat"},"content":{"rendered":"<p>Leveys (mm): 125,6; Korkeus (mm): 51,6; Paksuus [mm]: 17,3; Kulumisenilmaisimen liitos: Ei kulumisenilmaisimelle, Ilman kulumisenilmaisinta; Lis\u00e4tarvike\/lis\u00e4tieto: Tarvikkeilla; Jarruj\u00e4rjestelm\u00e4: Lucas \/ TRW; Tarkistuskilpi: E9 90R-02A1251\/4451; MAPP-koodi saatavilla: ; M\u00e4\u00e4r\u00e4yksikk\u00f6: Akselisarja; Asennuspuoli: Vorderachse; FORD: FIESTA VI,FIESTA Stufenheck JA8 JR8,FIESTA VI Van,KA,KA + Stufenheck; 1550219, 1719275, 1749322, 1788734, 1848518, 1855307, 1894272, 2017679, 8V512K021AA, 8V512K021AB, 8V512K021BA, 8V512K021BB, 8V512K021CA, E4B12001AB, G1B52001AA; Jarrupalasarja,Jarrupala, Levyjarru<\/p>\n","protected":false},"excerpt":{"rendered":"<p>ATE Jarrupalat 13.0460-2605.2 Jarrupalasarja,Jarrupala, Levyjarru FORD,FIESTA VI,FIESTA Stufenheck JA8 JR8,FIESTA VI Van,KA,KA + Stufenheck<\/p>\n","protected":false},"featured_media":0,"template":"","meta":{"site-sidebar-layout":"default","site-content-layout":"default","ast-global-header-display":"","ast-main-header-display":"","ast-hfb-above-header-display":"","ast-hfb-below-header-display":"","ast-hfb-mobile-header-display":"","site-post-title":"","ast-breadcrumbs-content":"","ast-featured-img":"","footer-sml-layout":"","theme-transparent-header-meta":"","adv-header-id-meta":"","stick-header-meta":"","header-above-stick-meta":"","header-main-stick-meta":"","header-below-stick-meta":""},"pwb-brand":[108],"product_cat":[100],"product_tag":[],"class_list":{"0":"post-16579","1":"product","2":"type-product","3":"status-publish","5":"pwb-brand-ate","6":"product_cat-jarrupalat","7":"desktop-align-left","8":"tablet-align-left","9":"mobile-align-left","11":"first","12":"instock","13":"product-type-external"},"brands":[{"id":108,"name":"ATE","slug":"ate"}],"_links":{"self":[{"href":"https:\/\/www.autonvaraosahaku.fi\/index.php?rest_route=\/wp\/v2\/product\/16579","targetHints":{"allow":["GET"]}}],"collection":[{"href":"https:\/\/www.autonvaraosahaku.fi\/index.php?rest_route=\/wp\/v2\/product"}],"about":[{"href":"https:\/\/www.autonvaraosahaku.fi\/index.php?rest_route=\/wp\/v2\/types\/product"}],"wp:attachment":[{"href":"https:\/\/www.autonvaraosahaku.fi\/index.php?rest_route=%2Fwp%2Fv2%2Fmedia&parent=16579"}],"wp:term":[{"taxonomy":"pwb-brand","embeddable":true,"href":"https:\/\/www.autonvaraosahaku.fi\/index.php?rest_route=%2Fwp%2Fv2%2Fpwb-brand&post=16579"},{"taxonomy":"product_cat","embeddable":true,"href":"https:\/\/www.autonvaraosahaku.fi\/index.php?rest_route=%2Fwp%2Fv2%2Fproduct_cat&post=16579"},{"taxonomy":"product_tag","embeddable":true,"href":"https:\/\/www.autonvaraosahaku.fi\/index.php?rest_route=%2Fwp%2Fv2%2Fproduct_tag&post=16579"}],"curies":[{"name":"wp","href":"https:\/\/api.w.org\/{rel}","templated":true}]}}