{"id":16584,"date":"2021-02-21T14:27:45","date_gmt":"2021-02-21T14:27:45","guid":{"rendered":"https:\/\/www.autonvaraosahaku.fi\/?product=ridex-854s2081-iskunvaimennin"},"modified":"2021-02-21T14:27:46","modified_gmt":"2021-02-21T14:27:46","slug":"ridex-854s2081-iskunvaimennin","status":"publish","type":"product","link":"https:\/\/www.autonvaraosahaku.fi\/?product=ridex-854s2081-iskunvaimennin","title":{"rendered":"RIDEX 854S2081 Iskunvaimennin"},"content":{"rendered":"<p>Asennuspuoli: Taka-akseli; Lukum\u00e4\u00e4r\u00e4 akselille: 1; Iskunvaimennin tyyppi: \u00d6ljypaine; Iskunvaimennin malli: Teleskooppi-iskunvaimentaja; Iskunvaimennusj\u00e4rjestelm\u00e4: Kaksiputki; Iskunvaimennin asennustapa: Silmukka ylh\u00e4\u00e4ll\u00e4, Silmukka alhaalla; L\u00e4pimitta [mm]: 39; Pituus 1 (mm): 422; Pituus 2 (mm): 251; Valmistusvuosi alkaen: 07\/1986; MERCEDES-BENZ: ACTROS MP4 \/ MP5,AROCS,CONECTO (O 345),MK; FIAT: PANDA 141A_,PANDA Van 141_; VOLVO: FE; LANCIA: Y10 156; AUTOBIANCHI: Y10; SCANIA: 4 &#8211; series; PASQUALI: ORION; MAN: F90; MAGIRUS-DEUTZ: D-Series,M-Series; ERF: ECT; 4967923, 5967923, 71712473, 71712479, 71718283, 7612327, 5967923, 71718283, 71736464, 71736466, 7600789, 7612327, 7672327, 7674873, 7720252, 0000007674876, 5967923, 71712473, 71712479, 7612327, 7672327, 7674873; Iskarit,Iskunvaimennin<\/p>\n","protected":false},"excerpt":{"rendered":"<p>RIDEX Iskunvaimentimet 854S2081 Iskarit,Iskunvaimennin MERCEDES-BENZ,FIAT,VOLVO,ACTROS MP4 \/ MP5,AROCS,CONECTO (O 345),MK,PANDA 141A_,PANDA Van 141_<\/p>\n","protected":false},"featured_media":0,"template":"","meta":{"site-sidebar-layout":"default","site-content-layout":"default","ast-global-header-display":"","ast-main-header-display":"","ast-hfb-above-header-display":"","ast-hfb-below-header-display":"","ast-hfb-mobile-header-display":"","site-post-title":"","ast-breadcrumbs-content":"","ast-featured-img":"","footer-sml-layout":"","theme-transparent-header-meta":"","adv-header-id-meta":"","stick-header-meta":"","header-above-stick-meta":"","header-main-stick-meta":"","header-below-stick-meta":""},"pwb-brand":[157],"product_cat":[80],"product_tag":[],"class_list":{"0":"post-16584","1":"product","2":"type-product","3":"status-publish","5":"pwb-brand-ridex","6":"product_cat-iskunvaimennin","7":"desktop-align-left","8":"tablet-align-left","9":"mobile-align-left","11":"first","12":"instock","13":"product-type-external"},"brands":[{"id":157,"name":"RIDEX","slug":"ridex"}],"_links":{"self":[{"href":"https:\/\/www.autonvaraosahaku.fi\/index.php?rest_route=\/wp\/v2\/product\/16584","targetHints":{"allow":["GET"]}}],"collection":[{"href":"https:\/\/www.autonvaraosahaku.fi\/index.php?rest_route=\/wp\/v2\/product"}],"about":[{"href":"https:\/\/www.autonvaraosahaku.fi\/index.php?rest_route=\/wp\/v2\/types\/product"}],"wp:attachment":[{"href":"https:\/\/www.autonvaraosahaku.fi\/index.php?rest_route=%2Fwp%2Fv2%2Fmedia&parent=16584"}],"wp:term":[{"taxonomy":"pwb-brand","embeddable":true,"href":"https:\/\/www.autonvaraosahaku.fi\/index.php?rest_route=%2Fwp%2Fv2%2Fpwb-brand&post=16584"},{"taxonomy":"product_cat","embeddable":true,"href":"https:\/\/www.autonvaraosahaku.fi\/index.php?rest_route=%2Fwp%2Fv2%2Fproduct_cat&post=16584"},{"taxonomy":"product_tag","embeddable":true,"href":"https:\/\/www.autonvaraosahaku.fi\/index.php?rest_route=%2Fwp%2Fv2%2Fproduct_tag&post=16584"}],"curies":[{"name":"wp","href":"https:\/\/api.w.org\/{rel}","templated":true}]}}