{"id":16601,"date":"2021-02-21T14:27:48","date_gmt":"2021-02-21T14:27:48","guid":{"rendered":"https:\/\/www.autonvaraosahaku.fi\/?product=ridex-298w0191-pyyhkijansulat"},"modified":"2021-02-21T14:27:49","modified_gmt":"2021-02-21T14:27:49","slug":"ridex-298w0191-pyyhkijansulat","status":"publish","type":"product","link":"https:\/\/www.autonvaraosahaku.fi\/?product=ridex-298w0191-pyyhkijansulat","title":{"rendered":"RIDEX 298W0191 Pyyhkij\u00e4nsulat"},"content":{"rendered":"<p>Asennuspuoli: Edess\u00e4; M\u00e4\u00e4r\u00e4yksikk\u00f6: Sarja; Pituus 1 (mm): 600; Pituus 2 (mm): 340; Pyyhkij\u00e4nsulkatyyppi: Flatblade-pyyhinsulka (rungoton); Vasen \/ oikea liikenne: Ohjaus vasemmalla; Valmistusvuoteen: 12\/2016; FORD: KA RU8; FIAT: 500 312; TOYOTA: YARIS SCP9_, NSP9_, KSP9_, NCP9_, ZSP9_,VIOS\/YARIS Stufenheck ZSP9_, NCP9_,URBAN CRUISER NSP1_, NLP1_, ZSP1_, NCP11_; NISSAN: NOTE E11,NOTE E12,TIIDA Schr\u00e4gheck,TIIDA Stufenheck SC11X; MAZDA: 2 DE,2 Stufenheck DE; HONDA: CIVIC VII Hatchback EU, EP, EV,STREAM RN,CITY Stufenheck GM,CITY Stufenheck GM6; MITSUBISHI: COLT VI Z3_A, Z2_A; DAIHATSU: CHARADE; GREAT WALL: TENGYI C10 Schr\u00e4gheck; Tuulilasinpyyhkimet,Pyyhkij\u00e4t,Pyyhkij\u00e4nsulka<\/p>\n","protected":false},"excerpt":{"rendered":"<p>RIDEX Pyyhkij\u00e4nsulat 298W0191 Tuulilasinpyyhkimet,Pyyhkij\u00e4t FORD,FIAT,TOYOTA,KA RU8,500 312,YARIS SCP9_, NSP9_, KSP9_, NCP9_, ZSP9_<\/p>\n","protected":false},"featured_media":0,"template":"","meta":{"site-sidebar-layout":"default","site-content-layout":"default","ast-global-header-display":"","ast-main-header-display":"","ast-hfb-above-header-display":"","ast-hfb-below-header-display":"","ast-hfb-mobile-header-display":"","site-post-title":"","ast-breadcrumbs-content":"","ast-featured-img":"","footer-sml-layout":"","theme-transparent-header-meta":"","adv-header-id-meta":"","stick-header-meta":"","header-above-stick-meta":"","header-main-stick-meta":"","header-below-stick-meta":""},"pwb-brand":[157],"product_cat":[33],"product_tag":[],"class_list":{"0":"post-16601","1":"product","2":"type-product","3":"status-publish","5":"pwb-brand-ridex","6":"product_cat-pyyhkijansulat","7":"desktop-align-left","8":"tablet-align-left","9":"mobile-align-left","11":"first","12":"instock","13":"product-type-external"},"brands":[{"id":157,"name":"RIDEX","slug":"ridex"}],"_links":{"self":[{"href":"https:\/\/www.autonvaraosahaku.fi\/index.php?rest_route=\/wp\/v2\/product\/16601","targetHints":{"allow":["GET"]}}],"collection":[{"href":"https:\/\/www.autonvaraosahaku.fi\/index.php?rest_route=\/wp\/v2\/product"}],"about":[{"href":"https:\/\/www.autonvaraosahaku.fi\/index.php?rest_route=\/wp\/v2\/types\/product"}],"wp:attachment":[{"href":"https:\/\/www.autonvaraosahaku.fi\/index.php?rest_route=%2Fwp%2Fv2%2Fmedia&parent=16601"}],"wp:term":[{"taxonomy":"pwb-brand","embeddable":true,"href":"https:\/\/www.autonvaraosahaku.fi\/index.php?rest_route=%2Fwp%2Fv2%2Fpwb-brand&post=16601"},{"taxonomy":"product_cat","embeddable":true,"href":"https:\/\/www.autonvaraosahaku.fi\/index.php?rest_route=%2Fwp%2Fv2%2Fproduct_cat&post=16601"},{"taxonomy":"product_tag","embeddable":true,"href":"https:\/\/www.autonvaraosahaku.fi\/index.php?rest_route=%2Fwp%2Fv2%2Fproduct_tag&post=16601"}],"curies":[{"name":"wp","href":"https:\/\/api.w.org\/{rel}","templated":true}]}}