{"id":16602,"date":"2021-02-21T14:27:48","date_gmt":"2021-02-21T14:27:48","guid":{"rendered":"https:\/\/www.autonvaraosahaku.fi\/?product=ridex-298w0172-pyyhkijansulat"},"modified":"2021-02-21T14:27:49","modified_gmt":"2021-02-21T14:27:49","slug":"ridex-298w0172-pyyhkijansulat","status":"publish","type":"product","link":"https:\/\/www.autonvaraosahaku.fi\/?product=ridex-298w0172-pyyhkijansulat","title":{"rendered":"RIDEX 298W0172 Pyyhkij\u00e4nsulat"},"content":{"rendered":"<p>Pituus (mm): 400; Pituus (tuumaa): 16; Materiaali: Muovi; M\u00e4\u00e4r\u00e4: 1; Pakkaustyyppi: Kuplapakkaus; Valmistusvuosi alkaen: 10\/2004; OPEL: CORSA C F08, F68,MERIVA,ZAFIRA A F75_,ASTRA G CC F48_, F08_,MERIVA B,VECTRA C GTS,VIVARO Kasten F7,COMBO Kasten\/Kombi,VIVARO Combi J7,COMBO Tour,CORSA C Kasten F08, W5L,VIVARO Combi,VIVARO Kasten; RENAULT: KANGOO KC0\/1_,SC\u00c9NIC I JA0\/1_,ESPACE III JE0_,MEGANE Scenic JA0\/1_,TRAFIC II Bus JL,TRAFIC II Kasten FL,KANGOO Express FC0\/1_,CLIO I B\/C57_, 5\/357_,MEGANE I Coach DA0\/1_,VEL SATIS BJ0_,SANDERO\/STEPWAY I,CLIO I Kasten S57_; PEUGEOT: 306 Schr\u00e4gheck 7A, 7C, N3, N5,306 Kasten\/Schr\u00e4gheck; CITRO\u00cbN: XSARA PICASSO N68,C5 I DC_,C5 I Break DE_,C5 II RC_,XSARA Break N2,XSARA Kasten; NISSAN: MICRA II K11,PRIMERA Kombi WP12,PRIMASTAR Bus X83,PRIMASTAR Kasten X83,KUBISTAR X76,KUBISTAR Kasten X80,NV300 Kasten X82,NV300 Kombi X82; HONDA: ACCORD VI Hatchback CH; DACIA: SANDERO; CHRYSLER: VOYAGER IV RG, RS,GRAND VOYAGER V RT; LANCIA: VOYAGER Gro\u00dfraumlimousine RT; DODGE: CARAVAN V; Tuulilasinpyyhkimet,Pyyhkij\u00e4t,Pyyhkij\u00e4nsulka<\/p>\n","protected":false},"excerpt":{"rendered":"<p>RIDEX Pyyhkij\u00e4nsulat 298W0172 Tuulilasinpyyhkimet,Pyyhkij\u00e4t OPEL,RENAULT,PEUGEOT,CORSA C F08, F68,MERIVA,ZAFIRA A F75_,ASTRA G CC F48_, F08_,MERIVA B<\/p>\n","protected":false},"featured_media":0,"template":"","meta":{"site-sidebar-layout":"default","site-content-layout":"default","ast-global-header-display":"","ast-main-header-display":"","ast-hfb-above-header-display":"","ast-hfb-below-header-display":"","ast-hfb-mobile-header-display":"","site-post-title":"","ast-breadcrumbs-content":"","ast-featured-img":"","footer-sml-layout":"","theme-transparent-header-meta":"","adv-header-id-meta":"","stick-header-meta":"","header-above-stick-meta":"","header-main-stick-meta":"","header-below-stick-meta":""},"pwb-brand":[157],"product_cat":[33],"product_tag":[],"class_list":{"0":"post-16602","1":"product","2":"type-product","3":"status-publish","5":"pwb-brand-ridex","6":"product_cat-pyyhkijansulat","7":"desktop-align-left","8":"tablet-align-left","9":"mobile-align-left","11":"first","12":"instock","13":"product-type-external"},"brands":[{"id":157,"name":"RIDEX","slug":"ridex"}],"_links":{"self":[{"href":"https:\/\/www.autonvaraosahaku.fi\/index.php?rest_route=\/wp\/v2\/product\/16602","targetHints":{"allow":["GET"]}}],"collection":[{"href":"https:\/\/www.autonvaraosahaku.fi\/index.php?rest_route=\/wp\/v2\/product"}],"about":[{"href":"https:\/\/www.autonvaraosahaku.fi\/index.php?rest_route=\/wp\/v2\/types\/product"}],"wp:attachment":[{"href":"https:\/\/www.autonvaraosahaku.fi\/index.php?rest_route=%2Fwp%2Fv2%2Fmedia&parent=16602"}],"wp:term":[{"taxonomy":"pwb-brand","embeddable":true,"href":"https:\/\/www.autonvaraosahaku.fi\/index.php?rest_route=%2Fwp%2Fv2%2Fpwb-brand&post=16602"},{"taxonomy":"product_cat","embeddable":true,"href":"https:\/\/www.autonvaraosahaku.fi\/index.php?rest_route=%2Fwp%2Fv2%2Fproduct_cat&post=16602"},{"taxonomy":"product_tag","embeddable":true,"href":"https:\/\/www.autonvaraosahaku.fi\/index.php?rest_route=%2Fwp%2Fv2%2Fproduct_tag&post=16602"}],"curies":[{"name":"wp","href":"https:\/\/api.w.org\/{rel}","templated":true}]}}