{"id":16620,"date":"2021-02-21T14:27:52","date_gmt":"2021-02-21T14:27:52","guid":{"rendered":"https:\/\/www.autonvaraosahaku.fi\/?product=shell-550039926-moottorioljy"},"modified":"2021-02-21T14:27:52","modified_gmt":"2021-02-21T14:27:52","slug":"shell-550039926-moottorioljy","status":"publish","type":"product","link":"https:\/\/www.autonvaraosahaku.fi\/?product=shell-550039926-moottorioljy","title":{"rendered":"SHELL 550039926 Moottori\u00f6ljy"},"content":{"rendered":"<p>Pakkaustyyppi: Kanisteri; Tilavuus (litra): 4; Viskositeettiluokka SAE: 15W-40; Erittely: ACEA A3, API SL, ACEA B4, API CF; \u00d6ljy: Mineraali\u00f6ljy; Tuotelinja: Helix; Versio: HX3; API-m\u00e4\u00e4rittely: CF, SL; ACEA-m\u00e4\u00e4rittely: Aktivointi katkaisijasta; VW: KAEFER; MAZDA: CX-5 KE, GH,MX-5 II NB,323 F VI BJ,CX-7 ER,3 BL,MX-5 I NA,5 CW,3 BM,FAMILIA V BA,3 Stufenheck BL,FAMILIA VI BJ,3 Stufenheck BM,B-SERIE UN,323 C IV BG,FAMILIA IV BF,121 III JASM, JBSM,CX-9 TB,RX 7 II FC,323 III Hatchback BF,RX 7 I SA,626 III GD,FAMILIA IV BG,626 III Hatchback GD,626 III Coupe GD,E-SERIE Kasten SR2,626 III Station Wagon GV,626 II GC,626 II Hatchback GC,929 III HC,B-SERIE UF,323 III BF,929 II Coupe HB,323 III Station Wagon BW,323 II Hatchback BD,121 I DA,323 II BD,929 II HB,929 I LA,323 I Station Wagon FA,929 II Kombi HV,B-SERIE UD; SKODA: FELICIA I 6U1,FELICIA II 6U1,FELICIA I Fun 797,FELICIA I Kombi 6U5,105,120 742,FAVORIT 781,FAVORIT Forman 785,FAVORIT Pick-up 787,130,RAPID 120G, 130G, 135G; BMW: 3 Compact E36,3 E36,3 E30,3 Coupe E36,Z3 E36,3 Cabriolet E30,3 Cabriolet E36,3 Touring E36,8 E31,3 Touring E30; CHEVROLET: MATIZ M200, M250,NUBIRA Kombi,KALOS,AVEO Schr\u00e4gheck T250, T255,EPICA KL1_,LACETTI J200,AVEO Stufenheck T250, T255,REZZO,KALOS Stufenheck,EVANDA,NUBIRA Stufenheck,SPARK M200 M250,AVEO Stufenheck T200,SPARK M150,LACETTI Kombi J200,AVEO Schr\u00e4gheck T200,LACETTI Stufenheck; JEEP: WRANGLER I YJ, SJ_,CJ5 &#8211; CJ8; DAEWOO: KALOS KLAS,MATIZ KLYA,REZZO KLAU,LANOS KLAT,EVANDA KLAL,LACETTI Schr\u00e4gheck KLAN,NUBIRA Stufenheck KLAN,KALOS Stufenheck KLAS,NUBIRA Wagon KLAN,NUBIRA Wagon KLAJ,LANOS Stufenheck KLAT,LEGANZA KLAV,NUBIRA Stufenheck KLAJ,NUBIRA KLAJ,MUSSO FJ,KORANDO KJ,KORANDO Cabrio KJ; LADA: NIVA 2121,1200-1600,KALINA Kombi 1117,KALINA Schr\u00e4gheck 1119,111 2111,110 2110,1200-1500 Kombi,SAMARA 2108, 2109, 2115, 2113, 2114,PRIORA Kombi 2171,NOVA 2105,KALINA Stufenheck 1118,GRANTA 2190,112 2112,TOSCANA 2107,PRIORA Schr\u00e4gheck 2172,SAMARA Stufenheck 21099, 2115,KALINA Kombi 2194,KALINA Schr\u00e4gheck 2192; IVECO: DAILY II Pritsche\/Fahrgestell,DAILY II Kasten\/Kombi,DAILY I Pritsche\/Fahrgestell,DAILY II Bus,DAILY I Kasten\/Kombi,DAILY II Kipper; NISSAN: QASHQAI \/ QASHQAI +2 J10, JJ10,MICRA III K12,X-TRAIL T30,MICRA II K11,NOTE E11,ALMERA TINO V10,ALMERA II Hatchback N16,JUKE F15,PATHFINDER R51,X-TRAIL T31,PRIMERA P11,MICRA IV K13,PRIMERA Kombi WP12,PIXO UA0,PRIMERA P12,NV200 EVALIA,TERRANO II R20,PRIMERA Traveller WP11,350 Z Z33,PRIMERA Hatchback P11,MICRA C+C K12,MURANO Z50,NOTE E12,PRIMERA Hatchback P12,PATROL GR II Wagon Y61,TIIDA Schr\u00e4gheck,NV200 Kasten,ALMERA I Hatchback N15,MURANO Z51,PICK UP D22,PATHFINDER R50,ALMERA Mk II N16,200 SX S13,MICRA I K10,370 Z Z34,PRIMASTAR Bus X83,ALMERA I N15,PICK UP D21,100 NX B13,SERENA C23M,200 SX S14,PATROL GR I Y60, GR,PRIMERA P10,350 Z Roadster Z33,PRIMASTAR Kasten X83,MAXIMA QX A33,TERRANO I WD21,300 ZX Z32,PATROL Hardtop K160,MAXIMA QX A32,CUBE Z12,300 ZX Z31,PATROL Hardtop K260,TIIDA Stufenheck SC11X,SUNNY II Coupe B12,370 Z Roadster Z34,SUNNY III N14,QASHQAI J11, J11_,VANETTE Bus C22,PULSAR V Schr\u00e4gheck N14,SUNNY III Liftback N14,PRIMERA Hatchback P<\/p>\n","protected":false},"excerpt":{"rendered":"<p>SHELL Moottori\u00f6ljy 550039926<\/p>\n","protected":false},"featured_media":0,"template":"","meta":{"site-sidebar-layout":"default","site-content-layout":"default","ast-global-header-display":"","ast-main-header-display":"","ast-hfb-above-header-display":"","ast-hfb-below-header-display":"","ast-hfb-mobile-header-display":"","site-post-title":"","ast-breadcrumbs-content":"","ast-featured-img":"","footer-sml-layout":"","theme-transparent-header-meta":"","adv-header-id-meta":"","stick-header-meta":"","header-above-stick-meta":"","header-main-stick-meta":"","header-below-stick-meta":""},"pwb-brand":[396],"product_cat":[129],"product_tag":[],"class_list":{"0":"post-16620","1":"product","2":"type-product","3":"status-publish","5":"pwb-brand-shell","6":"product_cat-moottorioljy","7":"desktop-align-left","8":"tablet-align-left","9":"mobile-align-left","11":"first","12":"instock","13":"product-type-external"},"brands":[{"id":396,"name":"SHELL","slug":"shell"}],"_links":{"self":[{"href":"https:\/\/www.autonvaraosahaku.fi\/index.php?rest_route=\/wp\/v2\/product\/16620","targetHints":{"allow":["GET"]}}],"collection":[{"href":"https:\/\/www.autonvaraosahaku.fi\/index.php?rest_route=\/wp\/v2\/product"}],"about":[{"href":"https:\/\/www.autonvaraosahaku.fi\/index.php?rest_route=\/wp\/v2\/types\/product"}],"wp:attachment":[{"href":"https:\/\/www.autonvaraosahaku.fi\/index.php?rest_route=%2Fwp%2Fv2%2Fmedia&parent=16620"}],"wp:term":[{"taxonomy":"pwb-brand","embeddable":true,"href":"https:\/\/www.autonvaraosahaku.fi\/index.php?rest_route=%2Fwp%2Fv2%2Fpwb-brand&post=16620"},{"taxonomy":"product_cat","embeddable":true,"href":"https:\/\/www.autonvaraosahaku.fi\/index.php?rest_route=%2Fwp%2Fv2%2Fproduct_cat&post=16620"},{"taxonomy":"product_tag","embeddable":true,"href":"https:\/\/www.autonvaraosahaku.fi\/index.php?rest_route=%2Fwp%2Fv2%2Fproduct_tag&post=16620"}],"curies":[{"name":"wp","href":"https:\/\/api.w.org\/{rel}","templated":true}]}}