{"id":16637,"date":"2021-02-21T14:27:52","date_gmt":"2021-02-21T14:27:52","guid":{"rendered":"https:\/\/www.autonvaraosahaku.fi\/?product=shell-550040651-moottorioljy"},"modified":"2021-02-21T14:27:54","modified_gmt":"2021-02-21T14:27:54","slug":"shell-550040651-moottorioljy","status":"publish","type":"product","link":"https:\/\/www.autonvaraosahaku.fi\/?product=shell-550040651-moottorioljy","title":{"rendered":"SHELL 550040651 Moottori\u00f6ljy"},"content":{"rendered":"<p>Pakkaustyyppi: Kanisteri; Viskositeettiluokka SAE: 0W-30; Tilavuus (litra): 4; Erittely: ACEA A1, API SL, ACEA B1, ACEA A5, ACEA B5, API CF; \u00d6ljy: Synteettinen \u00f6ljy; Tuotelinja: Helix; Versio: Ultra A5\/B5; API-m\u00e4\u00e4rittely: CF, SL; ACEA-m\u00e4\u00e4rittely: Aktivointi nopeussignaalilla, A5\/B5; MAZDA: 5 CR19,3 BK,6 Station Wagon GY,CX-5 KE, GH,2 DY,6 Kombi GH,2 DE,CX-7 ER,6 Hatchback GG,6 GG,3 BL,TRIBUTE EP,5 CW,3 BM,MX-5 III NC,6 Kombi GJ, GH,6 Schr\u00e4gheck GH,3 Stufenheck BK,6 GH,6 Stufenheck GJ, GH,3 Stufenheck BL,3 Stufenheck BM,BT-50 CD, UN,CX-9 TB,BT-50 Pritsche\/Fahrgestell CD, UN; CHEVROLET: CAPTIVA C100, C140,MATIZ M200, M250,NUBIRA Kombi,AVEO Schr\u00e4gheck T250, T255,AVEO Schr\u00e4gheck T300,EPICA KL1_,LACETTI J200,AVEO Stufenheck T250, T255,REZZO,KALOS Stufenheck,AVEO Stufenheck T300,EVANDA,NUBIRA Stufenheck,SPARK M200 M250,AVEO Stufenheck T200; JEEP: GRAND CHEROKEE III WH, WK,GRAND CHEROKEE IV WK, WK2,WRANGLER III JK,CHEROKEE KJ,COMMANDER XK,WRANGLER II TJ; DAEWOO: MATIZ KLYA,REZZO KLAU,EVANDA KLAL,NUBIRA Stufenheck KLAN; LADA: NIVA 2121; IVECO: DAILY IV Kasten\/Kombi,DAILY III Pritsche\/Fahrgestell,DAILY III Kasten\/Kombi,DAILY IV Pritsche\/Fahrgestell,DAILY V Kasten\/Kombi,DAILY V Pritsche\/Fahrgestell,MASSIF Station Wagon,DAILY IV Bus,DAILY IV Kipper,DAILY V Kipper,MASSIF Single Cab,MASSIF Pick-up; NISSAN: QASHQAI \/ QASHQAI +2 J10, JJ10,X-TRAIL T30,NOTE E11,NAVARA D40,JUKE F15,PATHFINDER R51,MICRA IV K13,PIXO UA0,PRIMERA P12,NV200 EVALIA,MURANO Z50,PRIMERA Hatchback P12,NV200 Kasten,MURANO Z51,KUBISTAR X76,QASHQAI J11, J11_,KUBISTAR Kasten X80,PULSAR Schr\u00e4gheck C13; KIA: SORENTO I JC,PICANTO BA,SPORTAGE SL,CEE&#8217;D SW ED,CEE&#8217;D Schr\u00e4gheck ED,SPORTAGE JE_, KM_,VENGA YN,SORENTO II XM,CARENS II FJ,RIO III UB,RIO II JB,CEE&#8217;D JD,CARENS III UN,CARNIVAL \/ GRAND CARNIVAL III VQ,PICANTO TA,CEE`D Sportswagon JD,PRO CEE&#8217;D ED,CARENS IV,SOUL AM,CERATO LD,MAGENTIS MG,PRO CEE\u00b4D JD,CERATO Stufenheck LD,RIO II Stufenheck JB,OPTIMA,RIO III Stufenheck UB,CERATO II Stufenheck TD,SORENTO III,SOUL II PS; LEXUS: IS II GSE2_, ALE2_, USE2_,RX MHU3_, GSU3_, MCU3_,IS I JCE1_, GXE1_,GS GRS19_, UZS19_, GWS19_,RX GYL1_, GGL15, AGL10,CT ZWA1_,GS UZS161, JZS160,IS SportCross,RX MCU15,IS III GSE3_, AVE3_,LS UVF4_, USF4_,GS GRL1_, GWL1_,SC UZZ40_,LS UCF30,IS C GSE2_,NX ZGZ1_, AGZ1_, AYZ1_,RX _L2_,RC GSC1_, USC1_; HONDA: CIVIC VIII Hatchback FN, FK,CR-V III RE,JAZZ III GE,CR-V II RD_,ACCORD VII CL,FR-V BE,CR-V IV RE,ACCORD VIII CU,ACCORD VII Tourer CM,CIVIC IX FK,ACCORD VIII Kombi,CIVIC VI Fastback MA, MB,CIVIC VIII Stufenheck FD, FA,JAZZ Stufenheck,INSIGHT ZE_,CR-Z ZF1,CIVIC VII Stufenheck ES,CIVIC IX Stufenheck FB, FG,LEGEND IV KB_,CIVIC IX Tourer FK,CITY Stufenheck GM<\/p>\n","protected":false},"excerpt":{"rendered":"<p>SHELL Moottori\u00f6ljy 550040651<\/p>\n","protected":false},"featured_media":0,"template":"","meta":{"site-sidebar-layout":"default","site-content-layout":"default","ast-global-header-display":"","ast-main-header-display":"","ast-hfb-above-header-display":"","ast-hfb-below-header-display":"","ast-hfb-mobile-header-display":"","site-post-title":"","ast-breadcrumbs-content":"","ast-featured-img":"","footer-sml-layout":"","theme-transparent-header-meta":"","adv-header-id-meta":"","stick-header-meta":"","header-above-stick-meta":"","header-main-stick-meta":"","header-below-stick-meta":""},"pwb-brand":[396],"product_cat":[129],"product_tag":[],"class_list":{"0":"post-16637","1":"product","2":"type-product","3":"status-publish","5":"pwb-brand-shell","6":"product_cat-moottorioljy","7":"desktop-align-left","8":"tablet-align-left","9":"mobile-align-left","11":"first","12":"instock","13":"product-type-external"},"brands":[{"id":396,"name":"SHELL","slug":"shell"}],"_links":{"self":[{"href":"https:\/\/www.autonvaraosahaku.fi\/index.php?rest_route=\/wp\/v2\/product\/16637","targetHints":{"allow":["GET"]}}],"collection":[{"href":"https:\/\/www.autonvaraosahaku.fi\/index.php?rest_route=\/wp\/v2\/product"}],"about":[{"href":"https:\/\/www.autonvaraosahaku.fi\/index.php?rest_route=\/wp\/v2\/types\/product"}],"wp:attachment":[{"href":"https:\/\/www.autonvaraosahaku.fi\/index.php?rest_route=%2Fwp%2Fv2%2Fmedia&parent=16637"}],"wp:term":[{"taxonomy":"pwb-brand","embeddable":true,"href":"https:\/\/www.autonvaraosahaku.fi\/index.php?rest_route=%2Fwp%2Fv2%2Fpwb-brand&post=16637"},{"taxonomy":"product_cat","embeddable":true,"href":"https:\/\/www.autonvaraosahaku.fi\/index.php?rest_route=%2Fwp%2Fv2%2Fproduct_cat&post=16637"},{"taxonomy":"product_tag","embeddable":true,"href":"https:\/\/www.autonvaraosahaku.fi\/index.php?rest_route=%2Fwp%2Fv2%2Fproduct_tag&post=16637"}],"curies":[{"name":"wp","href":"https:\/\/api.w.org\/{rel}","templated":true}]}}