{"id":16662,"date":"2021-02-21T14:27:59","date_gmt":"2021-02-21T14:27:59","guid":{"rendered":"https:\/\/www.autonvaraosahaku.fi\/?product=ridex-298w0170-pyyhkijansulat"},"modified":"2021-02-21T14:28:00","modified_gmt":"2021-02-21T14:28:00","slug":"ridex-298w0170-pyyhkijansulat","status":"publish","type":"product","link":"https:\/\/www.autonvaraosahaku.fi\/?product=ridex-298w0170-pyyhkijansulat","title":{"rendered":"RIDEX 298W0170 Pyyhkij\u00e4nsulat"},"content":{"rendered":"<p>Asennuspuoli: Edess\u00e4; M\u00e4\u00e4r\u00e4yksikk\u00f6: Sarja; Pituus 1 (mm): 530; Pituus 2 (mm): 450; Pyyhkij\u00e4nsulkatyyppi: Flatblade-pyyhinsulka (rungoton); Vasen \/ oikea liikenne: Ohjaus vasemmalla; Valmistusvuosi alkaen: 01\/2011; VW: CADDY II Kasten 9K9A,POLO Variant 6KV5,POLO CLASSIC 6KV2,CADDY II Kombi 9K9B,CADDY II Pick-up 9U7,POLO PLAYA; BMW: 3 E46,3 Touring E46,3 Compact E46,3 Coupe E46,3 Cabriolet E46; OPEL: CORSA C F08, F68,VECTRA C Caravan,SIGNUM,VECTRA C,AGILA A H00,VECTRA C GTS,TIGRA TwinTop,CORSA CLASSIC Stufenheck,CORSA C Kasten F08, W5L,CORSA C Utility Pick-up,CORSA B Utility Pick-up; RENAULT: CLIO II BB0\/1\/2_, CB0\/1\/2_,CLIO II Kasten SB0\/1\/2_,THALIA I LB0\/1\/2_; FIAT: GRANDE PUNTO 199,PUNTO 188,STILO 192,FREEMONT JF_,DOBLO Cargo 223,STILO Multi Wagon 192,DOBLO 119,PUNTO Van 188AX,FULLBACK Pick-up 502_, 503_; SKODA: FELICIA I Fun 797; PEUGEOT: 106 II 1,106 I 1A, 1C,106 Van 1_; SEAT: IBIZA IV 6L1,TOLEDO II 1M2,CORDOBA Vario 6K1,CORDOBA 6L2,INCA 6K9; TOYOTA: RAV 4 II CLA2_, XA2_, ZCA2_, ACA2_,STARLET EP91,AVENSIS _T22_,COROLLA Liftback _E11_,IQ KPJ1_, NGJ1_, KGJ1_, NUJ1_,COROLLA Compact _E11_,AVENSIS Station Wagon _T22_,RAV 4 I SXA1_,HILUX III Pick-up TGN1_, GGN2_, GGN1_, KUN2_, KUN1_,AVENSIS Liftback _T22_,SUPRA JZA70_, GA70_, MA70,MR 2 II SW2_,PASEO Coupe EL54,COROLLA Compact _E10_,CARINA E _T19_,COROLLA _E11_,CARINA E Stufenheck _T19_,COROLLA Wagon __E11_,CARINA E Sportswagon _T19_,RAV 4 \u00a0 SXA1_,CAMRY _CV2_, _XV2_,COROLLA Liftback _E10_,COROLLA Liftback _E9_,PASEO Cabriolet EL54,COROLLA _E10_,CAMRY _CV1_, _XV1_, _V1_,CAMRY Station Wagon _XV1_, _CV1_, _V10,COROLLA Wagon _E10_,CAMRY _V2_,COROLLA Station Wagon _E9_,COROLLA _E9_,CAMRY Station Wagon _V2_,CROWN Stufenheck JZS13_, YS13_, LS13_, GS13_,MATRIX ZZE13_; HYUNDAI: COUPE GK,ACCENT II LC,COUPE RD,ACCENT III MC,ELANTRA XD,ELANTRA Stufenheck XD,ACCENT I X-3,ACCENT II Stufenheck LC,LANTRA II Wagon J-2,LANTRA II J-2,ACCENT Stufenheck X-3,SONATA III Y-3,LANTRA I J-1,ELANTRA Stufenheck HD,GENESIS BH,SONATA II Y-2; Tuulilasinpyyhkimet,Pyyhkij\u00e4t,Pyyhkij\u00e4nsulka<\/p>\n","protected":false},"excerpt":{"rendered":"<p>RIDEX Pyyhkij\u00e4nsulat 298W0170 Tuulilasinpyyhkimet,Pyyhkij\u00e4t VW,BMW,OPEL,CADDY II Kasten 9K9A,POLO Variant 6KV5,POLO CLASSIC 6KV2,CADDY II Kombi 9K9B<\/p>\n","protected":false},"featured_media":0,"template":"","meta":{"site-sidebar-layout":"default","site-content-layout":"default","ast-global-header-display":"","ast-main-header-display":"","ast-hfb-above-header-display":"","ast-hfb-below-header-display":"","ast-hfb-mobile-header-display":"","site-post-title":"","ast-breadcrumbs-content":"","ast-featured-img":"","footer-sml-layout":"","theme-transparent-header-meta":"","adv-header-id-meta":"","stick-header-meta":"","header-above-stick-meta":"","header-main-stick-meta":"","header-below-stick-meta":""},"pwb-brand":[157],"product_cat":[33],"product_tag":[],"class_list":{"0":"post-16662","1":"product","2":"type-product","3":"status-publish","5":"pwb-brand-ridex","6":"product_cat-pyyhkijansulat","7":"desktop-align-left","8":"tablet-align-left","9":"mobile-align-left","11":"first","12":"instock","13":"product-type-external"},"brands":[{"id":157,"name":"RIDEX","slug":"ridex"}],"_links":{"self":[{"href":"https:\/\/www.autonvaraosahaku.fi\/index.php?rest_route=\/wp\/v2\/product\/16662","targetHints":{"allow":["GET"]}}],"collection":[{"href":"https:\/\/www.autonvaraosahaku.fi\/index.php?rest_route=\/wp\/v2\/product"}],"about":[{"href":"https:\/\/www.autonvaraosahaku.fi\/index.php?rest_route=\/wp\/v2\/types\/product"}],"wp:attachment":[{"href":"https:\/\/www.autonvaraosahaku.fi\/index.php?rest_route=%2Fwp%2Fv2%2Fmedia&parent=16662"}],"wp:term":[{"taxonomy":"pwb-brand","embeddable":true,"href":"https:\/\/www.autonvaraosahaku.fi\/index.php?rest_route=%2Fwp%2Fv2%2Fpwb-brand&post=16662"},{"taxonomy":"product_cat","embeddable":true,"href":"https:\/\/www.autonvaraosahaku.fi\/index.php?rest_route=%2Fwp%2Fv2%2Fproduct_cat&post=16662"},{"taxonomy":"product_tag","embeddable":true,"href":"https:\/\/www.autonvaraosahaku.fi\/index.php?rest_route=%2Fwp%2Fv2%2Fproduct_tag&post=16662"}],"curies":[{"name":"wp","href":"https:\/\/api.w.org\/{rel}","templated":true}]}}