{"id":16680,"date":"2021-02-21T14:28:03","date_gmt":"2021-02-21T14:28:03","guid":{"rendered":"https:\/\/www.autonvaraosahaku.fi\/?product=heyner-034000-pyyhkijansulat"},"modified":"2021-02-21T14:28:03","modified_gmt":"2021-02-21T14:28:03","slug":"heyner-034000-pyyhkijansulat","status":"publish","type":"product","link":"https:\/\/www.autonvaraosahaku.fi\/?product=heyner-034000-pyyhkijansulat","title":{"rendered":"HEYNER 034000 Pyyhkij\u00e4nsulat"},"content":{"rendered":"<p>Pituus (mm): 600; Pituus (tuumaa): 24; M\u00e4\u00e4r\u00e4: 1; M\u00e4\u00e4r\u00e4yksikk\u00f6: Kappale; Lis\u00e4adapteri: B1; Pyyhkij\u00e4nsulkatyyppi: Hybridipyyhinsulka; Asennuspuoli: fahrerseitig; VW: GOLF V 1K1,TOURAN 1T1, 1T2,POLO 6R, 6C,TIGUAN 5N_,CADDY III Kombi 2KB, 2KJ, 2CB, 2CJ,TRANSPORTER V Bus 7HB, 7HJ, 7EB, 7EJ, 7EF,MULTIVAN V 7HM, 7HN, 7HF, 7EF, 7EM, 7EN,CADDY III Kasten 2KA, 2KH, 2CA, 2CH,TRANSPORTER V Kasten 7HA, 7HH, 7EA, 7EH,CRAFTER 30-50 Kasten 2E_,AMAROK 2H_, S1B,JETTA IV 162, 163,CRAFTER 30-35 Bus 2E_,TRANSPORTER V Pritsche\/Fahrgestell 7JD, 7JE, 7JL, 7JY, 7JZ,,LT 28-35 II Bus 2DB, 2DE, 2DK,CRAFTER 30-50 Pritsche\/Fahrgestell 2F_,CADDY IV Kombi SAB, SAJ,TRANSPORTER VI Bus SGB, SGG, SGJ,TRANSPORTER VI Kasten SGA, SGH,POLO AW1, BZ1,CADDY IV Kasten SAA, SAH,CADDY ALLTRACK Kombi SAB; AUDI: A4 8K2, B8,Q5 8R,A8 4E_,Q3 8U,A5 Cabriolet 8F7,A3 Cabriolet 8P7,A4 Avant 8W5, B9,TT FV3,A4 8W2, B9,Q5 FY,Q2 GA,A5 Sportback F5A,TT Roadster FV9,A5 F53,A4 Allroad 8WH, B9,A5 Cabriolet F57; MAZDA: CX-5 KE, GH,6 Kombi GH,6 Kombi GJ, GH,6 Schr\u00e4gheck GH,6 GH,6 Stufenheck GJ, GH,3 Stufenheck BL,3 Stufenheck BM,CX-5 KF; NISSAN: QASHQAI \/ QASHQAI +2 J10, JJ10,NAVARA D40,PATHFINDER R51,X-TRAIL T31,NOTE E12,370 Z Z34,PRIMASTAR Kasten X83; SKODA: OCTAVIA Combi 1Z5,OCTAVIA Combi 5E5,SUPERB Kombi 3T5,OCTAVIA 1Z3,CITIGO,SUPERB 3T4,OCTAVIA 5E3,FABIA NJ3,FABIA Kombi NJ5,KODIAQ NS7; SUZUKI: VITARA LY; SEAT: IBIZA V 6J5, 6P5,IBIZA V ST 6J8, 6P8,IBIZA V SPORTCOUPE 6J1, 6P1; CHEVROLET: CRUZE J300,CRUZE Station Wagon J308,CRUZE Schr\u00e4gheck J305,TRANS SPORT; MERCEDES-BENZ: C-CLASS T-Model S204,E-CLASS W212,C-CLASS Coupe CL203,SPRINTER 3,5-t Kasten 906,CLK Cabriolet A208,CLA Coupe C117,C-CLASS Coupe C204,SPRINTER 3-t Kasten 903,SPRINTER 3,5-t Bus 906,SPRINTER 2-t Bus 901, 902,SPRINTER 3-t Kasten 906,E-CLASS Cabriolet A207,SPRINTER 2-t Kasten 901, 902,SPRINTER 3-t Bus 903,SPRINTER 3,5-t Pritsche\/Fahrgestell 906,SPRINTER 3-t Pritsche\/Fahrgestell 903,E-CLASS Coupe C124,CITAN Kasten 415,SPRINTER 3-t Bus 906,SPRINTER 4-t Pritsche\/Fahrgestell 904,SPRINTER 2-t Pritsche\/Fahrgestell 901, 902,SPRINTER 5-t Kasten 906,SPRINTER 5-t Pritsche\/Fahrgestell 906,SPRINTER 4-t Kasten 904,CITAN Kombi 415,SPRINTER 3-t Pritsche\/Fahrgestell 906,SPRINTER 4,6-t Pritsche\/Fahrgestell 906,SPRINTER 4,6-t Kasten 906,SPRINTER 5-t Bus,GLA-CLASS X156,E-CLASS W213,E-CLASS T-Model S213,S-CLASS Coupe C217,E-CLASS Coupe C238,E-CLASS Cabriolet A238; KIA: SPORTAGE SL,CEE&#8217;D SW ED,CEE&#8217;D Schr\u00e4gheck ED,PRO CEE&#8217;D ED,CERATO LD,CERATO Stufenheck LD,OPTIMA,CARENS I FC,CERATO II Stufenheck TD,PICANTO JA; Tuulilasinpyyhkimet,Pyyhkij\u00e4t,Pyyhkij\u00e4nsulka<\/p>\n","protected":false},"excerpt":{"rendered":"<p>HEYNER Pyyhkij\u00e4nsulat HYBRID 034000 Tuulilasinpyyhkimet,Pyyhkij\u00e4t VW,AUDI,MAZDA,GOLF V 1K1,TOURAN 1T1, 1T2,POLO 6R, 6C,TIGUAN 5N_<\/p>\n","protected":false},"featured_media":0,"template":"","meta":{"site-sidebar-layout":"default","site-content-layout":"default","ast-global-header-display":"","ast-main-header-display":"","ast-hfb-above-header-display":"","ast-hfb-below-header-display":"","ast-hfb-mobile-header-display":"","site-post-title":"","ast-breadcrumbs-content":"","ast-featured-img":"","footer-sml-layout":"","theme-transparent-header-meta":"","adv-header-id-meta":"","stick-header-meta":"","header-above-stick-meta":"","header-main-stick-meta":"","header-below-stick-meta":""},"pwb-brand":[377],"product_cat":[33],"product_tag":[],"class_list":{"0":"post-16680","1":"product","2":"type-product","3":"status-publish","5":"pwb-brand-heyner","6":"product_cat-pyyhkijansulat","7":"desktop-align-left","8":"tablet-align-left","9":"mobile-align-left","11":"first","12":"instock","13":"product-type-external"},"brands":[{"id":377,"name":"HEYNER","slug":"heyner"}],"_links":{"self":[{"href":"https:\/\/www.autonvaraosahaku.fi\/index.php?rest_route=\/wp\/v2\/product\/16680","targetHints":{"allow":["GET"]}}],"collection":[{"href":"https:\/\/www.autonvaraosahaku.fi\/index.php?rest_route=\/wp\/v2\/product"}],"about":[{"href":"https:\/\/www.autonvaraosahaku.fi\/index.php?rest_route=\/wp\/v2\/types\/product"}],"wp:attachment":[{"href":"https:\/\/www.autonvaraosahaku.fi\/index.php?rest_route=%2Fwp%2Fv2%2Fmedia&parent=16680"}],"wp:term":[{"taxonomy":"pwb-brand","embeddable":true,"href":"https:\/\/www.autonvaraosahaku.fi\/index.php?rest_route=%2Fwp%2Fv2%2Fpwb-brand&post=16680"},{"taxonomy":"product_cat","embeddable":true,"href":"https:\/\/www.autonvaraosahaku.fi\/index.php?rest_route=%2Fwp%2Fv2%2Fproduct_cat&post=16680"},{"taxonomy":"product_tag","embeddable":true,"href":"https:\/\/www.autonvaraosahaku.fi\/index.php?rest_route=%2Fwp%2Fv2%2Fproduct_tag&post=16680"}],"curies":[{"name":"wp","href":"https:\/\/api.w.org\/{rel}","templated":true}]}}