{"id":16683,"date":"2021-02-21T14:28:03","date_gmt":"2021-02-21T14:28:03","guid":{"rendered":"https:\/\/www.autonvaraosahaku.fi\/?product=ridex-2067r0009-muut-luokat"},"modified":"2021-02-21T14:28:04","modified_gmt":"2021-02-21T14:28:04","slug":"ridex-2067r0009-muut-luokat","status":"publish","type":"product","link":"https:\/\/www.autonvaraosahaku.fi\/?product=ridex-2067r0009-muut-luokat","title":{"rendered":"RIDEX 2067R0009 Muut luokat"},"content":{"rendered":"<p>M\u00e4\u00e4r\u00e4yksikk\u00f6: Sarja; Tanko \/ tuki: Yhdystanko; Asennuspuoli: Etuakseli, vasen, Etuakseli, oikea; Pituus (mm): 270; Tarvittava kappalem\u00e4\u00e4r\u00e4: 1; Alustanumeroon: 5J-65006 009; VW: POLO 9N_,POLO 6R, 6C,FOX 5Z1, 5Z3,UP,POLO Stufenheck,POLO Stufenheck 9A4,GOL,POLO Van 6R,POLO AW1, BZ1,LOAD UP; AUDI: A2 8Z0,A1 8X1, 8XF,A1 Sportback 8XA, 8XK; SKODA: FABIA Combi 6Y5,FABIA,FABIA 6Y2,FABIA Combi,ROOMSTER 5J,CITIGO,RAPID Spaceback NH1,FABIA Stufenheck 6Y3,ROOMSTER Praktik 5J,RAPID NH3,FABIA Praktik,FABIA NJ3,FABIA Kombi NJ5; SEAT: IBIZA IV 6L1,IBIZA V 6J5, 6P5,IBIZA V ST 6J8, 6P8,Mii KF1_,IBIZA V SPORTCOUPE 6J1, 6P1,CORDOBA 6L2,TOLEDO IV KG3,IBIZA V KJ1,ARONA KJ7; 6C0411315, 6Q0411315A, 6Q0411315B, 6Q0411315C, 6Q0411315D, 6Q0411315E, 6Q0411315F, 6Q0411315G, 6Q0411315J, 6Q0411315L, 6Q0411315M, 6Q0411315P, 6Q0411315Q, 6R0411315, 6R0411315A, 6C0411315, 6Q0411315A, 6Q0411315B, 6Q0411315C, 6Q0411315E, 6Q0411315F, 6Q0411315G, 6Q0411315J, 6Q0411315L, 6Q0411315M, 6Q0411315N, 6Q0411315Q, 6R0411315, 6C0411315, 6Q0411315J, 6Q0411315L, 6Q0411315M, 6Q0411315N, 6Q0411315P, 6Q0411315Q, 6R0411315, 6R0411315A, 6R0411315B<\/p>\n","protected":false},"excerpt":{"rendered":"<p>RIDEX Korjaussarja, Vakaaja 2067R0009  VW,AUDI,SKODA,POLO 9N_,POLO 6R, 6C,FOX 5Z1, 5Z3,UP,POLO Stufenheck,POLO Stufenheck 9A4,GOL,POLO Van 6R<\/p>\n","protected":false},"featured_media":0,"template":"","meta":{"site-sidebar-layout":"default","site-content-layout":"default","ast-global-header-display":"","ast-main-header-display":"","ast-hfb-above-header-display":"","ast-hfb-below-header-display":"","ast-hfb-mobile-header-display":"","site-post-title":"","ast-breadcrumbs-content":"","ast-featured-img":"","footer-sml-layout":"","theme-transparent-header-meta":"","adv-header-id-meta":"","stick-header-meta":"","header-above-stick-meta":"","header-main-stick-meta":"","header-below-stick-meta":""},"pwb-brand":[157],"product_cat":[37],"product_tag":[],"class_list":{"0":"post-16683","1":"product","2":"type-product","3":"status-publish","5":"pwb-brand-ridex","6":"product_cat-muut-luokat","7":"desktop-align-left","8":"tablet-align-left","9":"mobile-align-left","11":"first","12":"instock","13":"product-type-external"},"brands":[{"id":157,"name":"RIDEX","slug":"ridex"}],"_links":{"self":[{"href":"https:\/\/www.autonvaraosahaku.fi\/index.php?rest_route=\/wp\/v2\/product\/16683","targetHints":{"allow":["GET"]}}],"collection":[{"href":"https:\/\/www.autonvaraosahaku.fi\/index.php?rest_route=\/wp\/v2\/product"}],"about":[{"href":"https:\/\/www.autonvaraosahaku.fi\/index.php?rest_route=\/wp\/v2\/types\/product"}],"wp:attachment":[{"href":"https:\/\/www.autonvaraosahaku.fi\/index.php?rest_route=%2Fwp%2Fv2%2Fmedia&parent=16683"}],"wp:term":[{"taxonomy":"pwb-brand","embeddable":true,"href":"https:\/\/www.autonvaraosahaku.fi\/index.php?rest_route=%2Fwp%2Fv2%2Fpwb-brand&post=16683"},{"taxonomy":"product_cat","embeddable":true,"href":"https:\/\/www.autonvaraosahaku.fi\/index.php?rest_route=%2Fwp%2Fv2%2Fproduct_cat&post=16683"},{"taxonomy":"product_tag","embeddable":true,"href":"https:\/\/www.autonvaraosahaku.fi\/index.php?rest_route=%2Fwp%2Fv2%2Fproduct_tag&post=16683"}],"curies":[{"name":"wp","href":"https:\/\/api.w.org\/{rel}","templated":true}]}}