{"id":16722,"date":"2021-02-21T14:28:10","date_gmt":"2021-02-21T14:28:10","guid":{"rendered":"https:\/\/www.autonvaraosahaku.fi\/?product=elf-2194830-moottorioljy"},"modified":"2021-02-21T14:28:11","modified_gmt":"2021-02-21T14:28:11","slug":"elf-2194830-moottorioljy","status":"publish","type":"product","link":"https:\/\/www.autonvaraosahaku.fi\/?product=elf-2194830-moottorioljy","title":{"rendered":"ELF 2194830 Moottori\u00f6ljy"},"content":{"rendered":"<p>Pakkaustyyppi: Pullo; Viskositeettiluokka SAE: 5W-50; \u00d6ljy: Synteettinen \u00f6ljy; Tilavuus (litra): 4; Erittely: ACEA A3, API SG, ACEA B3, ACEA B4, API CD; Valmistajan hyv\u00e4ksym\u00e4: MB 229.1, MB 229.3; Tuotelinja: Evolution; Versio: 900; API-m\u00e4\u00e4rittely: CD, SG; ACEA-m\u00e4\u00e4rittely: Aktivointi peruutusvaihteella, Aktivointi katkaisijasta; AUDI: A4 Avant 8ED, B7,A4 Avant 8E5, B6,A4 8E2, B6,A4 8EC, B7; MAZDA: MX-5 II NB,626 V Hatchback GF,626 V Station Wagon GW; JEEP: CHEROKEE KJ; LADA: NIVA 2121; NISSAN: MICRA III K12,X-TRAIL T30,MICRA II K11,PIXO UA0,PICK UP D21,PATROL GR I Y60, GR,MAXIMA QX A32; KIA: SORENTO I JC,CARENS II FJ,RIO Kombi DC,CERATO LD,MAGENTIS GD,CERATO Stufenheck LD,SHUMA II FB,CARENS I FC,SHUMA FB,PRIDE DA,SHUMA II Stufenheck FB; HONDA: CIVIC VII Hatchback EU, EP, EV,CIVIC VI Hatchback EJ, EK,ACCORD VI CG, CK,CIVIC VI Fastback MA, MB,CIVIC VI Aerodeck MB, MC,CIVIC VII Coupe EM2,ACCORD VI Hatchback CH,ACCORD V CE, CF,CIVIC VI Stufenheck EJ, EK,CIVIC VI Coupe EJ, EM1,CIVIC VII Stufenheck ES; LAND ROVER: RANGE ROVER I AE, AN, HAA, HAB, HAM, HBM, RE, RN; SSANGYONG: REXTON GAB_,KYRON,RODIUS,ACTYON SPORTS I QJ; HYUNDAI: ATOS PRIME MX,ATOS MX,GALLOPER II JK-01,COUPE RD,H-1 Kasten,H-1 \/ STAREX,ELANTRA XD,XG XG,SANTAMO,GALLOPER I,H100 Bus P,H100 Kasten<\/p>\n","protected":false},"excerpt":{"rendered":"<p>ELF Moottori\u00f6ljy 2194830<\/p>\n","protected":false},"featured_media":0,"template":"","meta":{"site-sidebar-layout":"default","site-content-layout":"default","ast-global-header-display":"","ast-main-header-display":"","ast-hfb-above-header-display":"","ast-hfb-below-header-display":"","ast-hfb-mobile-header-display":"","site-post-title":"","ast-breadcrumbs-content":"","ast-featured-img":"","footer-sml-layout":"","theme-transparent-header-meta":"","adv-header-id-meta":"","stick-header-meta":"","header-above-stick-meta":"","header-main-stick-meta":"","header-below-stick-meta":""},"pwb-brand":[398],"product_cat":[129],"product_tag":[],"class_list":{"0":"post-16722","1":"product","2":"type-product","3":"status-publish","5":"pwb-brand-elf","6":"product_cat-moottorioljy","7":"desktop-align-left","8":"tablet-align-left","9":"mobile-align-left","11":"first","12":"instock","13":"product-type-external"},"brands":[{"id":398,"name":"ELF","slug":"elf"}],"_links":{"self":[{"href":"https:\/\/www.autonvaraosahaku.fi\/index.php?rest_route=\/wp\/v2\/product\/16722","targetHints":{"allow":["GET"]}}],"collection":[{"href":"https:\/\/www.autonvaraosahaku.fi\/index.php?rest_route=\/wp\/v2\/product"}],"about":[{"href":"https:\/\/www.autonvaraosahaku.fi\/index.php?rest_route=\/wp\/v2\/types\/product"}],"wp:attachment":[{"href":"https:\/\/www.autonvaraosahaku.fi\/index.php?rest_route=%2Fwp%2Fv2%2Fmedia&parent=16722"}],"wp:term":[{"taxonomy":"pwb-brand","embeddable":true,"href":"https:\/\/www.autonvaraosahaku.fi\/index.php?rest_route=%2Fwp%2Fv2%2Fpwb-brand&post=16722"},{"taxonomy":"product_cat","embeddable":true,"href":"https:\/\/www.autonvaraosahaku.fi\/index.php?rest_route=%2Fwp%2Fv2%2Fproduct_cat&post=16722"},{"taxonomy":"product_tag","embeddable":true,"href":"https:\/\/www.autonvaraosahaku.fi\/index.php?rest_route=%2Fwp%2Fv2%2Fproduct_tag&post=16722"}],"curies":[{"name":"wp","href":"https:\/\/api.w.org\/{rel}","templated":true}]}}