{"id":16756,"date":"2021-02-21T14:28:14","date_gmt":"2021-02-21T14:28:14","guid":{"rendered":"https:\/\/www.autonvaraosahaku.fi\/?product=vaico-v30-2620-huohotin"},"modified":"2021-02-21T14:28:16","modified_gmt":"2021-02-21T14:28:16","slug":"vaico-v30-2620-huohotin","status":"publish","type":"product","link":"https:\/\/www.autonvaraosahaku.fi\/?product=vaico-v30-2620-huohotin","title":{"rendered":"VAICO V30-2620 Huohotin"},"content":{"rendered":"<p>Lis\u00e4tarvike\/lis\u00e4tieto: Ilman letkua; Huomioi tekniset tiedot: ; Korvaava tuote\/korvaava tiedote 2: Tiivisterenkaalla; Suositeltu vaihtov\u00e4li [km]: 60000; Pituus (mm): 140; K\u00e4ytt\u00f6: paineohjattu; Venttiilimalli: Kalvonventtiili, Ilmanpoistoventtiili; Huomioi ajoneuvovalmistajan vaatimukset: ; Kotelomateriaali: Polyamidi 6.6; Materiaali tiiviste: FPM (fluori-kumi)\/APM (polyakryyli-kumi); Leveys (mm): 80; Asennuspuoli: Sylinterikansi; Korkeus (mm): 65; Suositeltu vaihtov\u00e4li [vuotta]: 3; Huomioi huolto-ohjeet: ; Paino [kg]: 0,139; Pakkausleveys [cm]: 8,3; Pakkauskorkeus [mm]: 9; Pakkaussyvyys [cm]: 14,8; lis\u00e4tieto: CST99; TECDOC-moottorinumero: 34688; MERCEDES-BENZ: C-CLASS W203,E-CLASS W211,C-CLASS W204,C-CLASS T-Model S204,C-CLASS T-Model S203,E-CLASS T-Model S211,M-CLASS W164,GLK-CLASS X204,CLK C209,SPRINTER 3,5-t Kasten 906,S-CLASS W221,CLS C219,R-CLASS W251, V251,G-CLASS W463,CLK Cabriolet A209,SPRINTER 3,5-t Bus 906,GL-CLASS X164,SPRINTER 5-t Kasten 906,SPRINTER 5-t Pritsche\/Fahrgestell 906,G-CLASS Cabrio W463,SPRINTER 4,6-t Pritsche\/Fahrgestell 906; 6420100191, 6420100391, 6420100591, 6420101891, 6420102091, A6420100191, A6420100391, A6420100591, A6420101891, A6420102091; Venttiili, Kampikammiotuuletus<\/p>\n","protected":false},"excerpt":{"rendered":"<p>VAICO Huohotin V30-2620 Venttiili, Kampikammiotuuletus MERCEDES-BENZ,C-CLASS W203,E-CLASS W211,C-CLASS W204,C-CLASS T-Model S204,C-CLASS T-Model S203<\/p>\n","protected":false},"featured_media":0,"template":"","meta":{"site-sidebar-layout":"default","site-content-layout":"default","ast-global-header-display":"","ast-main-header-display":"","ast-hfb-above-header-display":"","ast-hfb-below-header-display":"","ast-hfb-mobile-header-display":"","site-post-title":"","ast-breadcrumbs-content":"","ast-featured-img":"","footer-sml-layout":"","theme-transparent-header-meta":"","adv-header-id-meta":"","stick-header-meta":"","header-above-stick-meta":"","header-main-stick-meta":"","header-below-stick-meta":""},"pwb-brand":[330],"product_cat":[125],"product_tag":[],"class_list":{"0":"post-16756","1":"product","2":"type-product","3":"status-publish","5":"pwb-brand-vaico","6":"product_cat-huohotin","7":"desktop-align-left","8":"tablet-align-left","9":"mobile-align-left","11":"first","12":"instock","13":"product-type-external"},"brands":[{"id":330,"name":"VAICO","slug":"vaico"}],"_links":{"self":[{"href":"https:\/\/www.autonvaraosahaku.fi\/index.php?rest_route=\/wp\/v2\/product\/16756","targetHints":{"allow":["GET"]}}],"collection":[{"href":"https:\/\/www.autonvaraosahaku.fi\/index.php?rest_route=\/wp\/v2\/product"}],"about":[{"href":"https:\/\/www.autonvaraosahaku.fi\/index.php?rest_route=\/wp\/v2\/types\/product"}],"wp:attachment":[{"href":"https:\/\/www.autonvaraosahaku.fi\/index.php?rest_route=%2Fwp%2Fv2%2Fmedia&parent=16756"}],"wp:term":[{"taxonomy":"pwb-brand","embeddable":true,"href":"https:\/\/www.autonvaraosahaku.fi\/index.php?rest_route=%2Fwp%2Fv2%2Fpwb-brand&post=16756"},{"taxonomy":"product_cat","embeddable":true,"href":"https:\/\/www.autonvaraosahaku.fi\/index.php?rest_route=%2Fwp%2Fv2%2Fproduct_cat&post=16756"},{"taxonomy":"product_tag","embeddable":true,"href":"https:\/\/www.autonvaraosahaku.fi\/index.php?rest_route=%2Fwp%2Fv2%2Fproduct_tag&post=16756"}],"curies":[{"name":"wp","href":"https:\/\/api.w.org\/{rel}","templated":true}]}}