{"id":16763,"date":"2021-02-21T14:28:18","date_gmt":"2021-02-21T14:28:18","guid":{"rendered":"https:\/\/www.autonvaraosahaku.fi\/?product=vaico-v10-4477-imusarja"},"modified":"2021-02-21T14:28:18","modified_gmt":"2021-02-21T14:28:18","slug":"vaico-v10-4477-imusarja","status":"publish","type":"product","link":"https:\/\/www.autonvaraosahaku.fi\/?product=vaico-v10-4477-imusarja","title":{"rendered":"VAICO V10-4477 Imusarja"},"content":{"rendered":"<p>Korvaava tuote\/korvaava tiedote 2: Ruuveilla; Polttoaine: Diesel; S\u00e4\u00e4din: ilman vaihtomekanismia; Materiaali tiiviste: NBR (nitriili-butadi-kumi); Kotelomateriaali: Polyamidi 6; Lis\u00e4tarvike\/lis\u00e4tieto: Tiivisteill\u00e4; Paino [kg]: 1,489; Pakkausleveys [cm]: 17,5; Pakkauskorkeus [mm]: 44,1; lis\u00e4tieto: CST98; Valmistusvuosi alkaen: 08\/2009; VW: GOLF VI 5K1,PASSAT Variant 3C5,GOLF PLUS 5M1, 521,PASSAT 3C2,TIGUAN 5N_,EOS 1F7, 1F8,SCIROCCO 137, 138,PASSAT CC 357,JETTA III 1K2; AUDI: A4 Avant 8K5, B8,A6 Avant 4F5, C6,A3 8P1,A3 Sportback 8PA,A4 8K2, B8,Q5 8R,A6 4F2, C6,A5 8T3,A5 Sportback 8TA,TT 8J3,A4 Allroad 8KH, B8,A5 Cabriolet 8F7,TT Roadster 8J9,A3 Cabriolet 8P7; SKODA: OCTAVIA Combi 1Z5,YETI 5L,SUPERB Kombi 3T5,OCTAVIA 1Z3,SUPERB 3T4; SEAT: LEON 1P1,EXEO ST 3R5,EXEO 3R2; 03L129711AG, 3L129711AG, 03L129711AG, 3L129711AG<\/p>\n","protected":false},"excerpt":{"rendered":"<p>VAICO Imusarjamoduli V10-4477  VW,AUDI,SKODA,GOLF VI 5K1,PASSAT Variant 3C5,GOLF PLUS 5M1, 521,PASSAT 3C2,TIGUAN 5N_,EOS 1F7, 1F8,SCIROCCO 137, 138<\/p>\n","protected":false},"featured_media":0,"template":"","meta":{"site-sidebar-layout":"default","site-content-layout":"default","ast-global-header-display":"","ast-main-header-display":"","ast-hfb-above-header-display":"","ast-hfb-below-header-display":"","ast-hfb-mobile-header-display":"","site-post-title":"","ast-breadcrumbs-content":"","ast-featured-img":"","footer-sml-layout":"","theme-transparent-header-meta":"","adv-header-id-meta":"","stick-header-meta":"","header-above-stick-meta":"","header-main-stick-meta":"","header-below-stick-meta":""},"pwb-brand":[330],"product_cat":[350],"product_tag":[],"class_list":{"0":"post-16763","1":"product","2":"type-product","3":"status-publish","5":"pwb-brand-vaico","6":"product_cat-imusarja","7":"desktop-align-left","8":"tablet-align-left","9":"mobile-align-left","11":"first","12":"instock","13":"product-type-external"},"brands":[{"id":330,"name":"VAICO","slug":"vaico"}],"_links":{"self":[{"href":"https:\/\/www.autonvaraosahaku.fi\/index.php?rest_route=\/wp\/v2\/product\/16763","targetHints":{"allow":["GET"]}}],"collection":[{"href":"https:\/\/www.autonvaraosahaku.fi\/index.php?rest_route=\/wp\/v2\/product"}],"about":[{"href":"https:\/\/www.autonvaraosahaku.fi\/index.php?rest_route=\/wp\/v2\/types\/product"}],"wp:attachment":[{"href":"https:\/\/www.autonvaraosahaku.fi\/index.php?rest_route=%2Fwp%2Fv2%2Fmedia&parent=16763"}],"wp:term":[{"taxonomy":"pwb-brand","embeddable":true,"href":"https:\/\/www.autonvaraosahaku.fi\/index.php?rest_route=%2Fwp%2Fv2%2Fpwb-brand&post=16763"},{"taxonomy":"product_cat","embeddable":true,"href":"https:\/\/www.autonvaraosahaku.fi\/index.php?rest_route=%2Fwp%2Fv2%2Fproduct_cat&post=16763"},{"taxonomy":"product_tag","embeddable":true,"href":"https:\/\/www.autonvaraosahaku.fi\/index.php?rest_route=%2Fwp%2Fv2%2Fproduct_tag&post=16763"}],"curies":[{"name":"wp","href":"https:\/\/api.w.org\/{rel}","templated":true}]}}