{"id":16787,"date":"2021-02-21T14:28:21","date_gmt":"2021-02-21T14:28:21","guid":{"rendered":"https:\/\/www.autonvaraosahaku.fi\/?product=master-sport-sz-12-pcs-ms-hehkutulppa"},"modified":"2021-02-21T14:28:22","modified_gmt":"2021-02-21T14:28:22","slug":"master-sport-sz-12-pcs-ms-hehkutulppa","status":"publish","type":"product","link":"https:\/\/www.autonvaraosahaku.fi\/?product=master-sport-sz-12-pcs-ms-hehkutulppa","title":{"rendered":"MASTER-SPORT SZ-12-PCS-MS Hehkutulppa"},"content":{"rendered":"<p>Hehkutulppatyyppi: Hehkutulppa, puikko, j\u00e4lkihehkutuksenkest\u00e4v\u00e4; Nimellisj\u00e4nnite (V): 11,5; Nettopaino [kg]: 0,05; Bruttopaino [kg]: 0,05; Valmistusvuoteen: 03\/2000; MERCEDES-BENZ: E-CLASS W210,E-CLASS Kombi S210,SPRINTER 3-t Kasten 903,SPRINTER 2-t Bus 901, 902,SPRINTER 2-t Kasten 901, 902,SPRINTER 3-t Bus 903,SPRINTER 3-t Pritsche\/Fahrgestell 903,SPRINTER 4-t Pritsche\/Fahrgestell 904,SPRINTER 2-t Pritsche\/Fahrgestell 901, 902,SPRINTER 4-t Kasten 904; FORD: TAUNUS 15M,TAUNUS 12M Turnier 15G; DAF: 66; 0011592601<\/p>\n","protected":false},"excerpt":{"rendered":"<p>MASTER-SPORT Hehkutulppa SZ-12-PCS-MS  MERCEDES-BENZ,FORD,DAF,E-CLASS W210,E-CLASS Kombi S210,SPRINTER 3-t Kasten 903,SPRINTER 2-t Bus 901, 902<\/p>\n","protected":false},"featured_media":0,"template":"","meta":{"site-sidebar-layout":"default","site-content-layout":"default","ast-global-header-display":"","ast-main-header-display":"","ast-hfb-above-header-display":"","ast-hfb-below-header-display":"","ast-hfb-mobile-header-display":"","site-post-title":"","ast-breadcrumbs-content":"","ast-featured-img":"","footer-sml-layout":"","theme-transparent-header-meta":"","adv-header-id-meta":"","stick-header-meta":"","header-above-stick-meta":"","header-main-stick-meta":"","header-below-stick-meta":""},"pwb-brand":[61],"product_cat":[52],"product_tag":[],"class_list":{"0":"post-16787","1":"product","2":"type-product","3":"status-publish","5":"pwb-brand-master-sport","6":"product_cat-hehkutulppa","7":"desktop-align-left","8":"tablet-align-left","9":"mobile-align-left","11":"first","12":"instock","13":"product-type-external"},"brands":[{"id":61,"name":"MASTER-SPORT","slug":"master-sport"}],"_links":{"self":[{"href":"https:\/\/www.autonvaraosahaku.fi\/index.php?rest_route=\/wp\/v2\/product\/16787","targetHints":{"allow":["GET"]}}],"collection":[{"href":"https:\/\/www.autonvaraosahaku.fi\/index.php?rest_route=\/wp\/v2\/product"}],"about":[{"href":"https:\/\/www.autonvaraosahaku.fi\/index.php?rest_route=\/wp\/v2\/types\/product"}],"wp:attachment":[{"href":"https:\/\/www.autonvaraosahaku.fi\/index.php?rest_route=%2Fwp%2Fv2%2Fmedia&parent=16787"}],"wp:term":[{"taxonomy":"pwb-brand","embeddable":true,"href":"https:\/\/www.autonvaraosahaku.fi\/index.php?rest_route=%2Fwp%2Fv2%2Fpwb-brand&post=16787"},{"taxonomy":"product_cat","embeddable":true,"href":"https:\/\/www.autonvaraosahaku.fi\/index.php?rest_route=%2Fwp%2Fv2%2Fproduct_cat&post=16787"},{"taxonomy":"product_tag","embeddable":true,"href":"https:\/\/www.autonvaraosahaku.fi\/index.php?rest_route=%2Fwp%2Fv2%2Fproduct_tag&post=16787"}],"curies":[{"name":"wp","href":"https:\/\/api.w.org\/{rel}","templated":true}]}}