{"id":16795,"date":"2021-02-21T14:28:21","date_gmt":"2021-02-21T14:28:21","guid":{"rendered":"https:\/\/www.autonvaraosahaku.fi\/?product=as-pl-s0123-starttimoottori"},"modified":"2021-02-21T14:28:23","modified_gmt":"2021-02-21T14:28:23","slug":"as-pl-s0123-starttimoottori","status":"publish","type":"product","link":"https:\/\/www.autonvaraosahaku.fi\/?product=as-pl-s0123-starttimoottori","title":{"rendered":"AS-PL S0123 Starttimoottori"},"content":{"rendered":"<p>Pituus 1 (mm): 89,00; Pituus 2 (mm): 18,00; K\u00e4ynnistinmoottori teho (kW): 2,00; J\u00e4nnite (V): 12; Kiinnitysreikien lukum\u00e4\u00e4r\u00e4: 2; kierrereiki\u00e4 [kpl]: 0; Py\u00f6rimissuunta: Py\u00f6rimissuunta my\u00f6t\u00e4p\u00e4iv\u00e4\u00e4n; Hammasluku: 12; Valmistusvuosi alkaen: 06\/2011; LAND ROVER: DEFENDER Station Wagon LD,DEFENDER Pick-up LD_,DEFENDER Cabrio LD,DEFENDER Pritsche\/Fahrgestell LD; FORD: TRANSIT MK-7 Kasten,TRANSIT MK-7 Bus,TRANSIT MK-7 Pritsche\/Fahrgestell,TRANSIT CUSTOM Kasten,TOURNEO CUSTOM Bus,TRANSIT TOURNEO FB,TRANSIT CUSTOM Bus,TRANSIT Custom  Bus,TRANSIT Custom Pritsche\/Fahrgestell; FIAT: DUCATO Kasten 250,DUCATO Pritsche\/Fahrgestell 250,DUCATO Bus 250; CITRO\u00cbN: JUMPER Kasten,JUMPER Bus,JUMPER Pritsche\/Fahrgestell; PEUGEOT: BOXER Kasten,BOXER Bus,BOXER Pritsche\/Fahrgestell; 95681447, 9658144780, K9658144780, 1372739, 1385378, 1574338, 1669558, 1709189, 6C1T11000AA, 6C1T11000AB, 6C1T11000AC, 6C1T11000AD, 6C1T11000AE, 6C1T11000AF, 7C1911000AB, 7H1211002AB, 7H1211002AC, AC1T11000AA, 5802AS, 5802FC, 9675092580, LR010547, LR025840, NAD500270; Startti,K\u00e4ynnistinmoottori<\/p>\n","protected":false},"excerpt":{"rendered":"<p>AS-PL Starttimoottori Brand new AS-PL Alternator regulator S0123 Startti,K\u00e4ynnistinmoottori LAND ROVER,FORD,FIAT,DEFENDER Station Wagon LD<\/p>\n","protected":false},"featured_media":0,"template":"","meta":{"site-sidebar-layout":"default","site-content-layout":"default","ast-global-header-display":"","ast-main-header-display":"","ast-hfb-above-header-display":"","ast-hfb-below-header-display":"","ast-hfb-mobile-header-display":"","site-post-title":"","ast-breadcrumbs-content":"","ast-featured-img":"","footer-sml-layout":"","theme-transparent-header-meta":"","adv-header-id-meta":"","stick-header-meta":"","header-above-stick-meta":"","header-main-stick-meta":"","header-below-stick-meta":""},"pwb-brand":[347],"product_cat":[295],"product_tag":[],"class_list":{"0":"post-16795","1":"product","2":"type-product","3":"status-publish","5":"pwb-brand-as-pl","6":"product_cat-starttimoottori","7":"desktop-align-left","8":"tablet-align-left","9":"mobile-align-left","11":"first","12":"instock","13":"product-type-external"},"brands":[{"id":347,"name":"AS-PL","slug":"as-pl"}],"_links":{"self":[{"href":"https:\/\/www.autonvaraosahaku.fi\/index.php?rest_route=\/wp\/v2\/product\/16795","targetHints":{"allow":["GET"]}}],"collection":[{"href":"https:\/\/www.autonvaraosahaku.fi\/index.php?rest_route=\/wp\/v2\/product"}],"about":[{"href":"https:\/\/www.autonvaraosahaku.fi\/index.php?rest_route=\/wp\/v2\/types\/product"}],"wp:attachment":[{"href":"https:\/\/www.autonvaraosahaku.fi\/index.php?rest_route=%2Fwp%2Fv2%2Fmedia&parent=16795"}],"wp:term":[{"taxonomy":"pwb-brand","embeddable":true,"href":"https:\/\/www.autonvaraosahaku.fi\/index.php?rest_route=%2Fwp%2Fv2%2Fpwb-brand&post=16795"},{"taxonomy":"product_cat","embeddable":true,"href":"https:\/\/www.autonvaraosahaku.fi\/index.php?rest_route=%2Fwp%2Fv2%2Fproduct_cat&post=16795"},{"taxonomy":"product_tag","embeddable":true,"href":"https:\/\/www.autonvaraosahaku.fi\/index.php?rest_route=%2Fwp%2Fv2%2Fproduct_tag&post=16795"}],"curies":[{"name":"wp","href":"https:\/\/api.w.org\/{rel}","templated":true}]}}