{"id":16808,"date":"2021-02-21T14:28:25","date_gmt":"2021-02-21T14:28:25","guid":{"rendered":"https:\/\/www.autonvaraosahaku.fi\/?product=brembo-p-85-153-jarrupalat"},"modified":"2021-02-21T14:28:27","modified_gmt":"2021-02-21T14:28:27","slug":"brembo-p-85-153-jarrupalat","status":"publish","type":"product","link":"https:\/\/www.autonvaraosahaku.fi\/?product=brembo-p-85-153-jarrupalat","title":{"rendered":"BREMBO P 85 153 Jarrupalat"},"content":{"rendered":"<p>WVA-numero: 22385, 22384, 22383; Jarruj\u00e4rjestelm\u00e4: Teves; Kulumisenilmaisimen liitos: Sis. kulumisenilmaisimen; Kulumisvaroittimia [pro Achse]: 1; Korkeus (mm): 63,9; Leveys (mm): 155,1; Paksuus [mm]: 17; M\u00e4\u00e4r\u00e4yksikk\u00f6: Akselisarja; Asennuspuoli: Vorderachse; AUDI: A4 Avant 8W5, B9,A4 8W2, B9,A5 Sportback F5A,A5 F53,A4 Allroad 8WH, B9,A5 Cabriolet F57; 8W0698151AA, 8W0698151AB, 8W0698151AF, 8W0698151AG, 8W0698151J, 8W0698151K, 8W0698151Q, 8W0698151AA, 8W0698151AB, 8W0698151AG, 8W0698151J, 8W0698151K, 8W0698151Q, 8W0698151AA, 8W0698151AB, 8W0698151AG, 8W0698151J, 8W0698151K, 8W0698151Q, 8W0698151AA, 8W0698151AB, 8W0698151AG, 8W0698151J, 8W0698151K, 8W0698151Q; Jarrupalasarja,Jarrupala, Levyjarru<\/p>\n","protected":false},"excerpt":{"rendered":"<p>BREMBO Jarrupalat DIRECTIONAL BRAKE PADS P 85 153 Jarrupalasarja,Jarrupala, Levyjarru AUDI,A4 Avant 8W5, B9,A4 8W2, B9,A5 Sportback F5A,A5 F53<\/p>\n","protected":false},"featured_media":0,"template":"","meta":{"site-sidebar-layout":"default","site-content-layout":"default","ast-global-header-display":"","ast-main-header-display":"","ast-hfb-above-header-display":"","ast-hfb-below-header-display":"","ast-hfb-mobile-header-display":"","site-post-title":"","ast-breadcrumbs-content":"","ast-featured-img":"","footer-sml-layout":"","theme-transparent-header-meta":"","adv-header-id-meta":"","stick-header-meta":"","header-above-stick-meta":"","header-main-stick-meta":"","header-below-stick-meta":""},"pwb-brand":[146],"product_cat":[100],"product_tag":[],"class_list":{"0":"post-16808","1":"product","2":"type-product","3":"status-publish","5":"pwb-brand-brembo","6":"product_cat-jarrupalat","7":"desktop-align-left","8":"tablet-align-left","9":"mobile-align-left","11":"first","12":"instock","13":"product-type-external"},"brands":[{"id":146,"name":"BREMBO","slug":"brembo"}],"_links":{"self":[{"href":"https:\/\/www.autonvaraosahaku.fi\/index.php?rest_route=\/wp\/v2\/product\/16808","targetHints":{"allow":["GET"]}}],"collection":[{"href":"https:\/\/www.autonvaraosahaku.fi\/index.php?rest_route=\/wp\/v2\/product"}],"about":[{"href":"https:\/\/www.autonvaraosahaku.fi\/index.php?rest_route=\/wp\/v2\/types\/product"}],"wp:attachment":[{"href":"https:\/\/www.autonvaraosahaku.fi\/index.php?rest_route=%2Fwp%2Fv2%2Fmedia&parent=16808"}],"wp:term":[{"taxonomy":"pwb-brand","embeddable":true,"href":"https:\/\/www.autonvaraosahaku.fi\/index.php?rest_route=%2Fwp%2Fv2%2Fpwb-brand&post=16808"},{"taxonomy":"product_cat","embeddable":true,"href":"https:\/\/www.autonvaraosahaku.fi\/index.php?rest_route=%2Fwp%2Fv2%2Fproduct_cat&post=16808"},{"taxonomy":"product_tag","embeddable":true,"href":"https:\/\/www.autonvaraosahaku.fi\/index.php?rest_route=%2Fwp%2Fv2%2Fproduct_tag&post=16808"}],"curies":[{"name":"wp","href":"https:\/\/api.w.org\/{rel}","templated":true}]}}