{"id":16811,"date":"2021-02-21T14:28:25","date_gmt":"2021-02-21T14:28:25","guid":{"rendered":"https:\/\/www.autonvaraosahaku.fi\/?product=brembo-p-85-145-jarrupalat"},"modified":"2021-02-21T14:28:27","modified_gmt":"2021-02-21T14:28:27","slug":"brembo-p-85-145-jarrupalat","status":"publish","type":"product","link":"https:\/\/www.autonvaraosahaku.fi\/?product=brembo-p-85-145-jarrupalat","title":{"rendered":"BREMBO P 85 145 Jarrupalat"},"content":{"rendered":"<p>Korvaava tuote\/korvaava tiedote 2: Jarrusatulan ruuveilla, M\u00e4nn\u00e4n lukoilla; WVA-numero: 22252, 24409; Varoittimen pituus [mm]: 300; Jarruj\u00e4rjestelm\u00e4: Lucas; Kulumisenilmaisimen liitos: Sis. kulumisenilmaisimen; Kulumisvaroittimia [pro Achse]: 1; Korkeus (mm): 72,9; Leveys (mm): 188; Paksuus [mm]: 19,4; M\u00e4\u00e4r\u00e4yksikk\u00f6: Akselisarja; Asennuspuoli: Vorderachse; AUDI: Q5 8R,A6 Avant 4G5, C7, 4GD,A6 4G2, C7, 4GC,A7 Sportback 4GA, 4GF,A6 Allroad 4GH, 4GJ; 4G0698151, 4G0698151AA, 4G0698151D, 4G0698151L, 8K0698151C, 8K0698151L, 8R0698151A, 8R0698151S, 4G0698151, 4G0698151AA, 4G0698151D, 4G0698151L, 8K0698151C, 8K0698151L, 8R0698151A, 4G0698151, 4G0698151AA, 4G0698151D, 4G0698151L, 8K0698151C, 8K0698151L, 8R0698151A, 4G0698151, 4G0698151AA, 4G0698151D, 4G0698151L, 8K0698151C, 8K0698151L, 8R0698151A; Jarrupalasarja,Jarrupala, Levyjarru<\/p>\n","protected":false},"excerpt":{"rendered":"<p>BREMBO Jarrupalat P 85 145 Jarrupalasarja,Jarrupala, Levyjarru AUDI,Q5 8R,A6 Avant 4G5, C7, 4GD,A6 4G2, C7, 4GC,A7 Sportback 4GA, 4GF<\/p>\n","protected":false},"featured_media":0,"template":"","meta":{"site-sidebar-layout":"default","site-content-layout":"default","ast-global-header-display":"","ast-main-header-display":"","ast-hfb-above-header-display":"","ast-hfb-below-header-display":"","ast-hfb-mobile-header-display":"","site-post-title":"","ast-breadcrumbs-content":"","ast-featured-img":"","footer-sml-layout":"","theme-transparent-header-meta":"","adv-header-id-meta":"","stick-header-meta":"","header-above-stick-meta":"","header-main-stick-meta":"","header-below-stick-meta":""},"pwb-brand":[146],"product_cat":[100],"product_tag":[],"class_list":{"0":"post-16811","1":"product","2":"type-product","3":"status-publish","5":"pwb-brand-brembo","6":"product_cat-jarrupalat","7":"desktop-align-left","8":"tablet-align-left","9":"mobile-align-left","11":"first","12":"instock","13":"product-type-external"},"brands":[{"id":146,"name":"BREMBO","slug":"brembo"}],"_links":{"self":[{"href":"https:\/\/www.autonvaraosahaku.fi\/index.php?rest_route=\/wp\/v2\/product\/16811","targetHints":{"allow":["GET"]}}],"collection":[{"href":"https:\/\/www.autonvaraosahaku.fi\/index.php?rest_route=\/wp\/v2\/product"}],"about":[{"href":"https:\/\/www.autonvaraosahaku.fi\/index.php?rest_route=\/wp\/v2\/types\/product"}],"wp:attachment":[{"href":"https:\/\/www.autonvaraosahaku.fi\/index.php?rest_route=%2Fwp%2Fv2%2Fmedia&parent=16811"}],"wp:term":[{"taxonomy":"pwb-brand","embeddable":true,"href":"https:\/\/www.autonvaraosahaku.fi\/index.php?rest_route=%2Fwp%2Fv2%2Fpwb-brand&post=16811"},{"taxonomy":"product_cat","embeddable":true,"href":"https:\/\/www.autonvaraosahaku.fi\/index.php?rest_route=%2Fwp%2Fv2%2Fproduct_cat&post=16811"},{"taxonomy":"product_tag","embeddable":true,"href":"https:\/\/www.autonvaraosahaku.fi\/index.php?rest_route=%2Fwp%2Fv2%2Fproduct_tag&post=16811"}],"curies":[{"name":"wp","href":"https:\/\/api.w.org\/{rel}","templated":true}]}}