{"id":16812,"date":"2021-02-21T14:28:25","date_gmt":"2021-02-21T14:28:25","guid":{"rendered":"https:\/\/www.autonvaraosahaku.fi\/?product=brembo-p-85-144-jarrupalat"},"modified":"2021-02-21T14:28:27","modified_gmt":"2021-02-21T14:28:27","slug":"brembo-p-85-144-jarrupalat","status":"publish","type":"product","link":"https:\/\/www.autonvaraosahaku.fi\/?product=brembo-p-85-144-jarrupalat","title":{"rendered":"BREMBO P 85 144 Jarrupalat"},"content":{"rendered":"<p>WVA-numero: 25217, 24738; Korvaava tuote\/korvaava tiedote 2: Jarrusatulan ruuveilla; Varoittimen pituus [mm]: 200; Jarruj\u00e4rjestelm\u00e4: TRW; Kulumisenilmaisimen liitos: Sis. kulumisenilmaisimen; Kulumisvaroittimia [pro Achse]: 1; Korkeus (mm): 69,5; Leveys (mm): 175; Paksuus [mm]: 20; M\u00e4\u00e4r\u00e4yksikk\u00f6: Akselisarja; lis\u00e4tieto: DIRECTIONAL BRAKE PADS; Asennuspuoli: Vorderachse; VW: TIGUAN 5N_,PASSAT Variant 365,GOLF VII 5G1, BE1,GOLF VII Kombi BA5,CC 358,PASSAT Variant 3G5,TIGUAN AD1,PASSAT 3G2,PASSAT ALLTRACK 3G5,ARTEON 3H7,TIGUAN ALLSPACE BW2; AUDI: A3 Sportback 8VA,A3 Limousine 8VS,A3 8V1,A3 Cabriolet 8V7,Q2 GA; SKODA: OCTAVIA Combi 5E5,OCTAVIA 5E3,SUPERB Kombi 3V5,KODIAQ NS7,SUPERB 3V3; SEAT: LEON 5F1,LEON ST 5F8,LEON SC 5F5; 3Q0698151B, 5Q0698151K, 8V0698151C, JZW698151AT, 3Q0698151B, 5Q0698151K, 8V0698151C, JZW698151AT, 3Q0698151B, 5Q0698151K, 8V0698151C, JZW698151AT, 3Q0698151B, 5Q0698151K, 8V0698151C, JZW698151AT; Jarrupalasarja,Jarrupala, Levyjarru<\/p>\n","protected":false},"excerpt":{"rendered":"<p>BREMBO Jarrupalat P 85 144 Jarrupalasarja,Jarrupala, Levyjarru VW,AUDI,SKODA,TIGUAN 5N_,PASSAT Variant 365,GOLF VII 5G1, BE1,GOLF VII Kombi BA5,CC 358<\/p>\n","protected":false},"featured_media":0,"template":"","meta":{"site-sidebar-layout":"default","site-content-layout":"default","ast-global-header-display":"","ast-main-header-display":"","ast-hfb-above-header-display":"","ast-hfb-below-header-display":"","ast-hfb-mobile-header-display":"","site-post-title":"","ast-breadcrumbs-content":"","ast-featured-img":"","footer-sml-layout":"","theme-transparent-header-meta":"","adv-header-id-meta":"","stick-header-meta":"","header-above-stick-meta":"","header-main-stick-meta":"","header-below-stick-meta":""},"pwb-brand":[146],"product_cat":[100],"product_tag":[],"class_list":{"0":"post-16812","1":"product","2":"type-product","3":"status-publish","5":"pwb-brand-brembo","6":"product_cat-jarrupalat","7":"desktop-align-left","8":"tablet-align-left","9":"mobile-align-left","11":"first","12":"instock","13":"product-type-external"},"brands":[{"id":146,"name":"BREMBO","slug":"brembo"}],"_links":{"self":[{"href":"https:\/\/www.autonvaraosahaku.fi\/index.php?rest_route=\/wp\/v2\/product\/16812","targetHints":{"allow":["GET"]}}],"collection":[{"href":"https:\/\/www.autonvaraosahaku.fi\/index.php?rest_route=\/wp\/v2\/product"}],"about":[{"href":"https:\/\/www.autonvaraosahaku.fi\/index.php?rest_route=\/wp\/v2\/types\/product"}],"wp:attachment":[{"href":"https:\/\/www.autonvaraosahaku.fi\/index.php?rest_route=%2Fwp%2Fv2%2Fmedia&parent=16812"}],"wp:term":[{"taxonomy":"pwb-brand","embeddable":true,"href":"https:\/\/www.autonvaraosahaku.fi\/index.php?rest_route=%2Fwp%2Fv2%2Fpwb-brand&post=16812"},{"taxonomy":"product_cat","embeddable":true,"href":"https:\/\/www.autonvaraosahaku.fi\/index.php?rest_route=%2Fwp%2Fv2%2Fproduct_cat&post=16812"},{"taxonomy":"product_tag","embeddable":true,"href":"https:\/\/www.autonvaraosahaku.fi\/index.php?rest_route=%2Fwp%2Fv2%2Fproduct_tag&post=16812"}],"curies":[{"name":"wp","href":"https:\/\/api.w.org\/{rel}","templated":true}]}}