{"id":16813,"date":"2021-02-21T14:28:25","date_gmt":"2021-02-21T14:28:25","guid":{"rendered":"https:\/\/www.autonvaraosahaku.fi\/?product=brembo-p-68-067-jarrupalat"},"modified":"2021-02-21T14:28:27","modified_gmt":"2021-02-21T14:28:27","slug":"brembo-p-68-067-jarrupalat","status":"publish","type":"product","link":"https:\/\/www.autonvaraosahaku.fi\/?product=brembo-p-68-067-jarrupalat","title":{"rendered":"BREMBO P 68 067 Jarrupalat"},"content":{"rendered":"<p>WVA-numero: 22347; Korvaava tuote\/korvaava tiedote 2: Jarrusatulan ruuveilla; Jarruj\u00e4rjestelm\u00e4: Akebono; Kulumisenilmaisimen liitos: Ilman kulumisenilmaisinta; Korkeus (mm): 58,7; Leveys (mm): 142; Paksuus [mm]: 18,5; M\u00e4\u00e4r\u00e4yksikk\u00f6: Akselisarja; Asennuspuoli: Vorderachse; RENAULT: MEGANE IV B9A\/M_,MEGANE IV Grandtour K9A\/M_,ESPACE V,TALISMAN Grandtour KP_,TALISMAN,GRAND SC\u00c9NIC IV R9_,SC\u00c9NIC IV J9_,MEGANE IV Stufenheck; 410606124R; Jarrupalasarja,Jarrupala, Levyjarru<\/p>\n","protected":false},"excerpt":{"rendered":"<p>BREMBO Jarrupalat P 68 067 Jarrupalasarja,Jarrupala, Levyjarru RENAULT,MEGANE IV B9A\/M_,MEGANE IV Grandtour K9A\/M_,ESPACE V,TALISMAN Grandtour KP_<\/p>\n","protected":false},"featured_media":0,"template":"","meta":{"site-sidebar-layout":"default","site-content-layout":"default","ast-global-header-display":"","ast-main-header-display":"","ast-hfb-above-header-display":"","ast-hfb-below-header-display":"","ast-hfb-mobile-header-display":"","site-post-title":"","ast-breadcrumbs-content":"","ast-featured-img":"","footer-sml-layout":"","theme-transparent-header-meta":"","adv-header-id-meta":"","stick-header-meta":"","header-above-stick-meta":"","header-main-stick-meta":"","header-below-stick-meta":""},"pwb-brand":[146],"product_cat":[100],"product_tag":[],"class_list":{"0":"post-16813","1":"product","2":"type-product","3":"status-publish","5":"pwb-brand-brembo","6":"product_cat-jarrupalat","7":"desktop-align-left","8":"tablet-align-left","9":"mobile-align-left","11":"first","12":"instock","13":"product-type-external"},"brands":[{"id":146,"name":"BREMBO","slug":"brembo"}],"_links":{"self":[{"href":"https:\/\/www.autonvaraosahaku.fi\/index.php?rest_route=\/wp\/v2\/product\/16813","targetHints":{"allow":["GET"]}}],"collection":[{"href":"https:\/\/www.autonvaraosahaku.fi\/index.php?rest_route=\/wp\/v2\/product"}],"about":[{"href":"https:\/\/www.autonvaraosahaku.fi\/index.php?rest_route=\/wp\/v2\/types\/product"}],"wp:attachment":[{"href":"https:\/\/www.autonvaraosahaku.fi\/index.php?rest_route=%2Fwp%2Fv2%2Fmedia&parent=16813"}],"wp:term":[{"taxonomy":"pwb-brand","embeddable":true,"href":"https:\/\/www.autonvaraosahaku.fi\/index.php?rest_route=%2Fwp%2Fv2%2Fpwb-brand&post=16813"},{"taxonomy":"product_cat","embeddable":true,"href":"https:\/\/www.autonvaraosahaku.fi\/index.php?rest_route=%2Fwp%2Fv2%2Fproduct_cat&post=16813"},{"taxonomy":"product_tag","embeddable":true,"href":"https:\/\/www.autonvaraosahaku.fi\/index.php?rest_route=%2Fwp%2Fv2%2Fproduct_tag&post=16813"}],"curies":[{"name":"wp","href":"https:\/\/api.w.org\/{rel}","templated":true}]}}