{"id":16833,"date":"2021-02-21T14:28:29","date_gmt":"2021-02-21T14:28:29","guid":{"rendered":"https:\/\/www.autonvaraosahaku.fi\/?product=mahle-original-ox-823-6d-oljynsuodatin"},"modified":"2021-02-21T14:28:31","modified_gmt":"2021-02-21T14:28:31","slug":"mahle-original-ox-823-6d-oljynsuodatin","status":"publish","type":"product","link":"https:\/\/www.autonvaraosahaku.fi\/?product=mahle-original-ox-823-6d-oljynsuodatin","title":{"rendered":"MAHLE ORIGINAL OX 823\/6D \u00d6ljynsuodatin"},"content":{"rendered":"<p>Suodatintyyppi: Suodatinpanos; Korkeus (mm): 189,8; L\u00e4pimitta [mm]: 53,0; Sis\u00e4l\u00e4pimitta 1 [mm]: 20,15; L\u00e4pimitta 3 [mm]: 10,8; L\u00e4pimitta 4 [mm]: 16,0; Tiivisteen l\u00e4pimitta [mm]: 20,15; MERCEDES-BENZ: S-CLASS W222, V222, X222,C-CLASS T-Model S205,C-CLASS W205,V-CLASS W447,E-CLASS W213,VITO Tourer W447,GLC X253,E-CLASS T-Model S213,C-CLASS Coupe C205,VITO Mixto W447,GLC Coupe C253,C-CLASS Cabriolet A205,E-CLASS Coupe C238,E-CLASS Cabriolet A238,CLS C257,E-CLASS All-Terrain S213; 6541801100, 6541840025, A6541801100, A6541840025<\/p>\n","protected":false},"excerpt":{"rendered":"<p>MAHLE ORIGINAL \u00d6ljynsuodatin OX 823\/6D  MERCEDES-BENZ,S-CLASS W222, V222, X222,C-CLASS T-Model S205,C-CLASS W205,V-CLASS W447,E-CLASS W213<\/p>\n","protected":false},"featured_media":0,"template":"","meta":{"site-sidebar-layout":"default","site-content-layout":"default","ast-global-header-display":"","ast-main-header-display":"","ast-hfb-above-header-display":"","ast-hfb-below-header-display":"","ast-hfb-mobile-header-display":"","site-post-title":"","ast-breadcrumbs-content":"","ast-featured-img":"","footer-sml-layout":"","theme-transparent-header-meta":"","adv-header-id-meta":"","stick-header-meta":"","header-above-stick-meta":"","header-main-stick-meta":"","header-below-stick-meta":""},"pwb-brand":[153],"product_cat":[30],"product_tag":[],"class_list":{"0":"post-16833","1":"product","2":"type-product","3":"status-publish","5":"pwb-brand-mahle-original","6":"product_cat-oljynsuodatin","7":"desktop-align-left","8":"tablet-align-left","9":"mobile-align-left","11":"first","12":"instock","13":"product-type-external"},"brands":[{"id":153,"name":"MAHLE ORIGINAL","slug":"mahle-original"}],"_links":{"self":[{"href":"https:\/\/www.autonvaraosahaku.fi\/index.php?rest_route=\/wp\/v2\/product\/16833","targetHints":{"allow":["GET"]}}],"collection":[{"href":"https:\/\/www.autonvaraosahaku.fi\/index.php?rest_route=\/wp\/v2\/product"}],"about":[{"href":"https:\/\/www.autonvaraosahaku.fi\/index.php?rest_route=\/wp\/v2\/types\/product"}],"wp:attachment":[{"href":"https:\/\/www.autonvaraosahaku.fi\/index.php?rest_route=%2Fwp%2Fv2%2Fmedia&parent=16833"}],"wp:term":[{"taxonomy":"pwb-brand","embeddable":true,"href":"https:\/\/www.autonvaraosahaku.fi\/index.php?rest_route=%2Fwp%2Fv2%2Fpwb-brand&post=16833"},{"taxonomy":"product_cat","embeddable":true,"href":"https:\/\/www.autonvaraosahaku.fi\/index.php?rest_route=%2Fwp%2Fv2%2Fproduct_cat&post=16833"},{"taxonomy":"product_tag","embeddable":true,"href":"https:\/\/www.autonvaraosahaku.fi\/index.php?rest_route=%2Fwp%2Fv2%2Fproduct_tag&post=16833"}],"curies":[{"name":"wp","href":"https:\/\/api.w.org\/{rel}","templated":true}]}}