{"id":16889,"date":"2021-02-21T14:28:41","date_gmt":"2021-02-21T14:28:41","guid":{"rendered":"https:\/\/www.autonvaraosahaku.fi\/?product=diederichs-lid10061-lamput-hehkulamppu"},"modified":"2021-02-21T14:28:43","modified_gmt":"2021-02-21T14:28:43","slug":"diederichs-lid10061-lamput-hehkulamppu","status":"publish","type":"product","link":"https:\/\/www.autonvaraosahaku.fi\/?product=diederichs-lid10061-lamput-hehkulamppu","title":{"rendered":"DIEDERICHS LID10061 Lamput (hehkulamppu)"},"content":{"rendered":"<p>J\u00e4nnite (V): 12; Nimellisteho (W): 10; Lamppumalli: R10W; Kantamalli: BA15s; M\u00e4\u00e4r\u00e4yksikk\u00f6: Pakkausyksikk\u00f6<\/p>\n","protected":false},"excerpt":{"rendered":"<p>DIEDERICHS Polttimo, Jarruvalo LID10061<\/p>\n","protected":false},"featured_media":0,"template":"","meta":{"site-sidebar-layout":"default","site-content-layout":"default","ast-global-header-display":"","ast-main-header-display":"","ast-hfb-above-header-display":"","ast-hfb-below-header-display":"","ast-hfb-mobile-header-display":"","site-post-title":"","ast-breadcrumbs-content":"","ast-featured-img":"","footer-sml-layout":"","theme-transparent-header-meta":"","adv-header-id-meta":"","stick-header-meta":"","header-above-stick-meta":"","header-main-stick-meta":"","header-below-stick-meta":""},"pwb-brand":[227],"product_cat":[151],"product_tag":[],"class_list":{"0":"post-16889","1":"product","2":"type-product","3":"status-publish","5":"pwb-brand-diederichs","6":"product_cat-lamput-hehkulamppu","7":"desktop-align-left","8":"tablet-align-left","9":"mobile-align-left","11":"first","12":"instock","13":"product-type-external"},"brands":[{"id":227,"name":"DIEDERICHS","slug":"diederichs"}],"_links":{"self":[{"href":"https:\/\/www.autonvaraosahaku.fi\/index.php?rest_route=\/wp\/v2\/product\/16889","targetHints":{"allow":["GET"]}}],"collection":[{"href":"https:\/\/www.autonvaraosahaku.fi\/index.php?rest_route=\/wp\/v2\/product"}],"about":[{"href":"https:\/\/www.autonvaraosahaku.fi\/index.php?rest_route=\/wp\/v2\/types\/product"}],"wp:attachment":[{"href":"https:\/\/www.autonvaraosahaku.fi\/index.php?rest_route=%2Fwp%2Fv2%2Fmedia&parent=16889"}],"wp:term":[{"taxonomy":"pwb-brand","embeddable":true,"href":"https:\/\/www.autonvaraosahaku.fi\/index.php?rest_route=%2Fwp%2Fv2%2Fpwb-brand&post=16889"},{"taxonomy":"product_cat","embeddable":true,"href":"https:\/\/www.autonvaraosahaku.fi\/index.php?rest_route=%2Fwp%2Fv2%2Fproduct_cat&post=16889"},{"taxonomy":"product_tag","embeddable":true,"href":"https:\/\/www.autonvaraosahaku.fi\/index.php?rest_route=%2Fwp%2Fv2%2Fproduct_tag&post=16889"}],"curies":[{"name":"wp","href":"https:\/\/api.w.org\/{rel}","templated":true}]}}