{"id":16915,"date":"2021-02-21T14:28:45","date_gmt":"2021-02-21T14:28:45","guid":{"rendered":"https:\/\/www.autonvaraosahaku.fi\/?product=snr-kblf41815-jousijalan-tukilaakeri"},"modified":"2021-02-21T14:28:47","modified_gmt":"2021-02-21T14:28:47","slug":"snr-kblf41815-jousijalan-tukilaakeri","status":"publish","type":"product","link":"https:\/\/www.autonvaraosahaku.fi\/?product=snr-kblf41815-jousijalan-tukilaakeri","title":{"rendered":"SNR KBLF41815 Jousijalan tukilaakeri"},"content":{"rendered":"<p>Paino [g]: 855; Leveys 1 (mm): 126,5; Pituus (mm): 134; Korkeus (mm): 49,5; Valmistusvuosi alkaen: 08\/1999; VW: POLO 9N_,POLO 6N2,POLO Variant 6KV5,POLO CLASSIC 6KV2,POLO Stufenheck 9A4; AUDI: A2 8Z0; SKODA: FABIA Combi 6Y5,FABIA,FABIA 6Y2,FABIA Combi,ROOMSTER 5J,FABIA Stufenheck 6Y3,ROOMSTER Praktik 5J,FABIA Praktik; SEAT: IBIZA IV 6L1,IBIZA II 6K1,CORDOBA 6K1, 6K2,CORDOBA Vario 6K1,CORDOBA 6L2; 6N0412331D, 6N0412331E, 8Z0412331, 6N0412331D, 6N0412331E, 6N0412331D, 6N0412331E, 6N0412331D, 6N0412331E; Iskarin Yl\u00e4p\u00e4\u00e4,Iskunvaimentimen Yl\u00e4p\u00e4\u00e4<\/p>\n","protected":false},"excerpt":{"rendered":"<p>SNR Jousijalan Tukilaakeri KBLF41815 Iskarin Yl\u00e4p\u00e4\u00e4,Iskunvaimentimen Yl\u00e4p\u00e4\u00e4 VW,AUDI,SKODA,POLO 9N_,POLO 6N2,POLO Variant 6KV5,POLO CLASSIC 6KV2<\/p>\n","protected":false},"featured_media":0,"template":"","meta":{"site-sidebar-layout":"default","site-content-layout":"default","ast-global-header-display":"","ast-main-header-display":"","ast-hfb-above-header-display":"","ast-hfb-below-header-display":"","ast-hfb-mobile-header-display":"","site-post-title":"","ast-breadcrumbs-content":"","ast-featured-img":"","footer-sml-layout":"","theme-transparent-header-meta":"","adv-header-id-meta":"","stick-header-meta":"","header-above-stick-meta":"","header-main-stick-meta":"","header-below-stick-meta":""},"pwb-brand":[342],"product_cat":[45],"product_tag":[],"class_list":{"0":"post-16915","1":"product","2":"type-product","3":"status-publish","5":"pwb-brand-snr","6":"product_cat-jousijalan-tukilaakeri","7":"desktop-align-left","8":"tablet-align-left","9":"mobile-align-left","11":"first","12":"instock","13":"product-type-external"},"brands":[{"id":342,"name":"SNR","slug":"snr"}],"_links":{"self":[{"href":"https:\/\/www.autonvaraosahaku.fi\/index.php?rest_route=\/wp\/v2\/product\/16915","targetHints":{"allow":["GET"]}}],"collection":[{"href":"https:\/\/www.autonvaraosahaku.fi\/index.php?rest_route=\/wp\/v2\/product"}],"about":[{"href":"https:\/\/www.autonvaraosahaku.fi\/index.php?rest_route=\/wp\/v2\/types\/product"}],"wp:attachment":[{"href":"https:\/\/www.autonvaraosahaku.fi\/index.php?rest_route=%2Fwp%2Fv2%2Fmedia&parent=16915"}],"wp:term":[{"taxonomy":"pwb-brand","embeddable":true,"href":"https:\/\/www.autonvaraosahaku.fi\/index.php?rest_route=%2Fwp%2Fv2%2Fpwb-brand&post=16915"},{"taxonomy":"product_cat","embeddable":true,"href":"https:\/\/www.autonvaraosahaku.fi\/index.php?rest_route=%2Fwp%2Fv2%2Fproduct_cat&post=16915"},{"taxonomy":"product_tag","embeddable":true,"href":"https:\/\/www.autonvaraosahaku.fi\/index.php?rest_route=%2Fwp%2Fv2%2Fproduct_tag&post=16915"}],"curies":[{"name":"wp","href":"https:\/\/api.w.org\/{rel}","templated":true}]}}