{"id":16920,"date":"2021-02-21T14:28:49","date_gmt":"2021-02-21T14:28:49","guid":{"rendered":"https:\/\/www.autonvaraosahaku.fi\/?product=herthbuss-jakoparts-j4285000-muut-luokat"},"modified":"2021-02-21T14:28:49","modified_gmt":"2021-02-21T14:28:49","slug":"herthbuss-jakoparts-j4285000-muut-luokat","status":"publish","type":"product","link":"https:\/\/www.autonvaraosahaku.fi\/?product=herthbuss-jakoparts-j4285000-muut-luokat","title":{"rendered":"HERTH+BUSS JAKOPARTS J4285000 Muut luokat"},"content":{"rendered":"<p>Sis\u00e4l\u00e4pimitta [mm]: 16,00; Ulkol\u00e4pimitta [mm]: 27,00; Pituus (mm): 45,00; Asennuspuoli: Hinterachse links; MITSUBISHI: L 200 K7_T, K6_T,PAJERO II V3_W, V2_W, V4_W,L 200 KB_T, KA_T,L 300 Bus P0_W, P1_W, P2_W,PAJERO I L04_G, L14_G,L 300 Pritsche\/Fahrgestell L03_P,L 300 Kasten L03_P,L 300 Kasten P0_W, P1_W,L 300 Bus LO3_P\/G, L0_2P,PAJERO I Canvas Top L04_G,L 200 K3_T, K2_T, K1_T, K0_T,L 400 Kasten PD_W, PC_W, PB_V, PA_W, PA_V; MB111070, MB584530, MT362394<\/p>\n","protected":false},"excerpt":{"rendered":"<p>HERTH+BUSS JAKOPARTS Laakerin Holkki, Lehtijousi J4285000  MITSUBISHI,L 200 K7_T, K6_T,PAJERO II V3_W, V2_W, V4_W,L 200 KB_T, KA_T<\/p>\n","protected":false},"featured_media":0,"template":"","meta":{"site-sidebar-layout":"default","site-content-layout":"default","ast-global-header-display":"","ast-main-header-display":"","ast-hfb-above-header-display":"","ast-hfb-below-header-display":"","ast-hfb-mobile-header-display":"","site-post-title":"","ast-breadcrumbs-content":"","ast-featured-img":"","footer-sml-layout":"","theme-transparent-header-meta":"","adv-header-id-meta":"","stick-header-meta":"","header-above-stick-meta":"","header-main-stick-meta":"","header-below-stick-meta":""},"pwb-brand":[416],"product_cat":[37],"product_tag":[],"class_list":{"0":"post-16920","1":"product","2":"type-product","3":"status-publish","5":"pwb-brand-herthbuss-jakoparts","6":"product_cat-muut-luokat","7":"desktop-align-left","8":"tablet-align-left","9":"mobile-align-left","11":"first","12":"instock","13":"product-type-external"},"brands":[{"id":416,"name":"HERTH+BUSS JAKOPARTS","slug":"herthbuss-jakoparts"}],"_links":{"self":[{"href":"https:\/\/www.autonvaraosahaku.fi\/index.php?rest_route=\/wp\/v2\/product\/16920","targetHints":{"allow":["GET"]}}],"collection":[{"href":"https:\/\/www.autonvaraosahaku.fi\/index.php?rest_route=\/wp\/v2\/product"}],"about":[{"href":"https:\/\/www.autonvaraosahaku.fi\/index.php?rest_route=\/wp\/v2\/types\/product"}],"wp:attachment":[{"href":"https:\/\/www.autonvaraosahaku.fi\/index.php?rest_route=%2Fwp%2Fv2%2Fmedia&parent=16920"}],"wp:term":[{"taxonomy":"pwb-brand","embeddable":true,"href":"https:\/\/www.autonvaraosahaku.fi\/index.php?rest_route=%2Fwp%2Fv2%2Fpwb-brand&post=16920"},{"taxonomy":"product_cat","embeddable":true,"href":"https:\/\/www.autonvaraosahaku.fi\/index.php?rest_route=%2Fwp%2Fv2%2Fproduct_cat&post=16920"},{"taxonomy":"product_tag","embeddable":true,"href":"https:\/\/www.autonvaraosahaku.fi\/index.php?rest_route=%2Fwp%2Fv2%2Fproduct_tag&post=16920"}],"curies":[{"name":"wp","href":"https:\/\/api.w.org\/{rel}","templated":true}]}}