{"id":16933,"date":"2021-02-21T14:28:49","date_gmt":"2021-02-21T14:28:49","guid":{"rendered":"https:\/\/www.autonvaraosahaku.fi\/?product=trw-gdb2086-jarrupalat"},"modified":"2021-02-21T14:28:51","modified_gmt":"2021-02-21T14:28:51","slug":"trw-gdb2086-jarrupalat","status":"publish","type":"product","link":"https:\/\/www.autonvaraosahaku.fi\/?product=trw-gdb2086-jarrupalat","title":{"rendered":"TRW GDB2086 Jarrupalat"},"content":{"rendered":"<p>Valmistaja rajaus: ATE; Pituus (mm): 123,1; Korkeus (mm): 52,0; Paksuus [mm]: 16,6; Kulumisenilmaisimen liitos: Ei kulumisenilmaisimelle; Jarrupala\/-hihna: viisto reuna; Jarrut: ei hiili-keraamisille jarrulevyille, vain ter\u00e4sjarrulevyjen yhteydess\u00e4; Tarkistuskilpi: E9 90R-02A0120\/4281, E9 90R-02A0120\/4281; M\u00e4\u00e4r\u00e4yksikk\u00f6: Akselisarja; Tuotelinja: COTEC; Asennuspuoli: Hinterachse; MAZDA: 5 CR19,3 BK,3 BL,5 CW,3 Stufenheck BK,3 Stufenheck BL; VOLVO: V50 MW,C30,S40 II MS,C70 II Cabriolet,V40 Schr\u00e4gheck; SAAB: 9-3 YS3F,9-3 Kombi YS3F,9-3 Cabriolet YS3F,9-3X; OPEL: VECTRA C Caravan,VECTRA C,VECTRA C GTS,GT Cabriolet; JAGUAR: S-TYPE CCX,XF _J05_, CC9,XJ X350, X358,XF SPORTBRAKE CC9,XK Coupe QQ6_, _J43_,XK Cabriolet _J43_,XJ X35_, _J12_, _J24_; FORD: FOCUS II Kombi DA_,FOCUS II DA_,FOCUS III Turnier,FOCUS C-MAX,C-MAX DM2,FOCUS III,C-MAX II,KUGA II DM2,GRAND C-MAX,TRANSIT CONNECT P65_, P70_, P80_,FOCUS II Stufenheck DA_,FOCUS II Cabriolet,TOURNEO CONNECT,FOCUS III Stufenheck,TOURNEO CONNECT \/ GRAND TOURNEO CONNECT Kombi,TRANSIT CONNECT Kasten,GRAND C-MAX Van,C-MAX II Van,TRANSIT CONNECT Kombi,KUGA II Van,FOCUS III Kasten\/Schr\u00e4gheck; RENAULT: LAGUNA III Grandtour KT0\/1,LAGUNA III BT0\/1,LAGUNA Coupe DT0\/1; VAUXHALL: VECTRA Mk II C CC,VECTRA Mk II C Estate,VECTRA Mk II C,SIGNUM; 13322091, 1605065, 13322091, 1605065, C2C27271, 1233679, 1324300, 1360254, 1360304, 1360306, 1566096, 1683374, 1753860, 1805813, 2T1J2M008AA, 3M512M008AA, 3M512M008AB, 3M512M008AC, 3M5J2M008A1A, 3M5J2M008AA, AV612M008AA, AV612M008AB, BV612M007BA, ME3M5J2M008AA, 5W932200AA, 5W932200AB, C2C27271, C2P17595, BPYK2648Z, BPYK2648ZA, BPYK2648ZA9C, BPYK2648ZB, C2Y32648ZA, 13322091, 1605065, 440600002R, 440601689R, 8671016711, 12799240, 13322091, 1605065, 13322091, 1605065, 30736610, 30742031, 31341327, 31341331; Jarrupalasarja,Jarrupala, Levyjarru<\/p>\n","protected":false},"excerpt":{"rendered":"<p>TRW Jarrupalat GDB2086 Jarrupalasarja,Jarrupala, Levyjarru MAZDA,VOLVO,SAAB,5 CR19,3 BK,3 BL,5 CW,3 Stufenheck BK,3 Stufenheck BL,V50 MW,C30,S40 II MS<\/p>\n","protected":false},"featured_media":0,"template":"","meta":{"site-sidebar-layout":"default","site-content-layout":"default","ast-global-header-display":"","ast-main-header-display":"","ast-hfb-above-header-display":"","ast-hfb-below-header-display":"","ast-hfb-mobile-header-display":"","site-post-title":"","ast-breadcrumbs-content":"","ast-featured-img":"","footer-sml-layout":"","theme-transparent-header-meta":"","adv-header-id-meta":"","stick-header-meta":"","header-above-stick-meta":"","header-main-stick-meta":"","header-below-stick-meta":""},"pwb-brand":[332],"product_cat":[100],"product_tag":[],"class_list":{"0":"post-16933","1":"product","2":"type-product","3":"status-publish","5":"pwb-brand-trw","6":"product_cat-jarrupalat","7":"desktop-align-left","8":"tablet-align-left","9":"mobile-align-left","11":"first","12":"instock","13":"product-type-external"},"brands":[{"id":332,"name":"TRW","slug":"trw"}],"_links":{"self":[{"href":"https:\/\/www.autonvaraosahaku.fi\/index.php?rest_route=\/wp\/v2\/product\/16933","targetHints":{"allow":["GET"]}}],"collection":[{"href":"https:\/\/www.autonvaraosahaku.fi\/index.php?rest_route=\/wp\/v2\/product"}],"about":[{"href":"https:\/\/www.autonvaraosahaku.fi\/index.php?rest_route=\/wp\/v2\/types\/product"}],"wp:attachment":[{"href":"https:\/\/www.autonvaraosahaku.fi\/index.php?rest_route=%2Fwp%2Fv2%2Fmedia&parent=16933"}],"wp:term":[{"taxonomy":"pwb-brand","embeddable":true,"href":"https:\/\/www.autonvaraosahaku.fi\/index.php?rest_route=%2Fwp%2Fv2%2Fpwb-brand&post=16933"},{"taxonomy":"product_cat","embeddable":true,"href":"https:\/\/www.autonvaraosahaku.fi\/index.php?rest_route=%2Fwp%2Fv2%2Fproduct_cat&post=16933"},{"taxonomy":"product_tag","embeddable":true,"href":"https:\/\/www.autonvaraosahaku.fi\/index.php?rest_route=%2Fwp%2Fv2%2Fproduct_tag&post=16933"}],"curies":[{"name":"wp","href":"https:\/\/api.w.org\/{rel}","templated":true}]}}