{"id":16941,"date":"2021-02-21T14:28:53","date_gmt":"2021-02-21T14:28:53","guid":{"rendered":"https:\/\/www.autonvaraosahaku.fi\/?product=ferodo-fdb4765-jarrupalat"},"modified":"2021-02-21T14:28:53","modified_gmt":"2021-02-21T14:28:53","slug":"ferodo-fdb4765-jarrupalat","status":"publish","type":"product","link":"https:\/\/www.autonvaraosahaku.fi\/?product=ferodo-fdb4765-jarrupalat","title":{"rendered":"FERODO FDB4765 Jarrupalat"},"content":{"rendered":"<p>Paksuus [mm]: 17; Tarkistuskilpi: R90 homologated; Pituus (mm): 155,2; Paino [kg]: 1,90; Korkeus 1 (mm): 70,4; Kulumisenilmaisimen liitos: Kulumisenilmaisemelle; Jarruj\u00e4rjestelm\u00e4: ATE; Jarrulevyl\u00e4pimitalle [mm]: 304; WVA-numero: 25833, 25834; Pakkauspituus [cm]: 20,7; Pakkausleveys [cm]: 12,2; Pakkauskorkeus [mm]: 7,9; M\u00e4\u00e4r\u00e4tty kiertosuunta: ; M\u00e4\u00e4r\u00e4yksikk\u00f6: Akselisarja; lis\u00e4tieto: PREMIER ECO FRICTION; Asennuspuoli: Vorderachse; OPEL: GRANDLAND X A18; CITRO\u00cbN: C4 Grand Picasso II,C4 Picasso II,SPACETOURER; PEUGEOT: 308 II,308 SW II,3008 SUV,5008 II; DS: DS7 Crossback; VAUXHALL: GRANDLAND X A18; 1609898580, 1612412380, 1619791180, 1623162380, 1636925480, 1623162380, 95525370, 1609898580, 1612412380, 1619791180, 1623162380, 1636925480, 9552370, 95525370; Jarrupalasarja,Jarrupala, Levyjarru<\/p>\n","protected":false},"excerpt":{"rendered":"<p>FERODO Jarrupalat FDB4765 Jarrupalasarja,Jarrupala, Levyjarru OPEL,CITRO\u00cbN,PEUGEOT,GRANDLAND X A18,C4 Grand Picasso II,C4 Picasso II,SPACETOURER<\/p>\n","protected":false},"featured_media":0,"template":"","meta":{"site-sidebar-layout":"default","site-content-layout":"default","ast-global-header-display":"","ast-main-header-display":"","ast-hfb-above-header-display":"","ast-hfb-below-header-display":"","ast-hfb-mobile-header-display":"","site-post-title":"","ast-breadcrumbs-content":"","ast-featured-img":"","footer-sml-layout":"","theme-transparent-header-meta":"","adv-header-id-meta":"","stick-header-meta":"","header-above-stick-meta":"","header-main-stick-meta":"","header-below-stick-meta":""},"pwb-brand":[298],"product_cat":[100],"product_tag":[],"class_list":{"0":"post-16941","1":"product","2":"type-product","3":"status-publish","5":"pwb-brand-ferodo","6":"product_cat-jarrupalat","7":"desktop-align-left","8":"tablet-align-left","9":"mobile-align-left","11":"first","12":"instock","13":"product-type-external"},"brands":[{"id":298,"name":"FERODO","slug":"ferodo"}],"_links":{"self":[{"href":"https:\/\/www.autonvaraosahaku.fi\/index.php?rest_route=\/wp\/v2\/product\/16941","targetHints":{"allow":["GET"]}}],"collection":[{"href":"https:\/\/www.autonvaraosahaku.fi\/index.php?rest_route=\/wp\/v2\/product"}],"about":[{"href":"https:\/\/www.autonvaraosahaku.fi\/index.php?rest_route=\/wp\/v2\/types\/product"}],"wp:attachment":[{"href":"https:\/\/www.autonvaraosahaku.fi\/index.php?rest_route=%2Fwp%2Fv2%2Fmedia&parent=16941"}],"wp:term":[{"taxonomy":"pwb-brand","embeddable":true,"href":"https:\/\/www.autonvaraosahaku.fi\/index.php?rest_route=%2Fwp%2Fv2%2Fpwb-brand&post=16941"},{"taxonomy":"product_cat","embeddable":true,"href":"https:\/\/www.autonvaraosahaku.fi\/index.php?rest_route=%2Fwp%2Fv2%2Fproduct_cat&post=16941"},{"taxonomy":"product_tag","embeddable":true,"href":"https:\/\/www.autonvaraosahaku.fi\/index.php?rest_route=%2Fwp%2Fv2%2Fproduct_tag&post=16941"}],"curies":[{"name":"wp","href":"https:\/\/api.w.org\/{rel}","templated":true}]}}