{"id":16943,"date":"2021-02-21T14:28:53","date_gmt":"2021-02-21T14:28:53","guid":{"rendered":"https:\/\/www.autonvaraosahaku.fi\/?product=ferodo-fdb4179w-jarrupalat"},"modified":"2021-02-21T14:28:53","modified_gmt":"2021-02-21T14:28:53","slug":"ferodo-fdb4179w-jarrupalat","status":"publish","type":"product","link":"https:\/\/www.autonvaraosahaku.fi\/?product=ferodo-fdb4179w-jarrupalat","title":{"rendered":"FERODO FDB4179W Jarrupalat"},"content":{"rendered":"<p>Paksuus [mm]: 17,1; Tarkistuskilpi: R90 Homologated; Pituus (mm): 125,7; Leveys (mm): 52; Paino [kg]: 1,389; Korkeus 1 (mm): 52; Kulumisenilmaisimen liitos: Ei kulumisenilmaisimelle; Jarruj\u00e4rjestelm\u00e4: TRW; Korvaava tuote\/korvaava tiedote 2: Jarrusatulan ruuveilla; Paksuus 1 [mm]: 17,5; Paksuus 2 [mm]: 17,1; WVA-numero: 24283; Pakkauspituus [cm]: 17; Pakkausleveys [cm]: 10; Pakkauskorkeus [mm]: 6,5; M\u00e4\u00e4r\u00e4yksikk\u00f6: Akselisarja; lis\u00e4tieto: PREMIER; Asennuspuoli: Vorderachse; FORD: FIESTA VI,FIESTA Stufenheck JA8 JR8,FIESTA VI Van; 1550219, 1676630, 1719275, 1749322, 1788734, 1848518, 1855307, 2017679, 8V512K021AA, 8V512K021AB, 8V512K021BA, 8V512K021BB, 8V512K021CA, G1B52001AA, ME8V5J2K021AA, ME8V5J2K021AB, DFY13328ZA9C; Jarrupalasarja,Jarrupala, Levyjarru<\/p>\n","protected":false},"excerpt":{"rendered":"<p>FERODO Jarrupalat FDB4179W Jarrupalasarja,Jarrupala, Levyjarru FORD,FIESTA VI,FIESTA Stufenheck JA8 JR8,FIESTA VI Van<\/p>\n","protected":false},"featured_media":0,"template":"","meta":{"site-sidebar-layout":"default","site-content-layout":"default","ast-global-header-display":"","ast-main-header-display":"","ast-hfb-above-header-display":"","ast-hfb-below-header-display":"","ast-hfb-mobile-header-display":"","site-post-title":"","ast-breadcrumbs-content":"","ast-featured-img":"","footer-sml-layout":"","theme-transparent-header-meta":"","adv-header-id-meta":"","stick-header-meta":"","header-above-stick-meta":"","header-main-stick-meta":"","header-below-stick-meta":""},"pwb-brand":[298],"product_cat":[100],"product_tag":[],"class_list":{"0":"post-16943","1":"product","2":"type-product","3":"status-publish","5":"pwb-brand-ferodo","6":"product_cat-jarrupalat","7":"desktop-align-left","8":"tablet-align-left","9":"mobile-align-left","11":"first","12":"instock","13":"product-type-external"},"brands":[{"id":298,"name":"FERODO","slug":"ferodo"}],"_links":{"self":[{"href":"https:\/\/www.autonvaraosahaku.fi\/index.php?rest_route=\/wp\/v2\/product\/16943","targetHints":{"allow":["GET"]}}],"collection":[{"href":"https:\/\/www.autonvaraosahaku.fi\/index.php?rest_route=\/wp\/v2\/product"}],"about":[{"href":"https:\/\/www.autonvaraosahaku.fi\/index.php?rest_route=\/wp\/v2\/types\/product"}],"wp:attachment":[{"href":"https:\/\/www.autonvaraosahaku.fi\/index.php?rest_route=%2Fwp%2Fv2%2Fmedia&parent=16943"}],"wp:term":[{"taxonomy":"pwb-brand","embeddable":true,"href":"https:\/\/www.autonvaraosahaku.fi\/index.php?rest_route=%2Fwp%2Fv2%2Fpwb-brand&post=16943"},{"taxonomy":"product_cat","embeddable":true,"href":"https:\/\/www.autonvaraosahaku.fi\/index.php?rest_route=%2Fwp%2Fv2%2Fproduct_cat&post=16943"},{"taxonomy":"product_tag","embeddable":true,"href":"https:\/\/www.autonvaraosahaku.fi\/index.php?rest_route=%2Fwp%2Fv2%2Fproduct_tag&post=16943"}],"curies":[{"name":"wp","href":"https:\/\/api.w.org\/{rel}","templated":true}]}}