{"id":16947,"date":"2021-02-21T14:28:53","date_gmt":"2021-02-21T14:28:53","guid":{"rendered":"https:\/\/www.autonvaraosahaku.fi\/?product=ferodo-fdb1594w-jarrupalat"},"modified":"2021-02-21T14:28:54","modified_gmt":"2021-02-21T14:28:54","slug":"ferodo-fdb1594w-jarrupalat","status":"publish","type":"product","link":"https:\/\/www.autonvaraosahaku.fi\/?product=ferodo-fdb1594w-jarrupalat","title":{"rendered":"FERODO FDB1594W Jarrupalat"},"content":{"rendered":"<p>Paksuus [mm]: 17,5; Tarkistuskilpi: R90 Homologated; Pituus (mm): 156; Leveys (mm): 62, 67; Paino [kg]: 2,25; Korkeus 1 (mm): 67; Korkeus 2 (mm): 62; Kulumisenilmaisimen liitos: Ei kulumisenilmaisimelle; Jarruj\u00e4rjestelm\u00e4: ATE; Pituus 1 (mm): 155; Korvaava tuote\/korvaava tiedote 2: M\u00e4nn\u00e4n lukoilla; WVA-numero: 23723; Pakkauspituus [cm]: 20,8; Pakkausleveys [cm]: 12,4; Pakkauskorkeus [mm]: 8; M\u00e4\u00e4r\u00e4yksikk\u00f6: Akselisarja; lis\u00e4tieto: PREMIER; Asennuspuoli: Vorderachse; MAZDA: 5 CR19,3 BK,3 BL,5 CW,3 Stufenheck BK,3 Stufenheck BL; VOLVO: V50 MW,C30,S40 II MS,C70 II Cabriolet,V40 Schr\u00e4gheck; FORD: FOCUS II Kombi DA_,FOCUS II DA_,FOCUS C-MAX,KUGA I,C-MAX DM2,FOCUS II Stufenheck DA_,FOCUS II Cabriolet; 1223682, 1321517, 1360305, 1508074, 1519528, 1566093, 1695810, 1712024, 1753844, 1765766, 1809256, 1816524, 1820037, 1826241, 2188058, 2253406, 2253408, 2271968, 2390587, 3M512K021AA, 3M512K021AB, 3M5J2K021A1A, 8V412K021AA, 8V412K021AB, AV612K021BA, AV612K021BB, BV612001B3A, BV612001C3B, BV612001CB, CN152K021AA, GN152K021AC, KTKV6C2K021AA, KTKV6C2K021AB, KTKV6C2K021AC, ME3M5J2K021AA, MEAV6J2K021AA, MEAV6J2K021BA, B4YB3323Z, BPYK3323Z, BPYK3323ZA, BPYK3323ZA9C, BPYK3323ZB9C, BPYK3323ZC, BPYK3323ZC9C, C2Y33323ZA, 30683554, 30715023, 30742030, 30742031, 30793618, 31341301; Jarrupalasarja,Jarrupala, Levyjarru<\/p>\n","protected":false},"excerpt":{"rendered":"<p>FERODO Jarrupalat FDB1594W Jarrupalasarja,Jarrupala, Levyjarru MAZDA,VOLVO,FORD,5 CR19,3 BK,3 BL,5 CW,3 Stufenheck BK,3 Stufenheck BL,V50 MW,C30<\/p>\n","protected":false},"featured_media":0,"template":"","meta":{"site-sidebar-layout":"default","site-content-layout":"default","ast-global-header-display":"","ast-main-header-display":"","ast-hfb-above-header-display":"","ast-hfb-below-header-display":"","ast-hfb-mobile-header-display":"","site-post-title":"","ast-breadcrumbs-content":"","ast-featured-img":"","footer-sml-layout":"","theme-transparent-header-meta":"","adv-header-id-meta":"","stick-header-meta":"","header-above-stick-meta":"","header-main-stick-meta":"","header-below-stick-meta":""},"pwb-brand":[298],"product_cat":[100],"product_tag":[],"class_list":{"0":"post-16947","1":"product","2":"type-product","3":"status-publish","5":"pwb-brand-ferodo","6":"product_cat-jarrupalat","7":"desktop-align-left","8":"tablet-align-left","9":"mobile-align-left","11":"first","12":"instock","13":"product-type-external"},"brands":[{"id":298,"name":"FERODO","slug":"ferodo"}],"_links":{"self":[{"href":"https:\/\/www.autonvaraosahaku.fi\/index.php?rest_route=\/wp\/v2\/product\/16947","targetHints":{"allow":["GET"]}}],"collection":[{"href":"https:\/\/www.autonvaraosahaku.fi\/index.php?rest_route=\/wp\/v2\/product"}],"about":[{"href":"https:\/\/www.autonvaraosahaku.fi\/index.php?rest_route=\/wp\/v2\/types\/product"}],"wp:attachment":[{"href":"https:\/\/www.autonvaraosahaku.fi\/index.php?rest_route=%2Fwp%2Fv2%2Fmedia&parent=16947"}],"wp:term":[{"taxonomy":"pwb-brand","embeddable":true,"href":"https:\/\/www.autonvaraosahaku.fi\/index.php?rest_route=%2Fwp%2Fv2%2Fpwb-brand&post=16947"},{"taxonomy":"product_cat","embeddable":true,"href":"https:\/\/www.autonvaraosahaku.fi\/index.php?rest_route=%2Fwp%2Fv2%2Fproduct_cat&post=16947"},{"taxonomy":"product_tag","embeddable":true,"href":"https:\/\/www.autonvaraosahaku.fi\/index.php?rest_route=%2Fwp%2Fv2%2Fproduct_tag&post=16947"}],"curies":[{"name":"wp","href":"https:\/\/api.w.org\/{rel}","templated":true}]}}