{"id":16948,"date":"2021-02-21T14:28:53","date_gmt":"2021-02-21T14:28:53","guid":{"rendered":"https:\/\/www.autonvaraosahaku.fi\/?product=purflux-fcs797-polttoainesuodatin"},"modified":"2021-02-21T14:28:54","modified_gmt":"2021-02-21T14:28:54","slug":"purflux-fcs797-polttoainesuodatin","status":"publish","type":"product","link":"https:\/\/www.autonvaraosahaku.fi\/?product=purflux-fcs797-polttoainesuodatin","title":{"rendered":"PURFLUX FCS797 Polttoainesuodatin"},"content":{"rendered":"<p>Ulkol\u00e4pimitta [mm]: 86; Sis\u00e4l\u00e4pimitta [mm]: 8; Korkeus (mm): 124; Suodatintyyppi: mit Wasserablassschraube; INFINITI: Q30,QX30; MERCEDES-BENZ: C-CLASS W204,C-CLASS T-Model S204,E-CLASS W212,VIANO W639,B-CLASS W246, W242,M-CLASS W164,E-CLASS T-Model S212,GLK-CLASS X204,A-CLASS W176,SPRINTER 3,5-t Kasten 906,S-CLASS W221,R-CLASS W251, V251,M-CLASS W166,G-CLASS W463,E-CLASS Coupe C207,CLA Coupe C117,C-CLASS Coupe C204,SPRINTER 3,5-t Bus 906,SPRINTER 3-t Kasten 906,E-CLASS Cabriolet A207,GL-CLASS X164,G-CLASS W461,CLS C218,SPRINTER 3,5-t Pritsche\/Fahrgestell 906,CLS Shooting Brake X218,S-CLASS W222, V222, X222,SPRINTER CLASSIC 3,5-t Kasten 909,SPRINTER 5-t Kasten 906,SPRINTER 5-t Pritsche\/Fahrgestell 906,GL-CLASS X166,G-CLASS Cabrio W463,SPRINTER 3-t Pritsche\/Fahrgestell 906,SPRINTER 4,6-t Pritsche\/Fahrgestell 906,SPRINTER CLASSIC 4,6-t Bus 909,SPRINTER 4,6-t Kasten 906,GLA-CLASS X156,E-CLASS W213,CLA Shooting Brake X117,GLC X253,E-CLASS T-Model S213,GLE W166,GLC Coupe C253,GLE Coupe C292,GLS X166,E-CLASS Coupe C238,E-CLASS Cabriolet A238,X-CLASS 470,E-CLASS All-Terrain S213; 6070901252, 6070901352, 6420903152, 6420904852, 6420904952, 6420905352, 6420906052, 6420906352, 6510903152, 6510905352, 6510906052, A6070901252, A6070901352, A6420903152, A6420904852, A6420904952, A6420905352, A6420906052, A6420906352, A6420906452, A6420906552, A6510903152, A6510905352, A6510906052, 16401HG00A<\/p>\n","protected":false},"excerpt":{"rendered":"<p>PURFLUX Polttoainesuodatin FCS797  INFINITI,MERCEDES-BENZ,Q30,QX30,C-CLASS W204,C-CLASS T-Model S204,E-CLASS W212,VIANO W639,B-CLASS W246, W242<\/p>\n","protected":false},"featured_media":0,"template":"","meta":{"site-sidebar-layout":"default","site-content-layout":"default","ast-global-header-display":"","ast-main-header-display":"","ast-hfb-above-header-display":"","ast-hfb-below-header-display":"","ast-hfb-mobile-header-display":"","site-post-title":"","ast-breadcrumbs-content":"","ast-featured-img":"","footer-sml-layout":"","theme-transparent-header-meta":"","adv-header-id-meta":"","stick-header-meta":"","header-above-stick-meta":"","header-main-stick-meta":"","header-below-stick-meta":""},"pwb-brand":[303],"product_cat":[29],"product_tag":[],"class_list":{"0":"post-16948","1":"product","2":"type-product","3":"status-publish","5":"pwb-brand-purflux","6":"product_cat-polttoainesuodatin","7":"desktop-align-left","8":"tablet-align-left","9":"mobile-align-left","11":"first","12":"instock","13":"product-type-external"},"brands":[{"id":303,"name":"PURFLUX","slug":"purflux"}],"_links":{"self":[{"href":"https:\/\/www.autonvaraosahaku.fi\/index.php?rest_route=\/wp\/v2\/product\/16948","targetHints":{"allow":["GET"]}}],"collection":[{"href":"https:\/\/www.autonvaraosahaku.fi\/index.php?rest_route=\/wp\/v2\/product"}],"about":[{"href":"https:\/\/www.autonvaraosahaku.fi\/index.php?rest_route=\/wp\/v2\/types\/product"}],"wp:attachment":[{"href":"https:\/\/www.autonvaraosahaku.fi\/index.php?rest_route=%2Fwp%2Fv2%2Fmedia&parent=16948"}],"wp:term":[{"taxonomy":"pwb-brand","embeddable":true,"href":"https:\/\/www.autonvaraosahaku.fi\/index.php?rest_route=%2Fwp%2Fv2%2Fpwb-brand&post=16948"},{"taxonomy":"product_cat","embeddable":true,"href":"https:\/\/www.autonvaraosahaku.fi\/index.php?rest_route=%2Fwp%2Fv2%2Fproduct_cat&post=16948"},{"taxonomy":"product_tag","embeddable":true,"href":"https:\/\/www.autonvaraosahaku.fi\/index.php?rest_route=%2Fwp%2Fv2%2Fproduct_tag&post=16948"}],"curies":[{"name":"wp","href":"https:\/\/api.w.org\/{rel}","templated":true}]}}