{"id":16971,"date":"2021-02-21T14:28:56","date_gmt":"2021-02-21T14:28:56","guid":{"rendered":"https:\/\/www.autonvaraosahaku.fi\/?product=autofren-seinsa-d4003-jarrusatula-korjaussarja"},"modified":"2021-02-21T14:28:58","modified_gmt":"2021-02-21T14:28:58","slug":"autofren-seinsa-d4003-jarrusatula-korjaussarja","status":"publish","type":"product","link":"https:\/\/www.autonvaraosahaku.fi\/?product=autofren-seinsa-d4003-jarrusatula-korjaussarja","title":{"rendered":"AUTOFREN SEINSA D4003 Jarrusatula korjaussarja"},"content":{"rendered":"<p>Asennuspuoli: Etuakseli; L\u00e4pimitta [mm]: 48; Jarruj\u00e4rjestelm\u00e4: BENDIX-BOSCH; OE-numerolle: 7901444838; Jarrusatulatyyppi: Bremssattel(2-Kolben); SEAT: MARBELLA 28,IBIZA I 021A,TERRA Kasten 024A,MARBELLA Kasten 028A,124,MALAGA 023A,TERRA 24,131,124 Kombi,128,132,RONDA 022A,PANDA 141A,FURA 025A,RITMO 138; LANCIA: BETA Spider 828BS,BETA Coupe 828BC,BETA MONTE CARLO 137AS, 137BS,Y10 156,A 112,BETA  H.P.E. 828BF,BETA 828_B_,TREVI 828DB; FORD: FIESTA IV JA_, JB_,FIESTA III GFJ,FIESTA I GFBT,FIESTA II FBD,FIESTA Kasten WFVT; DACIA: 1310 Stufenheck U, X; FIAT: PANDA 141A_,124 Spider,126,UNO 146A\/E,X 1\/9 128 AS,127,128 Coupe,128,PANDA Van 141_,125,131,124 Coupe,RITMO I 138A,124,132,500 Kombi,FIORINO 147,REGATA 138,124 Familiare,RITMO Cabriolet,127 Panorama,128 Familiare,FIORINO 127,131 Familiare\/Panorama,147,FIORINO Pick up 147,REGATA Weekend 138,147 Panorama; ALFA ROMEO: 33 907A,33 905,ALFASUD Sprint 902.A,33 Sportwagon 905A,ARNA 920; PEUGEOT: 104,305 II 581M,304 _04M_,104 Coupe,305 II Break 581E,305 I 581A,304 Break _04D_,305 I Break 581D; RENAULT: 5 122_,12,16 115_,18 134_,17,18 Variable 135_,12 Variable 117_,15 130_,14 121_,12 Kasten; AUTOBIANCHI: Y10; ZASTAVA: 101 1100,YUGO,YUGO FLORIDA; 7901444838, 1572589, 1595762, 5023217, 5023218, 77FB2B107AA, 77FB2L231DD, 77FB2L231DE, 77FB2L231DF, 444838, 7701001697, 7701201092, 3899449, NE16500100, SE131165101A, 13575100, 55018W, 9404448388; Korjaussarja, Jarrusatula<\/p>\n","protected":false},"excerpt":{"rendered":"<p>AUTOFREN SEINSA Jarrusatula Korjaussarja D4003 Korjaussarja, Jarrusatula SEAT,LANCIA,FORD,MARBELLA 28,IBIZA I 021A,TERRA Kasten 024A<\/p>\n","protected":false},"featured_media":0,"template":"","meta":{"site-sidebar-layout":"default","site-content-layout":"default","ast-global-header-display":"","ast-main-header-display":"","ast-hfb-above-header-display":"","ast-hfb-below-header-display":"","ast-hfb-mobile-header-display":"","site-post-title":"","ast-breadcrumbs-content":"","ast-featured-img":"","footer-sml-layout":"","theme-transparent-header-meta":"","adv-header-id-meta":"","stick-header-meta":"","header-above-stick-meta":"","header-main-stick-meta":"","header-below-stick-meta":""},"pwb-brand":[243],"product_cat":[57],"product_tag":[],"class_list":{"0":"post-16971","1":"product","2":"type-product","3":"status-publish","5":"pwb-brand-autofren-seinsa","6":"product_cat-jarrusatula-korjaussarja","7":"desktop-align-left","8":"tablet-align-left","9":"mobile-align-left","11":"first","12":"instock","13":"product-type-external"},"brands":[{"id":243,"name":"AUTOFREN SEINSA","slug":"autofren-seinsa"}],"_links":{"self":[{"href":"https:\/\/www.autonvaraosahaku.fi\/index.php?rest_route=\/wp\/v2\/product\/16971","targetHints":{"allow":["GET"]}}],"collection":[{"href":"https:\/\/www.autonvaraosahaku.fi\/index.php?rest_route=\/wp\/v2\/product"}],"about":[{"href":"https:\/\/www.autonvaraosahaku.fi\/index.php?rest_route=\/wp\/v2\/types\/product"}],"wp:attachment":[{"href":"https:\/\/www.autonvaraosahaku.fi\/index.php?rest_route=%2Fwp%2Fv2%2Fmedia&parent=16971"}],"wp:term":[{"taxonomy":"pwb-brand","embeddable":true,"href":"https:\/\/www.autonvaraosahaku.fi\/index.php?rest_route=%2Fwp%2Fv2%2Fpwb-brand&post=16971"},{"taxonomy":"product_cat","embeddable":true,"href":"https:\/\/www.autonvaraosahaku.fi\/index.php?rest_route=%2Fwp%2Fv2%2Fproduct_cat&post=16971"},{"taxonomy":"product_tag","embeddable":true,"href":"https:\/\/www.autonvaraosahaku.fi\/index.php?rest_route=%2Fwp%2Fv2%2Fproduct_tag&post=16971"}],"curies":[{"name":"wp","href":"https:\/\/api.w.org\/{rel}","templated":true}]}}