{"id":16997,"date":"2021-02-21T14:29:00","date_gmt":"2021-02-21T14:29:00","guid":{"rendered":"https:\/\/www.autonvaraosahaku.fi\/?product=ackoja-a52-0502-oljynsuodatin"},"modified":"2021-02-21T14:29:03","modified_gmt":"2021-02-21T14:29:03","slug":"ackoja-a52-0502-oljynsuodatin","status":"publish","type":"product","link":"https:\/\/www.autonvaraosahaku.fi\/?product=ackoja-a52-0502-oljynsuodatin","title":{"rendered":"ACKOJA A52-0502 \u00d6ljynsuodatin"},"content":{"rendered":"<p>Korkeus (mm): 87; Kierremitta: M 20 X 1,5; Sis\u00e4l\u00e4pimitta [mm]: 58; Ulkol\u00e4pimitta [mm]: 80; Sis\u00e4l\u00e4pimitta 2 [mm]: 65; Avauspaine ohitusventtiili [bar]: 1; Pakkausleveys [cm]: 7,5; Pakkauskorkeus [mm]: 8,5, 8,5; Pakkaussyvyys [cm]: 8,5; Valmistusvuoteen: 05\/1990; OPEL: CAMPO TF_,MONTEREY A UBS_,MONTEREY B; HYUNDAI: ix35 LM, EL, ELH,i30 FD,GETZ TB,i20 PB, PBT,TUCSON JM,i30 CW FD,i40 CW VF,SANTA F\u00c9 I SM,SANTA F\u00c9 II CM,i30 GD,ix20 JC,MATRIX FC,TERRACAN HP,COUPE GK,TRAJET FO,SONATA V NF,GALLOPER II JK-01,SANTA F\u00c9 III DM,i30 Coupe,SONATA IV EF,GENESIS Coupe,ACCENT II LC,COUPE RD,VELOSTER FS,i40 VF,H-1 Kasten,ACCENT III MC,H-1 \/ STAREX,ELANTRA XD,ACCENT III Stufenheck MC,ELANTRA Stufenheck XD,ACCENT I X-3,ACCENT II Stufenheck LC,XG XG,LANTRA II Wagon J-2,LANTRA II J-2,SANTAMO,ACCENT Stufenheck X-3,SONATA III Y-3,GALLOPER I,PONY X-2,LANTRA I J-1,TUCSON,S COUPE SLC,ELANTRA Stufenheck MD, UD,H100 Bus P,ACCENT IV RB,H100 Kasten,SONATA VI YF,ELANTRA Stufenheck HD,PONY \/ EXCEL Stufenheck X-2,SONATA II Y-2,ACCENT IV Stufenheck RB,i30 PDE,IONIQ AE,i30 Kombi PDE,PONY,KONA OS,i30 FASTBACK PDE,PONY Stufenheck X-1,STELLAR F31_, SF2_,ELANTRA Stufenheck AD,CRETA,PONY Wagon; MAZDA: 5 CR19,3 BK,6 Station Wagon GY,6 Kombi GH,323 F VI BJ,PREMACY CP,CX-7 ER,6 Hatchback GG,6 GG,3 BL,6 Schr\u00e4gheck GH,626 V Hatchback GF,3 Stufenheck BK,6 GH,MPV II LW,626 V GF,626 V Station Wagon GW,323 P V BA,3 Stufenheck BL,626 IV Hatchback GE,FAMILIA VI BJ,323 C IV BG,FAMILIA IV BF,626 IV GE,FAMILIA V BG8,RX 7 II FC,323 III Hatchback BF,RX 7 I SA,626 III GD,FAMILIA IV BG,626 III Hatchback GD,626 III Coupe GD,E-SERIE Kasten SR2,626 III Station Wagon GV,626 II GC,626 II Hatchback GC,B-SERIE UF,323 III BF,323 III Station Wagon BW,323 II Hatchback BD,323 I FA,323 II BD,626 II Coupe GC,323 I Station Wagon FA; KIA: SORENTO I JC,SPORTAGE SL,CEE&#8217;D SW ED,CEE&#8217;D Schr\u00e4gheck ED,SPORTAGE JE_, KM_,VENGA YN,SORENTO II XM,CARENS II FJ,RIO III UB,RIO II JB,CEE&#8217;D JD,CARENS III UN,CARNIVAL II GQ,CARNIVAL \/ GRAND CARNIVAL III VQ,PRO CEE&#8217;D ED,CARENS IV,SOUL AM,CERATO LD,MAGENTIS GD,MAGENTIS MG,PRO CEE\u00b4D JD,OPIRUS GH,SPORTAGE K00,CERATO Stufenheck LD,RIO II Stufenheck JB,OPTIMA,JOICE,RETONA CE,RIO III Stufenheck UB,CERATO Stufenheck,SPORTAGE QL,CERATO II Stufenheck TD,BESTA Bus,SOUL II PS,NIRO,OPTIMA Sportswagon,CERATO YD Stufenheck,CERATO KOUP TD,STINGER CK,RIO IV Stufenheck SC, FB; HONDA: JAZZ Stufenheck; MITSUBISHI: COLT VI Z3_A, Z2_A,GRANDIS NA_W,OUTLANDER I CU_W,LANCER Kombi CS_W,LANCER SPORTBACK CX_A,COLT CZC Cabriolet RG,LANCER Stufenheck CY\/Z_A,PAJERO III V7_W, V6_W,GALANT VI Station Wagon EA_,GALANT VI EA_,PAJERO IV V8_W, V9_W,SPACE WAGON N9_W, N8_W,L 200 K7_T, K6_T,L 200 KB_T, KA_T,PAJERO II V3_W, V2_W, V4_W,LANCER Stufenheck CS_A, CT0,L 300 Bus P0_W, P1_W, P2_W,PAJERO SPORT K90,SPACE RUNNER N6_W,PAJERO I L04_G, L14_G,SPACE RUNNER N1_W, N2_W,L 400 \/ SPACE GEAR Bus PD_W, PC_W, PA_V, PB_V,COLT III C5_A,GALLOPER JK-01,LANCER VI CJ-CP_,3000 GT Z16A,L 300 Pritsche\/Fahrgestell L03_P,L 300 Kasten L03_P,SIGMA F2_A, F1_A,GALANT IV E3_A,LANCER V CB\/D_A,GALANT IV Stufenheck E3_A,PAJERO SPORT VAN K90,LANCER IV C6_A, C7_A,PAJERO III Gel\u00e4ndewagen offen V6_W, V7_W,L 300 Kasten P0_W, P1_W,L 300 Bus LO3_P\/G, L0_2P,PAJERO I Canvas Top L04_G,L 200 K3_T, K2_T, K1_T, K0_T,SIGMA Station Wagon F0_W,STARION A18_A,PAJERO II Canvas Top V2_W, V4_W,COLT II C1_A,LANCER III Station Wagon C1_V, C3_V,; SUZUKI: VITARA ET, TA,VITARA Cabrio ET, TA; SMART: FORFOUR 454; SUBARU: LEGACY IV Station Wagon BL, BP, B13_,OUTBACK BL, BP,OUTBACK BE, BH,OUTBACK BM, BR,TRIBECA B9,JUSTY I KAD,REX II; GREAT WALL: STEED 5 Pick-up,HOVER H5; 04154PR3E00, 15400PCX003, 15400PCX004, 15400PCX305, 0RF0323802B, 2630021000, 2630021010, 2630021A00, 2630035004, 2630035014, 2630035054, 2630035056, 2630035500, 2630035500AT, 2630035501, 2630035502, 2630035503, 2630035504, 2630035530, 2630035531, 2630035A00, 263003E010, S2630035503, 0RF0323802A, 0RF0323802B, 2630021010, 2630021A00, 2630035004, 2630035014, 2630035054, 2630035056, 2630035500, 2630035501, 2630035502, 2630035503, 2630035504, 2630035530, 2630035531, 2630035A00, K71023820, S2630035503, 032414300, 8FG1238029A, AM15143029A, B6Y014300, N23123802, N32623802, N3Y614302, RF0123802, RF01238029A, RF01238029B, RF0123802A, RF0123802A9A, RF2A14302, RF2A14302A, RF7914302, RFY214302, RFY2143029A, RFY514302, RFY614302, Y70114302, Y70114302A, MD097003, MD136790, MD352626, MD356000, MZ690150, 15208AA030, 15208AA031, 15208AA130, 15208KA040, 380872100, 420335400, 420335410, 420335500, 90915YZZS2, SU00300311<\/p>\n","protected":false},"excerpt":{"rendered":"<p>ACKOJA \u00d6ljynsuodatin Original Ersatzteil A52-0502  OPEL,HYUNDAI,MAZDA,CAMPO TF_,MONTEREY A UBS_,MONTEREY B,ix35 LM, EL, ELH,i30 FD,GETZ TB,i20 PB, PBT<\/p>\n","protected":false},"featured_media":0,"template":"","meta":{"site-sidebar-layout":"default","site-content-layout":"default","ast-global-header-display":"","ast-main-header-display":"","ast-hfb-above-header-display":"","ast-hfb-below-header-display":"","ast-hfb-mobile-header-display":"","site-post-title":"","ast-breadcrumbs-content":"","ast-featured-img":"","footer-sml-layout":"","theme-transparent-header-meta":"","adv-header-id-meta":"","stick-header-meta":"","header-above-stick-meta":"","header-main-stick-meta":"","header-below-stick-meta":""},"pwb-brand":[386],"product_cat":[30],"product_tag":[],"class_list":{"0":"post-16997","1":"product","2":"type-product","3":"status-publish","5":"pwb-brand-ackoja","6":"product_cat-oljynsuodatin","7":"desktop-align-left","8":"tablet-align-left","9":"mobile-align-left","11":"first","12":"instock","13":"product-type-external"},"brands":[{"id":386,"name":"ACKOJA","slug":"ackoja"}],"_links":{"self":[{"href":"https:\/\/www.autonvaraosahaku.fi\/index.php?rest_route=\/wp\/v2\/product\/16997","targetHints":{"allow":["GET"]}}],"collection":[{"href":"https:\/\/www.autonvaraosahaku.fi\/index.php?rest_route=\/wp\/v2\/product"}],"about":[{"href":"https:\/\/www.autonvaraosahaku.fi\/index.php?rest_route=\/wp\/v2\/types\/product"}],"wp:attachment":[{"href":"https:\/\/www.autonvaraosahaku.fi\/index.php?rest_route=%2Fwp%2Fv2%2Fmedia&parent=16997"}],"wp:term":[{"taxonomy":"pwb-brand","embeddable":true,"href":"https:\/\/www.autonvaraosahaku.fi\/index.php?rest_route=%2Fwp%2Fv2%2Fpwb-brand&post=16997"},{"taxonomy":"product_cat","embeddable":true,"href":"https:\/\/www.autonvaraosahaku.fi\/index.php?rest_route=%2Fwp%2Fv2%2Fproduct_cat&post=16997"},{"taxonomy":"product_tag","embeddable":true,"href":"https:\/\/www.autonvaraosahaku.fi\/index.php?rest_route=%2Fwp%2Fv2%2Fproduct_tag&post=16997"}],"curies":[{"name":"wp","href":"https:\/\/api.w.org\/{rel}","templated":true}]}}