{"id":16998,"date":"2021-02-21T14:29:00","date_gmt":"2021-02-21T14:29:00","guid":{"rendered":"https:\/\/www.autonvaraosahaku.fi\/?product=denckermann-a210506-oljynsuodatin"},"modified":"2021-02-21T14:29:03","modified_gmt":"2021-02-21T14:29:03","slug":"denckermann-a210506-oljynsuodatin","status":"publish","type":"product","link":"https:\/\/www.autonvaraosahaku.fi\/?product=denckermann-a210506-oljynsuodatin","title":{"rendered":"DENCKERMANN A210506 \u00d6ljynsuodatin"},"content":{"rendered":"<p>Ulkol\u00e4pimitta 1 [mm]: 66; Sis\u00e4l\u00e4pimitta 1 [mm]: 34; Sis\u00e4l\u00e4pimitta 2 [mm]: 19; Korkeus (mm): 105; Varusteet: f\u00fcr Fahrzeuge ohne Start-Stopp-Funktion; FORD: KA RU8; FIAT: GRANDE PUNTO 199,PANDA 169,500 312,BRAVO II 198,PUNTO EVO 199,500 C 312,CROMA 194,DOBLO Kasten\/Kombi 263,PANDA Van 169,PUNTO 199,IDEA,PANDA 312,SEDICI,QUBO 225,500L,DOBLO Gro\u00dfraumlimousine 152, 263,FIORINO Kasten\/Kombi 225,LINEA 323,PUNTO Van 199,DOBLO Pritsche\/Fahrgestell 263,STRADA Pick-up 578_,TIPO Schr\u00e4gheck 356_,PANDA VAN 312,TIPO Kombi 356_,TIPO Stufenheck 356_,GRANDE PUNTO Van 199_; PEUGEOT: BIPPER AA_,BIPPER Tepee; CITRO\u00cbN: NEMO Kasten AA_,NEMO Kombi; SUZUKI: SWIFT IV FZ, NZ,SX4 EY, GY; ALFA ROMEO: 159 Sportwagon 939,GIULIETTA 940,MITO 955,159 939,BRERA,SPIDER 939; LANCIA: DELTA III 844,MUSA 350,YPSILON 312, 846; PIAGGIO: PORTER Kipper,PORTER Pritsche\/Fahrgestell,PORTER Kasten,PORTER Bus; 1109CJ, 55206816, 55207208, 55214974, 71751114, 71751127, 71751128, 71770689, 71777722, 71777723, 1724214, 2995655, 650231, 860134, 1651068L10, 1651068L10000, 1651079J60, 1651079J60000, 16510M68L10, 16510M68L10000<\/p>\n","protected":false},"excerpt":{"rendered":"<p>DENCKERMANN \u00d6ljynsuodatin A210506  FORD,FIAT,PEUGEOT,KA RU8,GRANDE PUNTO 199,PANDA 169,500 312,BRAVO II 198,PUNTO EVO 199,500 C 312,CROMA 194<\/p>\n","protected":false},"featured_media":0,"template":"","meta":{"site-sidebar-layout":"default","site-content-layout":"default","ast-global-header-display":"","ast-main-header-display":"","ast-hfb-above-header-display":"","ast-hfb-below-header-display":"","ast-hfb-mobile-header-display":"","site-post-title":"","ast-breadcrumbs-content":"","ast-featured-img":"","footer-sml-layout":"","theme-transparent-header-meta":"","adv-header-id-meta":"","stick-header-meta":"","header-above-stick-meta":"","header-main-stick-meta":"","header-below-stick-meta":""},"pwb-brand":[291],"product_cat":[30],"product_tag":[],"class_list":{"0":"post-16998","1":"product","2":"type-product","3":"status-publish","5":"pwb-brand-denckermann","6":"product_cat-oljynsuodatin","7":"desktop-align-left","8":"tablet-align-left","9":"mobile-align-left","11":"first","12":"instock","13":"product-type-external"},"brands":[{"id":291,"name":"DENCKERMANN","slug":"denckermann"}],"_links":{"self":[{"href":"https:\/\/www.autonvaraosahaku.fi\/index.php?rest_route=\/wp\/v2\/product\/16998","targetHints":{"allow":["GET"]}}],"collection":[{"href":"https:\/\/www.autonvaraosahaku.fi\/index.php?rest_route=\/wp\/v2\/product"}],"about":[{"href":"https:\/\/www.autonvaraosahaku.fi\/index.php?rest_route=\/wp\/v2\/types\/product"}],"wp:attachment":[{"href":"https:\/\/www.autonvaraosahaku.fi\/index.php?rest_route=%2Fwp%2Fv2%2Fmedia&parent=16998"}],"wp:term":[{"taxonomy":"pwb-brand","embeddable":true,"href":"https:\/\/www.autonvaraosahaku.fi\/index.php?rest_route=%2Fwp%2Fv2%2Fpwb-brand&post=16998"},{"taxonomy":"product_cat","embeddable":true,"href":"https:\/\/www.autonvaraosahaku.fi\/index.php?rest_route=%2Fwp%2Fv2%2Fproduct_cat&post=16998"},{"taxonomy":"product_tag","embeddable":true,"href":"https:\/\/www.autonvaraosahaku.fi\/index.php?rest_route=%2Fwp%2Fv2%2Fproduct_tag&post=16998"}],"curies":[{"name":"wp","href":"https:\/\/api.w.org\/{rel}","templated":true}]}}