{"id":17007,"date":"2021-02-21T14:29:04","date_gmt":"2021-02-21T14:29:04","guid":{"rendered":"https:\/\/www.autonvaraosahaku.fi\/?product=hella-9xw-358-053-261-pyyhkijansulat"},"modified":"2021-02-21T14:29:06","modified_gmt":"2021-02-21T14:29:06","slug":"hella-9xw-358-053-261-pyyhkijansulat","status":"publish","type":"product","link":"https:\/\/www.autonvaraosahaku.fi\/?product=hella-9xw-358-053-261-pyyhkijansulat","title":{"rendered":"HELLA 9XW 358 053-261 Pyyhkij\u00e4nsulat"},"content":{"rendered":"<p>Asennuspuoli: Edess\u00e4, fahrerseitig; Pituus (mm): 650; Pituus (tuumaa): 26; Vasen \/ oikea liikenne: Ohjaus vasemmalla; M\u00e4\u00e4r\u00e4: 1; Tuotelinja: Cleantech; Pyyhkij\u00e4nsulkatyyppi: Rungottomat; VW: GOLF VII 5G1, BE1,TOUAREG 7LA, 7L6, 7L7,GOLF VII Kombi BA5,TOUAREG 7P5,CRAFTER 30-50 Kasten 2E_,CRAFTER 30-35 Bus 2E_,CRAFTER 30-50 Pritsche\/Fahrgestell 2F_,PASSAT Variant 3G5,TIGUAN AD1,PASSAT 3G2,POLO AW1, BZ1,PASSAT ALLTRACK 3G5,CRAFTER Kasten SY_,ARTEON 3H7,TIGUAN ALLSPACE BW2,GOLF ALLTRACK BA5,CRAFTER Bus SY_,CRAFTER Pritsche\/Fahrgestell SZ_; AUDI: A6 Avant 4G5, C7, 4GD,Q7 4L,A3 Sportback 8VA,A6 4G2, C7, 4GC,A7 Sportback 4GA, 4GF,A3 Limousine 8VS,A3 8V1,A6 Allroad 4GH, 4GJ,A3 Cabriolet 8V7; MERCEDES-BENZ: E-CLASS W211,A-CLASS W169,A-CLASS W168,B-CLASS W245,E-CLASS T-Model S211,VIANO W639,B-CLASS W246, W242,VITO Bus W639,VITO \/ MIXTO Kasten W639,SPRINTER 3,5-t Kasten 906,VANEO 414,SPRINTER 3,5-t Bus 906,SPRINTER 3-t Kasten 906,SPRINTER 3,5-t Pritsche\/Fahrgestell 906,SPRINTER 3-t Bus 906,S-CLASS W222, V222, X222,SPRINTER 5-t Kasten 906,SPRINTER 5-t Pritsche\/Fahrgestell 906,SPRINTER 3-t Pritsche\/Fahrgestell 906,SPRINTER 4,6-t Pritsche\/Fahrgestell 906,SPRINTER 4,6-t Kasten 906,SPRINTER 4,6-t Bus,SPRINTER 5-t Bus; BMW: X3 F25,6 Gran Coupe F06,6 Coupe F13,2 Active Tourer F45,2 Gran Tourer F46,X1 F48,X4 F26,5 G30,7 G11, G12,5 Touring G31; OPEL: CORSA D,MOKKA,ADAM,CORSA D Van,MOVANO B Kasten,MOVANO B Bus,AMPERA,CORSA E,MOVANO B Pritsche\/Fahrgestell,VIVARO Combi,VIVARO Kasten,CROSSLAND X,CORSA E Van,AMPERA-E F17,VIVARO Pritsche\/Fahrgestell; FORD: FOCUS II Kombi DA_,FIESTA VI,MONDEO IV Turnier BA7,FOCUS II DA_,FOCUS C-MAX,C-MAX DM2,TRANSIT MK-7 Kasten,MONDEO IV BA7,TRANSIT MK-7 Bus,TRANSIT Kasten FA_ _,FOCUS II Stufenheck DA_,TRANSIT Bus FD_ _, FB_ _, FS_ _, FZ_ _, FC_ _,B-MAX JK,FOCUS II Cabriolet,TRANSIT MK-7 Pritsche\/Fahrgestell,TRANSIT Pritsche\/Fahrgestell FM_ _, FN_ _,MONDEO IV Stufenheck BA7,TRANSIT TOURNEO FB,FIESTA VI Van,FIESTA VII,TRANSIT Custom Pritsche\/Fahrgestell,B-MAX Van; RENAULT: TWINGO I C06_,SC\u00c9NIC II JM0\/1_,MODUS \/ GRAND MODUS F\/JP0_,LAGUNA III Grandtour KT0\/1,CLIO IV,GRAND SC\u00c9NIC II JM0\/1_,CAPTUR,LAGUNA III BT0\/1,MASTER III Kasten FV,TWINGO I Kasten S06_,CLIO Grandtour IV,LAGUNA Coupe DT0\/1,MASTER III Bus JV,MASTER III Pritsche\/Fahrgestell EV, HV, UV,TRAFIC III Kasten,TRAFIC III Bus,KADJAR,CLIO IV Kasten,KOLEOS II,TRAFIC III Pritsche\/Fahrgestell EG_; FIAT: GRANDE PUNTO 199,DUCATO Kasten 250,DUCATO Pritsche\/Fahrgestell 250,PUNTO EVO 199,DUCATO Bus 250,SCUDO 270_,PUNTO 199,ULYSSE 179AX,SEDICI,QUBO 225,500L,SCUDO Kasten 270_,ULYSSE 220,SCUDO Kasten 220L,FIORINO Kasten\/Kombi 225,SCUDO Combinato 220P,LINEA 323,PUNTO Van 199,SCUDO Pritsche\/Fahrgestell 270_,500X,TIPO Schr\u00e4gheck 356_,TIPO Kombi 356_,TIPO Stufenheck 356_,GRANDE PUNTO Van 199_,TALENTO Kasten 296_,PUNTO EVO Van 199_,TALENTO Bus 296_,SCUDO Pritsche\/Fahrgestell 220_,TALENTO Pritsche\/Fahrgestell 296_; SKODA: SUPERB Kombi 3V5,SUPERB 3V3,KAROQ NU7; PEUGEOT: 206 Schr\u00e4gheck 2A\/C,206 CC 2D,207 WA_, WC_,307 SW 3H,207 CC WD_,307 CC 3B,307 3A\/C,207 SW WK_,107,308 SW,206 SW 2E\/K,208,807 E,206+ T3E,308 4A_, 4C_,BOXER Kasten,307 Break 3E,508 SW,PARTNER Tepee,RCZ,308 CC,2008,406 Coupe 8C,806 221,508,EXPERT Tepee VF3V_,EXPERT Kasten VF3A_, VF3U_, VF3X_,PARTNER Kasten,BOXER Bus,207 Stufenheck,EXPERT Kasten 222,206 Stufenheck,BOXER Pritsche\/Fahrgestell,BIPPER AA_,BIPPER Tepee,206 Van,EXPERT 224,EXPERT Pritsche\/Fahrgestell 223,207 Van,EXPERT Pritsche\/Fahrgestell,PARTNER Pritsche\/Fahrgestell,108,208 Kasten; Tuulilasinpyyhkimet,Pyyhkij\u00e4t,Pyyhkij\u00e4nsulka<\/p>\n","protected":false},"excerpt":{"rendered":"<p>HELLA Pyyhkij\u00e4nsulat 9XW 358 053-261 Tuulilasinpyyhkimet,Pyyhkij\u00e4t VW,AUDI,MERCEDES-BENZ,GOLF VII 5G1, BE1,TOUAREG 7LA, 7L6, 7L7,GOLF VII Kombi BA5<\/p>\n","protected":false},"featured_media":0,"template":"","meta":{"site-sidebar-layout":"default","site-content-layout":"default","ast-global-header-display":"","ast-main-header-display":"","ast-hfb-above-header-display":"","ast-hfb-below-header-display":"","ast-hfb-mobile-header-display":"","site-post-title":"","ast-breadcrumbs-content":"","ast-featured-img":"","footer-sml-layout":"","theme-transparent-header-meta":"","adv-header-id-meta":"","stick-header-meta":"","header-above-stick-meta":"","header-main-stick-meta":"","header-below-stick-meta":""},"pwb-brand":[24],"product_cat":[33],"product_tag":[],"class_list":{"0":"post-17007","1":"product","2":"type-product","3":"status-publish","5":"pwb-brand-hella","6":"product_cat-pyyhkijansulat","7":"desktop-align-left","8":"tablet-align-left","9":"mobile-align-left","11":"first","12":"instock","13":"product-type-external"},"brands":[{"id":24,"name":"HELLA","slug":"hella"}],"_links":{"self":[{"href":"https:\/\/www.autonvaraosahaku.fi\/index.php?rest_route=\/wp\/v2\/product\/17007","targetHints":{"allow":["GET"]}}],"collection":[{"href":"https:\/\/www.autonvaraosahaku.fi\/index.php?rest_route=\/wp\/v2\/product"}],"about":[{"href":"https:\/\/www.autonvaraosahaku.fi\/index.php?rest_route=\/wp\/v2\/types\/product"}],"wp:attachment":[{"href":"https:\/\/www.autonvaraosahaku.fi\/index.php?rest_route=%2Fwp%2Fv2%2Fmedia&parent=17007"}],"wp:term":[{"taxonomy":"pwb-brand","embeddable":true,"href":"https:\/\/www.autonvaraosahaku.fi\/index.php?rest_route=%2Fwp%2Fv2%2Fpwb-brand&post=17007"},{"taxonomy":"product_cat","embeddable":true,"href":"https:\/\/www.autonvaraosahaku.fi\/index.php?rest_route=%2Fwp%2Fv2%2Fproduct_cat&post=17007"},{"taxonomy":"product_tag","embeddable":true,"href":"https:\/\/www.autonvaraosahaku.fi\/index.php?rest_route=%2Fwp%2Fv2%2Fproduct_tag&post=17007"}],"curies":[{"name":"wp","href":"https:\/\/api.w.org\/{rel}","templated":true}]}}