{"id":17009,"date":"2021-02-21T14:29:04","date_gmt":"2021-02-21T14:29:04","guid":{"rendered":"https:\/\/www.autonvaraosahaku.fi\/?product=hella-9xw-358-053-231-pyyhkijansulat"},"modified":"2021-02-21T14:29:06","modified_gmt":"2021-02-21T14:29:06","slug":"hella-9xw-358-053-231-pyyhkijansulat","status":"publish","type":"product","link":"https:\/\/www.autonvaraosahaku.fi\/?product=hella-9xw-358-053-231-pyyhkijansulat","title":{"rendered":"HELLA 9XW 358 053-231 Pyyhkij\u00e4nsulat"},"content":{"rendered":"<p>Asennuspuoli: Edess\u00e4, fahrerseitig; Pituus (mm): 580; Pituus (tuumaa): 23; Vasen \/ oikea liikenne: Ohjaus vasemmalla; M\u00e4\u00e4r\u00e4: 1; Tuotelinja: Cleantech; Pyyhkij\u00e4nsulkatyyppi: Rungottomat; MERCEDES-BENZ: A-CLASS W169,B-CLASS W245,VANEO 414,CITAN Kasten 415,CITAN Kombi 415,CITAN Mixto 415; BMW: 3 E46,5 E60,5 Touring E61,3 Touring E46,3 Compact E46,3 Coupe E46,3 Cabriolet E46,6 E63,6 Cabriolet E64; OPEL: MERIVA,ZAFIRA A F75_,MERIVA B,SINTRA; FIAT: PANDA 169,PUNTO 176,PANDA Van 169,IDEA,STRADA Pick-up 178E,PUNTO Cabriolet 176C,PALIO Weekend 178DX,STRADA Pick-up 578_,PUNTO Van 176L,PALIO 178BX,SIENA 178_; NISSAN: JUKE F15; MAZDA: MPV II LW; HONDA: CIVIC VIII Stufenheck FD, FA; SMART: FORTWO Coupe 451,FORTWO Cabrio 451; CHEVROLET: SPARK M300; ALFA ROMEO: 159 Sportwagon 939,GIULIETTA 940,159 939,BRERA,SPIDER 939; Tuulilasinpyyhkimet,Pyyhkij\u00e4t,Pyyhkij\u00e4nsulka<\/p>\n","protected":false},"excerpt":{"rendered":"<p>HELLA Pyyhkij\u00e4nsulat 9XW 358 053-231 Tuulilasinpyyhkimet,Pyyhkij\u00e4t MERCEDES-BENZ,BMW,OPEL,A-CLASS W169,B-CLASS W245,VANEO 414,CITAN Kasten 415<\/p>\n","protected":false},"featured_media":0,"template":"","meta":{"site-sidebar-layout":"default","site-content-layout":"default","ast-global-header-display":"","ast-main-header-display":"","ast-hfb-above-header-display":"","ast-hfb-below-header-display":"","ast-hfb-mobile-header-display":"","site-post-title":"","ast-breadcrumbs-content":"","ast-featured-img":"","footer-sml-layout":"","theme-transparent-header-meta":"","adv-header-id-meta":"","stick-header-meta":"","header-above-stick-meta":"","header-main-stick-meta":"","header-below-stick-meta":""},"pwb-brand":[24],"product_cat":[33],"product_tag":[],"class_list":{"0":"post-17009","1":"product","2":"type-product","3":"status-publish","5":"pwb-brand-hella","6":"product_cat-pyyhkijansulat","7":"desktop-align-left","8":"tablet-align-left","9":"mobile-align-left","11":"first","12":"instock","13":"product-type-external"},"brands":[{"id":24,"name":"HELLA","slug":"hella"}],"_links":{"self":[{"href":"https:\/\/www.autonvaraosahaku.fi\/index.php?rest_route=\/wp\/v2\/product\/17009","targetHints":{"allow":["GET"]}}],"collection":[{"href":"https:\/\/www.autonvaraosahaku.fi\/index.php?rest_route=\/wp\/v2\/product"}],"about":[{"href":"https:\/\/www.autonvaraosahaku.fi\/index.php?rest_route=\/wp\/v2\/types\/product"}],"wp:attachment":[{"href":"https:\/\/www.autonvaraosahaku.fi\/index.php?rest_route=%2Fwp%2Fv2%2Fmedia&parent=17009"}],"wp:term":[{"taxonomy":"pwb-brand","embeddable":true,"href":"https:\/\/www.autonvaraosahaku.fi\/index.php?rest_route=%2Fwp%2Fv2%2Fpwb-brand&post=17009"},{"taxonomy":"product_cat","embeddable":true,"href":"https:\/\/www.autonvaraosahaku.fi\/index.php?rest_route=%2Fwp%2Fv2%2Fproduct_cat&post=17009"},{"taxonomy":"product_tag","embeddable":true,"href":"https:\/\/www.autonvaraosahaku.fi\/index.php?rest_route=%2Fwp%2Fv2%2Fproduct_tag&post=17009"}],"curies":[{"name":"wp","href":"https:\/\/api.w.org\/{rel}","templated":true}]}}