{"id":17015,"date":"2021-02-21T14:29:04","date_gmt":"2021-02-21T14:29:04","guid":{"rendered":"https:\/\/www.autonvaraosahaku.fi\/?product=hella-9xw-358-053-171-pyyhkijansulat"},"modified":"2021-02-21T14:29:07","modified_gmt":"2021-02-21T14:29:07","slug":"hella-9xw-358-053-171-pyyhkijansulat","status":"publish","type":"product","link":"https:\/\/www.autonvaraosahaku.fi\/?product=hella-9xw-358-053-171-pyyhkijansulat","title":{"rendered":"HELLA 9XW 358 053-171 Pyyhkij\u00e4nsulat"},"content":{"rendered":"<p>Asennuspuoli: Edess\u00e4, beifahrerseitig; Pituus (mm): 425; Pituus (tuumaa): 17; Vasen \/ oikea liikenne: Ohjaus vasemmalla; M\u00e4\u00e4r\u00e4: 1; Tuotelinja: Cleantech; Pyyhkij\u00e4nsulkatyyppi: Rungottomat; BMW: 6 Gran Coupe F06,6 Coupe F13; FORD: FOCUS II Kombi DA_,FOCUS II Stufenheck DA_,FOCUS II Cabriolet; PEUGEOT: 207 WA_, WC_,207 CC WD_,207 Stufenheck; TOYOTA: LAND CRUISER PZJ7_, KZJ7_, HZJ7_, BJ7_, LJ7_, RJ7_,HILUX VI Pick-up _N1_,HILUX V Pick-up LN_, KZN1_, VZN1_,LAND CRUISER Pick-up _J7_,4 RUNNER KZN18_, VZN18_, RZN18_,LAND CRUISER Hardtop _J7_,HILUX IV Pick-up _N5_, _N6_,HILUX II Pritsche\/Fahrgestell LN6_, LN5_, YN6_, YN5_, VZN1_,HILUX Gel\u00e4ndewagen geschlossen RZN1_, LN1_,DYNA 150 Pritsche\/Fahrgestell LY_,HILUX Gel\u00e4ndewagen geschlossen ZN13_, LN9_, RN1_, YN8_, LN8,DYNA 100 Pritsche\/Fahrgestell LY1_, YY1_,DYNA 200 Pritsche\/Fahrgestell; NISSAN: CHERRY II Hatchback N10,CHERRY II Traveller VN10; SUZUKI: VITARA ET, TA,VITARA Cabrio ET, TA,VITARA ET,VITARA Cabrio ET,CARRY Kasten SK410,CARRY Pick-up,ALTO CM11, CL11, CP11, CN11, CP21, CN21, CM21, CL21, CS22,,CARRY Kasten; ALFA ROMEO: ALFETTA GT 116,ALFASUD Sprint 902.A,ALFETTA 116,MONTREAL; LEXUS: LS UCF30; HUMMER: HUMMER H1; BERTONE: FREECLIMBER 2; Tuulilasinpyyhkimet,Pyyhkij\u00e4t,Pyyhkij\u00e4nsulka<\/p>\n","protected":false},"excerpt":{"rendered":"<p>HELLA Pyyhkij\u00e4nsulat 9XW 358 053-171 Tuulilasinpyyhkimet,Pyyhkij\u00e4t BMW,FORD,PEUGEOT,6 Gran Coupe F06,6 Coupe F13,FOCUS II Kombi DA_<\/p>\n","protected":false},"featured_media":0,"template":"","meta":{"site-sidebar-layout":"default","site-content-layout":"default","ast-global-header-display":"","ast-main-header-display":"","ast-hfb-above-header-display":"","ast-hfb-below-header-display":"","ast-hfb-mobile-header-display":"","site-post-title":"","ast-breadcrumbs-content":"","ast-featured-img":"","footer-sml-layout":"","theme-transparent-header-meta":"","adv-header-id-meta":"","stick-header-meta":"","header-above-stick-meta":"","header-main-stick-meta":"","header-below-stick-meta":""},"pwb-brand":[24],"product_cat":[33],"product_tag":[],"class_list":{"0":"post-17015","1":"product","2":"type-product","3":"status-publish","5":"pwb-brand-hella","6":"product_cat-pyyhkijansulat","7":"desktop-align-left","8":"tablet-align-left","9":"mobile-align-left","11":"first","12":"instock","13":"product-type-external"},"brands":[{"id":24,"name":"HELLA","slug":"hella"}],"_links":{"self":[{"href":"https:\/\/www.autonvaraosahaku.fi\/index.php?rest_route=\/wp\/v2\/product\/17015","targetHints":{"allow":["GET"]}}],"collection":[{"href":"https:\/\/www.autonvaraosahaku.fi\/index.php?rest_route=\/wp\/v2\/product"}],"about":[{"href":"https:\/\/www.autonvaraosahaku.fi\/index.php?rest_route=\/wp\/v2\/types\/product"}],"wp:attachment":[{"href":"https:\/\/www.autonvaraosahaku.fi\/index.php?rest_route=%2Fwp%2Fv2%2Fmedia&parent=17015"}],"wp:term":[{"taxonomy":"pwb-brand","embeddable":true,"href":"https:\/\/www.autonvaraosahaku.fi\/index.php?rest_route=%2Fwp%2Fv2%2Fpwb-brand&post=17015"},{"taxonomy":"product_cat","embeddable":true,"href":"https:\/\/www.autonvaraosahaku.fi\/index.php?rest_route=%2Fwp%2Fv2%2Fproduct_cat&post=17015"},{"taxonomy":"product_tag","embeddable":true,"href":"https:\/\/www.autonvaraosahaku.fi\/index.php?rest_route=%2Fwp%2Fv2%2Fproduct_tag&post=17015"}],"curies":[{"name":"wp","href":"https:\/\/api.w.org\/{rel}","templated":true}]}}